{"id":3680,"date":"2022-09-22T09:08:45","date_gmt":"2022-09-22T09:08:45","guid":{"rendered":"https:\/\/www.vadaszboltcsorna.hu\/?post_type=product&#038;p=3680"},"modified":"2022-09-22T09:10:14","modified_gmt":"2022-09-22T09:10:14","slug":"walther-p22-gazpisztoly-9-mm-nikkel","status":"publish","type":"product","link":"https:\/\/www.vadaszboltcsorna.hu\/index.php\/termek\/walther-p22-gazpisztoly-9-mm-nikkel\/","title":{"rendered":"Walther P22 g\u00e1zpisztoly, 9 mm, nikkel"},"content":{"rendered":"<h2><strong>Walther P22 g\u00e1zpisztoly, 9 mm, nikkel<\/strong><\/h2>\n<h3><strong>Le\u00edr\u00e1s: <\/strong>Walther P22 g\u00e1zpisztoly, 9 mm, nikkel<\/h3>\n<h3><strong>Ez a term\u00e9k 18 \u00e9v felett szabadon megv\u00e1s\u00e1rolhat\u00f3, de csak szem\u00e9lyesen vehet\u0151 \u00e1t \u00fczlet\u00fcnkben. H\u00e1zhoz sz\u00e1ll\u00edt\u00e1s\u00e1t sajnos nem tudjuk megoldani.<\/strong><\/h3>\n<h3>Kiv\u00e1l\u00f3 min\u0151s\u00e9g\u0171, csek\u00e9ly t\u00f6meg\u0171, \u00f6nt\u00f6lt\u0151 rendszer\u0171 marokt\u00e1ras g\u00e1z-, riaszt\u00f3pisztoly.<\/h3>\n<h3>Kaliber: 9 mm P.A.K.<br \/>\nT\u00e1rkapacit\u00e1s: 7 db<br \/>\nHossza: 154 mm<br \/>\nSz\u00e9less\u00e9ge: 25 mm<br \/>\nMagass\u00e1g: 120 mm<br \/>\nS\u00falya: 440 g<br \/>\nS\u00fct\u00e9si m\u00f3d: SA\/DA<br \/>\nSpi\u00e1ter \u00e9s m\u0171anyag tok, ac\u00e9l kakasbet\u00e9t<br \/>\nSz\u00edne: fekete-nikkel<br \/>\nGy\u00e1rt\u00f3: Umarex, N\u00e9metorsz\u00e1g<\/h3>\n<h3>Biztos\u00edt\u00f3ja \u00e9s t\u00e1rkiold\u00f3ja mindk\u00e9t oldalr\u00f3l kezelhet\u0151, \u00edgy jobb-, \u00e9s balkezesek is biztons\u00e1gosan haszn\u00e1lhatj\u00e1k.<\/h3>\n<h3>Az MKH k\u00e1rtya k\u00f6lts\u00e9g\u00e9t az \u00e1r tartalmazza<br \/>\nA fegyverre visel\u00e9si enged\u00e9ly k\u00e9rhet\u0151 .<\/h3>\n<h3>A felt\u00fcntetett \u00e1rak t\u00e1j\u00e9koztat\u00f3 jelleg\u0171ek, aktu\u00e1lis \u00e1rainkr\u00f3l k\u00e9rj\u00fck \u00e9rdekl\u0151dj\u00f6n!<br \/>\nAz \u00e1rv\u00e1ltoztat\u00e1s jog\u00e1t fenntartjuk!<\/h3>\n","protected":false},"excerpt":{"rendered":"<p>Walther P22 g\u00e1zpisztoly, 9 mm, nikkel Le\u00edr\u00e1s: Walther P22 g\u00e1zpisztoly, 9 mm, nikkel Ez a term\u00e9k 18 \u00e9v felett szabadon megv\u00e1s\u00e1rolhat\u00f3, de csak szem\u00e9lyesen vehet\u0151 \u00e1t \u00fczlet\u00fcnkben. H\u00e1zhoz sz\u00e1ll\u00edt\u00e1s\u00e1t sajnos nem tudjuk megoldani. Kiv\u00e1l\u00f3 min\u0151s\u00e9g\u0171, csek\u00e9ly t\u00f6meg\u0171, \u00f6nt\u00f6lt\u0151 rendszer\u0171 marokt\u00e1ras g\u00e1z-, riaszt\u00f3pisztoly. Kaliber: 9 mm P.A.K. T\u00e1rkapacit\u00e1s: 7 db Hossza: 154 mm Sz\u00e9less\u00e9ge: 25 mm [&hellip;]<\/p>\n","protected":false},"featured_media":3682,"comment_status":"open","ping_status":"closed","template":"","meta":{"_et_pb_use_builder":"","_et_pb_old_content":"","_et_gb_content_width":"","om_disable_all_campaigns":false},"product_brand":[],"product_cat":[21,566,568],"product_tag":[361,570,934,933],"class_list":{"0":"post-3680","1":"product","2":"type-product","3":"status-publish","4":"has-post-thumbnail","6":"product_cat-uj","7":"product_cat-engedelymentes-fegyverek","8":"product_cat-szekrenytaras","9":"product_tag-9-mm","10":"product_tag-engedelymentes-fegyverek","11":"product_tag-nikkel","12":"product_tag-walther-p22-gazpisztoly","14":"first","15":"instock","16":"taxable","17":"shipping-taxable","18":"product-type-simple"},"_links":{"self":[{"href":"https:\/\/www.vadaszboltcsorna.hu\/index.php\/wp-json\/wp\/v2\/product\/3680","targetHints":{"allow":["GET"]}}],"collection":[{"href":"https:\/\/www.vadaszboltcsorna.hu\/index.php\/wp-json\/wp\/v2\/product"}],"about":[{"href":"https:\/\/www.vadaszboltcsorna.hu\/index.php\/wp-json\/wp\/v2\/types\/product"}],"replies":[{"embeddable":true,"href":"https:\/\/www.vadaszboltcsorna.hu\/index.php\/wp-json\/wp\/v2\/comments?post=3680"}],"wp:featuredmedia":[{"embeddable":true,"href":"https:\/\/www.vadaszboltcsorna.hu\/index.php\/wp-json\/wp\/v2\/media\/3682"}],"wp:attachment":[{"href":"https:\/\/www.vadaszboltcsorna.hu\/index.php\/wp-json\/wp\/v2\/media?parent=3680"}],"wp:term":[{"taxonomy":"product_brand","embeddable":true,"href":"https:\/\/www.vadaszboltcsorna.hu\/index.php\/wp-json\/wp\/v2\/product_brand?post=3680"},{"taxonomy":"product_cat","embeddable":true,"href":"https:\/\/www.vadaszboltcsorna.hu\/index.php\/wp-json\/wp\/v2\/product_cat?post=3680"},{"taxonomy":"product_tag","embeddable":true,"href":"https:\/\/www.vadaszboltcsorna.hu\/index.php\/wp-json\/wp\/v2\/product_tag?post=3680"}],"curies":[{"name":"wp","href":"https:\/\/api.w.org\/{rel}","templated":true}]}}