{"id":3673,"date":"2022-09-22T08:57:19","date_gmt":"2022-09-22T08:57:19","guid":{"rendered":"https:\/\/www.vadaszboltcsorna.hu\/?post_type=product&#038;p=3673"},"modified":"2024-11-08T02:26:31","modified_gmt":"2024-11-08T02:26:31","slug":"sw-chief-special-gazpisztoly-9mm-rk","status":"publish","type":"product","link":"https:\/\/www.vadaszboltcsorna.hu\/index.php\/termek\/sw-chief-special-gazpisztoly-9mm-rk\/","title":{"rendered":"S&#038;W Chief Special g\u00e1zpisztoly 9mm RK"},"content":{"rendered":"<h2><strong>S&amp;W Chief Special g\u00e1zpisztoly 9mm RK<\/strong><\/h2>\n<h3><strong>Le\u00edr\u00e1s: <\/strong>S&amp;W Chief Special g\u00e1zpisztoly 9mm RK<\/h3>\n<h3><strong>Felh\u00edvn\u00e1nk figyelm\u00e9t, hogy a term\u00e9kn\u00e9l interneten csak v\u00e1s\u00e1rl\u00e1si sz\u00e1nd\u00e9k\u00e1t jelezheti, v\u00e1s\u00e1rl\u00e1sa csak szem\u00e9lyes \u00e1tv\u00e9tellel lehets\u00e9ges!<\/strong><\/h3>\n<h3>Term\u00e9k le\u00edr\u00e1s<br \/>\nT\u00e1rkapacit\u00e1s :5<br \/>\nHossz : 155 mm<br \/>\nCs\u0151hossz : 47 mm<br \/>\nS\u00faly : 480 g<br \/>\nS\u00fct\u00e9s : DA<br \/>\nMegb\u00edzhat\u00f3 m\u0171k\u00f6d\u00e9s\u0171, kis m\u00e9ret\u0171 g\u00e1zpisztoly . S\u00falya \u00e9s m\u00e9rete miatt visel\u00e9shez ide\u00e1lis v\u00e1laszt\u00e1s, k\u00f6nnyen rejthet\u0151 .<\/h3>\n<h3>Az aktu\u00e1lis \u00e1rainkr\u00f3l k\u00e9rj\u00fck \u00e9rdekl\u0151dj\u00f6n!<br \/>\nAz \u00e1rv\u00e1ltoztat\u00e1s jog\u00e1t fenntartjuk!<\/h3>\n<p>&nbsp;<\/p>\n","protected":false},"excerpt":{"rendered":"<p>S&amp;W Chief Special g\u00e1zpisztoly 9mm RK Le\u00edr\u00e1s: S&amp;W Chief Special g\u00e1zpisztoly 9mm RK Felh\u00edvn\u00e1nk figyelm\u00e9t, hogy a term\u00e9kn\u00e9l interneten csak v\u00e1s\u00e1rl\u00e1si sz\u00e1nd\u00e9k\u00e1t jelezheti, v\u00e1s\u00e1rl\u00e1sa csak szem\u00e9lyes \u00e1tv\u00e9tellel lehets\u00e9ges! Term\u00e9k le\u00edr\u00e1s T\u00e1rkapacit\u00e1s :5 Hossz : 155 mm Cs\u0151hossz : 47 mm S\u00faly : 480 g S\u00fct\u00e9s : DA Megb\u00edzhat\u00f3 m\u0171k\u00f6d\u00e9s\u0171, kis m\u00e9ret\u0171 g\u00e1zpisztoly . S\u00falya \u00e9s [&hellip;]<\/p>\n","protected":false},"featured_media":3674,"comment_status":"open","ping_status":"closed","template":"","meta":{"_et_pb_use_builder":"","_et_pb_old_content":"","_et_gb_content_width":"","om_disable_all_campaigns":false},"product_brand":[],"product_cat":[21,566,567],"product_tag":[570,931],"class_list":{"0":"post-3673","1":"product","2":"type-product","3":"status-publish","4":"has-post-thumbnail","6":"product_cat-uj","7":"product_cat-engedelymentes-fegyverek","8":"product_cat-forgotaras","9":"product_tag-engedelymentes-fegyverek","10":"product_tag-sw-chief-special-gazpisztoly-9mm-rk","12":"first","13":"instock","14":"taxable","15":"shipping-taxable","16":"product-type-simple"},"_links":{"self":[{"href":"https:\/\/www.vadaszboltcsorna.hu\/index.php\/wp-json\/wp\/v2\/product\/3673","targetHints":{"allow":["GET"]}}],"collection":[{"href":"https:\/\/www.vadaszboltcsorna.hu\/index.php\/wp-json\/wp\/v2\/product"}],"about":[{"href":"https:\/\/www.vadaszboltcsorna.hu\/index.php\/wp-json\/wp\/v2\/types\/product"}],"replies":[{"embeddable":true,"href":"https:\/\/www.vadaszboltcsorna.hu\/index.php\/wp-json\/wp\/v2\/comments?post=3673"}],"wp:featuredmedia":[{"embeddable":true,"href":"https:\/\/www.vadaszboltcsorna.hu\/index.php\/wp-json\/wp\/v2\/media\/3674"}],"wp:attachment":[{"href":"https:\/\/www.vadaszboltcsorna.hu\/index.php\/wp-json\/wp\/v2\/media?parent=3673"}],"wp:term":[{"taxonomy":"product_brand","embeddable":true,"href":"https:\/\/www.vadaszboltcsorna.hu\/index.php\/wp-json\/wp\/v2\/product_brand?post=3673"},{"taxonomy":"product_cat","embeddable":true,"href":"https:\/\/www.vadaszboltcsorna.hu\/index.php\/wp-json\/wp\/v2\/product_cat?post=3673"},{"taxonomy":"product_tag","embeddable":true,"href":"https:\/\/www.vadaszboltcsorna.hu\/index.php\/wp-json\/wp\/v2\/product_tag?post=3673"}],"curies":[{"name":"wp","href":"https:\/\/api.w.org\/{rel}","templated":true}]}}