{"id":3651,"date":"2022-09-07T11:17:24","date_gmt":"2022-09-07T11:17:24","guid":{"rendered":"https:\/\/www.vadaszboltcsorna.hu\/?post_type=product&#038;p=3651"},"modified":"2025-04-14T10:07:21","modified_gmt":"2025-04-14T10:07:21","slug":"pinewood-hunter-pro-xtreme-2-0-nadrag-5891","status":"publish","type":"product","link":"https:\/\/www.vadaszboltcsorna.hu\/index.php\/termek\/pinewood-hunter-pro-xtreme-2-0-nadrag-5891\/","title":{"rendered":"PINEWOOD\u00ae HUNTER PRO XTREME 2.0 NADR\u00c1G 5891"},"content":{"rendered":"<h2><strong>PINEWOOD\u00ae HUNTER PRO XTREME 2.0 NADR\u00c1G 5891<\/strong><\/h2>\n<p>&nbsp;<\/p>\n<h3>A Pinewood Hunter Pro Xtreme vad\u00e1sznadr\u00e1g az akt\u00edv vad\u00e1szok sz\u00e1m\u00e1ra, akik magas k\u00f6vetelm\u00e9nyeket t\u00e1masztanak a min\u0151s\u00e9ggel, a funkci\u00f3val \u00e9s a teljes\u00edtm\u00e9nnyel szemben. Ez a vad\u00e1sznadr\u00e1g sz\u00e9l- \u00e9s v\u00edz\u00e1ll\u00f3 membr\u00e1nnal \u00e9s ragasztott varr\u00e1ssal van felszerelve.<\/h3>\n<h3>A der\u00e9k h\u00e1ts\u00f3 r\u00e9sz\u00e9n tal\u00e1lhat\u00f3 egy k\u00e9tir\u00e1ny\u00fa sztreccspanel is, amely extra mobilit\u00e1st \u00e9s k\u00e9nyelmes illeszked\u00e9st biztos\u00edt mozg\u00e1s k\u00f6zben. Mindk\u00e9t oldalon szell\u0151z\u0151 cipz\u00e1r tal\u00e1lhat\u00f3 h\u00e1l\u00f3s b\u00e9l\u00e9ssel. Extra l\u00e9g\u00e1raml\u00e1s hozz\u00e1ad\u00e1sa nyitott \u00fczemm\u00f3dban a nedvess\u00e9g \u00e9s az izzads\u00e1g cs\u00f6kkent\u00e9se \u00e9rdek\u00e9ben magasabb aktivit\u00e1si szinten \u00e9s testh\u0151m\u00e9rs\u00e9kleten.<\/h3>\n<h3>T\u00f6bb t\u00e1gas zseb cipz\u00e1rral. L\u00e1bzsebek goly\u00f3tart\u00f3kkal. \u00c1ll\u00edthat\u00f3 als\u00f3 m\u0171anyag csattal. Jelz\u0151 narancss\u00e1rga sz\u00edn\u0171 biztons\u00e1gi p\u00e1nt a v\u00e1dli kis l\u00e1bzseb\u00e9be integr\u00e1lva.<\/h3>\n<h3>Nagy teljes\u00edtm\u00e9ny\u0171 vad\u00e1sznadr\u00e1g tov\u00e1bbfejlesztett funkci\u00f3kkal \u00e9s \u00f6t \u00e9v garanci\u00e1val. 64-es m\u00e9retig kaphat\u00f3.<\/h3>\n<h3>\u2022 Sz\u00e9l- \u00e9s v\u00edz\u00e1ll\u00f3 membr\u00e1n<br \/>\n\u2022 Ragasztott varratok<br \/>\n\u2022 Szell\u0151z\u0151cipz\u00e1rak h\u00e1l\u00f3s b\u00e9l\u00e9ssel<br \/>\n\u2022 \u00c1ll\u00edthat\u00f3 als\u00f3 m\u0171anyag csattal<br \/>\n\u2022 Goly\u00f3tart\u00f3k bels\u0151 zsebek<br \/>\n\u2022 Gumis der\u00e9kr\u00e9sz<br \/>\n\u2022 Nagy m\u00e9ret\u0171 gy\u0171jtem\u00e9ny<br \/>\n\u2022 K\u00f6rnyezetbar\u00e1t kezel\u00e9s: Bionic Finish\u00ae Eco \u2013 Organikus fluor-karbon-mentes impregn\u00e1l\u00e1s \u2013 az extra v\u00edztasz\u00edt\u00f3 tulajdons\u00e1gok\u00e9rt.<\/h3>\n<h3><\/h3>\n","protected":false},"excerpt":{"rendered":"<p>PINEWOOD\u00ae HUNTER PRO XTREME 2.0 NADR\u00c1G 5891 &nbsp; A Pinewood Hunter Pro Xtreme vad\u00e1sznadr\u00e1g az akt\u00edv vad\u00e1szok sz\u00e1m\u00e1ra, akik magas k\u00f6vetelm\u00e9nyeket t\u00e1masztanak a min\u0151s\u00e9ggel, a funkci\u00f3val \u00e9s a teljes\u00edtm\u00e9nnyel szemben. Ez a vad\u00e1sznadr\u00e1g sz\u00e9l- \u00e9s v\u00edz\u00e1ll\u00f3 membr\u00e1nnal \u00e9s ragasztott varr\u00e1ssal van felszerelve. A der\u00e9k h\u00e1ts\u00f3 r\u00e9sz\u00e9n tal\u00e1lhat\u00f3 egy k\u00e9tir\u00e1ny\u00fa sztreccspanel is, amely extra mobilit\u00e1st \u00e9s [&hellip;]<\/p>\n","protected":false},"featured_media":3652,"comment_status":"open","ping_status":"closed","template":"","meta":{"_et_pb_use_builder":"","_et_pb_old_content":"","_et_gb_content_width":"","om_disable_all_campaigns":false},"product_brand":[],"product_cat":[21,664,159],"product_tag":[497,928,70,555],"class_list":{"0":"post-3651","1":"product","2":"type-product","3":"status-publish","4":"has-post-thumbnail","6":"product_cat-uj","7":"product_cat-nadrag","8":"product_cat-vadasz-ruhazat","9":"product_tag-hunting","10":"product_tag-pinewood-hunter-pro-xtreme-2-0-nadrag-5891","11":"product_tag-vadaszat","12":"product_tag-vadaszruhazat","14":"first","15":"instock","16":"taxable","17":"shipping-taxable","18":"purchasable","19":"product-type-variable"},"_links":{"self":[{"href":"https:\/\/www.vadaszboltcsorna.hu\/index.php\/wp-json\/wp\/v2\/product\/3651","targetHints":{"allow":["GET"]}}],"collection":[{"href":"https:\/\/www.vadaszboltcsorna.hu\/index.php\/wp-json\/wp\/v2\/product"}],"about":[{"href":"https:\/\/www.vadaszboltcsorna.hu\/index.php\/wp-json\/wp\/v2\/types\/product"}],"replies":[{"embeddable":true,"href":"https:\/\/www.vadaszboltcsorna.hu\/index.php\/wp-json\/wp\/v2\/comments?post=3651"}],"wp:featuredmedia":[{"embeddable":true,"href":"https:\/\/www.vadaszboltcsorna.hu\/index.php\/wp-json\/wp\/v2\/media\/3652"}],"wp:attachment":[{"href":"https:\/\/www.vadaszboltcsorna.hu\/index.php\/wp-json\/wp\/v2\/media?parent=3651"}],"wp:term":[{"taxonomy":"product_brand","embeddable":true,"href":"https:\/\/www.vadaszboltcsorna.hu\/index.php\/wp-json\/wp\/v2\/product_brand?post=3651"},{"taxonomy":"product_cat","embeddable":true,"href":"https:\/\/www.vadaszboltcsorna.hu\/index.php\/wp-json\/wp\/v2\/product_cat?post=3651"},{"taxonomy":"product_tag","embeddable":true,"href":"https:\/\/www.vadaszboltcsorna.hu\/index.php\/wp-json\/wp\/v2\/product_tag?post=3651"}],"curies":[{"name":"wp","href":"https:\/\/api.w.org\/{rel}","templated":true}]}}