{"id":3644,"date":"2022-09-01T13:15:03","date_gmt":"2022-09-01T13:15:03","guid":{"rendered":"https:\/\/www.vadaszboltcsorna.hu\/?post_type=product&#038;p=3644"},"modified":"2025-04-14T09:25:24","modified_gmt":"2025-04-14T09:25:24","slug":"pinewood-prestwick-exclusive-taska-1907","status":"publish","type":"product","link":"https:\/\/www.vadaszboltcsorna.hu\/index.php\/termek\/pinewood-prestwick-exclusive-taska-1907\/","title":{"rendered":"PINEWOOD PRESTWICK EXCLUSIVE T\u00c1SKA (1907)"},"content":{"rendered":"<h2><strong>PINEWOOD PRESTWICK EXCLUSIVE T\u00c1SKA (1907)<\/strong><\/h2>\n<p>&nbsp;<\/p>\n<h3><strong>Le\u00edr\u00e1s:<\/strong><\/h3>\n<h3>Id\u0151tlen eleg\u00e1ns utaz\u00f3 t\u00e1ska, v\u00edztasz\u00edt\u00f3 vel\u00far b\u0151rut\u00e1nzatb\u00f3l, s\u00e1rgar\u00e9z r\u00e9szletekkel.<\/h3>\n<h3>Hordoz\u00f3 foganty\u00fa, \u00e1ll\u00edthat\u00f3 \u00e9s levehet\u0151.<\/h3>\n<h3>A t\u00e1ska enyh\u00e9n p\u00e1rn\u00e1zva van ez\u00e1ltal biztos\u00edtja a v\u00e9delmet, \u00e9s \u00edgy megtartja a form\u00e1j\u00e1t.<\/h3>\n<h3>Als\u00f3 r\u00e9sze meger\u0151s\u00edtett. A t\u00e1gas f\u0151 rekesz t\u00f6bb kisebb rekesszel van felszerelve, amelyek k\u00f6z\u00fcl kett\u0151 cipz\u00e1rral van ell\u00e1tva.<\/h3>\n<h3>A t\u00e1ska kb. 35 literes. 100% poli\u00e9szter.<\/h3>\n<h3>M\u00e9retek: 57 x 29 x 30 cm<\/h3>\n<h3><\/h3>\n<h3>Az \u00e1rv\u00e1ltoz\u00e1s jog\u00e1t fenntartjuk!<\/h3>\n","protected":false},"excerpt":{"rendered":"<p>PINEWOOD PRESTWICK EXCLUSIVE T\u00c1SKA (1907) &nbsp; Le\u00edr\u00e1s: Id\u0151tlen eleg\u00e1ns utaz\u00f3 t\u00e1ska, v\u00edztasz\u00edt\u00f3 vel\u00far b\u0151rut\u00e1nzatb\u00f3l, s\u00e1rgar\u00e9z r\u00e9szletekkel. Hordoz\u00f3 foganty\u00fa, \u00e1ll\u00edthat\u00f3 \u00e9s levehet\u0151. A t\u00e1ska enyh\u00e9n p\u00e1rn\u00e1zva van ez\u00e1ltal biztos\u00edtja a v\u00e9delmet, \u00e9s \u00edgy megtartja a form\u00e1j\u00e1t. Als\u00f3 r\u00e9sze meger\u0151s\u00edtett. A t\u00e1gas f\u0151 rekesz t\u00f6bb kisebb rekesszel van felszerelve, amelyek k\u00f6z\u00fcl kett\u0151 cipz\u00e1rral van ell\u00e1tva. A t\u00e1ska [&hellip;]<\/p>\n","protected":false},"featured_media":3645,"comment_status":"open","ping_status":"closed","template":"","meta":{"_et_pb_use_builder":"","_et_pb_old_content":"","_et_gb_content_width":"","om_disable_all_campaigns":false},"product_brand":[],"product_cat":[21,741],"product_tag":[497,926,540,761,364,70],"class_list":{"0":"post-3644","1":"product","2":"type-product","3":"status-publish","4":"has-post-thumbnail","6":"product_cat-uj","7":"product_cat-vadasz-hatizsakok-taskak","8":"product_tag-hunting","9":"product_tag-pinewood-prestwick-exclusive-taska-1907","10":"product_tag-szabadido","11":"product_tag-vadasz-ajandek","12":"product_tag-vadasz-felszereles","13":"product_tag-vadaszat","15":"first","16":"instock","17":"sale","18":"taxable","19":"shipping-taxable","20":"purchasable","21":"product-type-simple"},"_links":{"self":[{"href":"https:\/\/www.vadaszboltcsorna.hu\/index.php\/wp-json\/wp\/v2\/product\/3644","targetHints":{"allow":["GET"]}}],"collection":[{"href":"https:\/\/www.vadaszboltcsorna.hu\/index.php\/wp-json\/wp\/v2\/product"}],"about":[{"href":"https:\/\/www.vadaszboltcsorna.hu\/index.php\/wp-json\/wp\/v2\/types\/product"}],"replies":[{"embeddable":true,"href":"https:\/\/www.vadaszboltcsorna.hu\/index.php\/wp-json\/wp\/v2\/comments?post=3644"}],"wp:featuredmedia":[{"embeddable":true,"href":"https:\/\/www.vadaszboltcsorna.hu\/index.php\/wp-json\/wp\/v2\/media\/3645"}],"wp:attachment":[{"href":"https:\/\/www.vadaszboltcsorna.hu\/index.php\/wp-json\/wp\/v2\/media?parent=3644"}],"wp:term":[{"taxonomy":"product_brand","embeddable":true,"href":"https:\/\/www.vadaszboltcsorna.hu\/index.php\/wp-json\/wp\/v2\/product_brand?post=3644"},{"taxonomy":"product_cat","embeddable":true,"href":"https:\/\/www.vadaszboltcsorna.hu\/index.php\/wp-json\/wp\/v2\/product_cat?post=3644"},{"taxonomy":"product_tag","embeddable":true,"href":"https:\/\/www.vadaszboltcsorna.hu\/index.php\/wp-json\/wp\/v2\/product_tag?post=3644"}],"curies":[{"name":"wp","href":"https:\/\/api.w.org\/{rel}","templated":true}]}}