{"id":3635,"date":"2022-08-30T12:58:25","date_gmt":"2022-08-30T12:58:25","guid":{"rendered":"https:\/\/www.vadaszboltcsorna.hu\/?post_type=product&#038;p=3635"},"modified":"2025-06-08T07:24:51","modified_gmt":"2025-06-08T07:24:51","slug":"m-tramp-fleece-uloparna-es-takaro-egyben","status":"publish","type":"product","link":"https:\/\/www.vadaszboltcsorna.hu\/index.php\/termek\/m-tramp-fleece-uloparna-es-takaro-egyben\/","title":{"rendered":"Venator \u00fcl\u0151p\u00e1rna \u00e9s takar\u00f3 egyben"},"content":{"rendered":"<h2><strong>Venator \u00fcl\u0151p\u00e1rna \u00e9s takar\u00f3 egyben<\/strong><\/h2>\n<div id=\"productDescription\" class=\"description biggerText\">\n<h3>Ha kell p\u00e1rna, ha kell takar\u00f3.<br \/>\nT\u00e1boroz\u00e1s? T\u00far\u00e1z\u00e1s? Horg\u00e1szat? Vagy csak egy k\u00f6nnyed kir\u00e1ndul\u00e1s a szabadban?<br \/>\nEz a praktikus darab biztosan remek szolg\u00e1latot tesz majd.<br \/>\nA pol\u00e1r takar\u00f3, \u00f6sszehajtva, a huzatban elhelyezve m\u00e1ris egy k\u00e9nyelmes p\u00e1rn\u00e1v\u00e1 alakul,<br \/>\n\u00e9s b\u00e1rmilyen fel\u00fcletet kellemes \u00fcl\u0151helly\u00e9 var\u00e1zsol.<br \/>\nS\u0151t, m\u00e9g az aut\u00f3ban is hasznos lehet, f\u0151k\u00e9nt t\u00e9lv\u00edz idej\u00e9n.<\/h3>\n<h3>A felt\u00fcntetett \u00e1rak t\u00e1j\u00e9koztat\u00f3 jelleg\u0171ek, aktu\u00e1lis \u00e1rainkr\u00f3l k\u00e9rj\u00fck \u00e9rdekl\u0151dj\u00f6n! Az \u00e1rv\u00e1ltoztat\u00e1s jog\u00e1t fenntartjuk!<\/h3>\n<\/div>\n<h3 class=\"wrapper bot-border\"><\/h3>\n","protected":false},"excerpt":{"rendered":"<p>Venator \u00fcl\u0151p\u00e1rna \u00e9s takar\u00f3 egyben Ha kell p\u00e1rna, ha kell takar\u00f3. T\u00e1boroz\u00e1s? T\u00far\u00e1z\u00e1s? Horg\u00e1szat? Vagy csak egy k\u00f6nnyed kir\u00e1ndul\u00e1s a szabadban? Ez a praktikus darab biztosan remek szolg\u00e1latot tesz majd. A pol\u00e1r takar\u00f3, \u00f6sszehajtva, a huzatban elhelyezve m\u00e1ris egy k\u00e9nyelmes p\u00e1rn\u00e1v\u00e1 alakul, \u00e9s b\u00e1rmilyen fel\u00fcletet kellemes \u00fcl\u0151helly\u00e9 var\u00e1zsol. S\u0151t, m\u00e9g az aut\u00f3ban is hasznos lehet, [&hellip;]<\/p>\n","protected":false},"featured_media":5047,"comment_status":"open","ping_status":"closed","template":"","meta":{"_et_pb_use_builder":"","_et_pb_old_content":"","_et_gb_content_width":"","om_disable_all_campaigns":false},"product_brand":[],"product_cat":[21,728,722],"product_tag":[70,85,1247],"class_list":{"0":"post-3635","1":"product","2":"type-product","3":"status-publish","4":"has-post-thumbnail","6":"product_cat-uj","7":"product_cat-lesparna","8":"product_cat-vadasz-felszereles","9":"product_tag-vadaszat","10":"product_tag-vadaszfelszereles","11":"product_tag-venator-uloparna-es-takaro-egyben","13":"first","14":"instock","15":"taxable","16":"shipping-taxable","17":"purchasable","18":"product-type-simple"},"_links":{"self":[{"href":"https:\/\/www.vadaszboltcsorna.hu\/index.php\/wp-json\/wp\/v2\/product\/3635","targetHints":{"allow":["GET"]}}],"collection":[{"href":"https:\/\/www.vadaszboltcsorna.hu\/index.php\/wp-json\/wp\/v2\/product"}],"about":[{"href":"https:\/\/www.vadaszboltcsorna.hu\/index.php\/wp-json\/wp\/v2\/types\/product"}],"replies":[{"embeddable":true,"href":"https:\/\/www.vadaszboltcsorna.hu\/index.php\/wp-json\/wp\/v2\/comments?post=3635"}],"wp:featuredmedia":[{"embeddable":true,"href":"https:\/\/www.vadaszboltcsorna.hu\/index.php\/wp-json\/wp\/v2\/media\/5047"}],"wp:attachment":[{"href":"https:\/\/www.vadaszboltcsorna.hu\/index.php\/wp-json\/wp\/v2\/media?parent=3635"}],"wp:term":[{"taxonomy":"product_brand","embeddable":true,"href":"https:\/\/www.vadaszboltcsorna.hu\/index.php\/wp-json\/wp\/v2\/product_brand?post=3635"},{"taxonomy":"product_cat","embeddable":true,"href":"https:\/\/www.vadaszboltcsorna.hu\/index.php\/wp-json\/wp\/v2\/product_cat?post=3635"},{"taxonomy":"product_tag","embeddable":true,"href":"https:\/\/www.vadaszboltcsorna.hu\/index.php\/wp-json\/wp\/v2\/product_tag?post=3635"}],"curies":[{"name":"wp","href":"https:\/\/api.w.org\/{rel}","templated":true}]}}