{"id":3614,"date":"2022-08-30T08:24:25","date_gmt":"2022-08-30T08:24:25","guid":{"rendered":"https:\/\/www.vadaszboltcsorna.hu\/?post_type=product&#038;p=3614"},"modified":"2025-04-14T10:12:08","modified_gmt":"2025-04-14T10:12:08","slug":"pinewood-pulover-9495","status":"publish","type":"product","link":"https:\/\/www.vadaszboltcsorna.hu\/index.php\/termek\/pinewood-pulover-9495\/","title":{"rendered":"Pinewood pul\u00f3ver (9495)"},"content":{"rendered":"<h2><strong>Pinewood pul\u00f3ver (9495)<\/strong><\/h2>\n<h3>(9495\/186)<\/h3>\n<div id=\"tw-target-text-container\" class=\"tw-ta-container F0azHf tw-nfl\" tabindex=\"0\">\n<h3 id=\"tw-target-text\" class=\"tw-data-text tw-text-large tw-ta\" dir=\"ltr\" data-placeholder=\"Ford\u00edt\u00e1s\"><span class=\"Y2IQFc\" lang=\"hu\">K\u00e9nyelmes \u00e9s st\u00edlusos sz\u00e9l\u00e1ll\u00f3 gyapj\u00fa kab\u00e1t 240 g-os, gyapj\u00fab\u00f3l. K\u00e9t oldalzseb \u00e9s bels\u0151 zseb.<br \/>\nEr\u0151s\u00edt\u00e9sek vel\u00far ut\u00e1nzatb\u00f3l. Teljes cipz\u00e1r. \u00c1ll\u00edthat\u00f3 szeg\u00e9ly.<\/span><\/h3>\n<h3 class=\"tw-data-text tw-text-large tw-ta\" dir=\"ltr\" data-placeholder=\"Ford\u00edt\u00e1s\"><span class=\"Y2IQFc\" lang=\"hu\">Sz\u00edn: barna<\/span><\/h3>\n<h3>Az \u00e1rv\u00e1ltoz\u00e1s jog\u00e1t fenntartjuk!<\/h3>\n<\/div>\n<div id=\"tw-target-rmn-container\" class=\"tw-target-rmn tw-ta-container F0azHf tw-nfl\">\n<h3 id=\"tw-target-rmn\" class=\"tw-data-placeholder tw-text-small tw-ta\" dir=\"ltr\"><\/h3>\n<\/div>\n","protected":false},"excerpt":{"rendered":"<p>Pinewood pul\u00f3ver (9495) (9495\/186) K\u00e9nyelmes \u00e9s st\u00edlusos sz\u00e9l\u00e1ll\u00f3 gyapj\u00fa kab\u00e1t 240 g-os, gyapj\u00fab\u00f3l. K\u00e9t oldalzseb \u00e9s bels\u0151 zseb. Er\u0151s\u00edt\u00e9sek vel\u00far ut\u00e1nzatb\u00f3l. Teljes cipz\u00e1r. \u00c1ll\u00edthat\u00f3 szeg\u00e9ly. Sz\u00edn: barna Az \u00e1rv\u00e1ltoz\u00e1s jog\u00e1t fenntartjuk!<\/p>\n","protected":false},"featured_media":3615,"comment_status":"open","ping_status":"closed","template":"","meta":{"_et_pb_use_builder":"","_et_pb_old_content":"","_et_gb_content_width":"","om_disable_all_campaigns":false},"product_brand":[],"product_cat":[21,596,159],"product_tag":[497,919,70,85,555],"class_list":{"0":"post-3614","1":"product","2":"type-product","3":"status-publish","4":"has-post-thumbnail","6":"product_cat-uj","7":"product_cat-pulover","8":"product_cat-vadasz-ruhazat","9":"product_tag-hunting","10":"product_tag-pinewood-pulover-9495","11":"product_tag-vadaszat","12":"product_tag-vadaszfelszereles","13":"product_tag-vadaszruhazat","15":"first","16":"instock","17":"taxable","18":"shipping-taxable","19":"purchasable","20":"product-type-variable"},"_links":{"self":[{"href":"https:\/\/www.vadaszboltcsorna.hu\/index.php\/wp-json\/wp\/v2\/product\/3614","targetHints":{"allow":["GET"]}}],"collection":[{"href":"https:\/\/www.vadaszboltcsorna.hu\/index.php\/wp-json\/wp\/v2\/product"}],"about":[{"href":"https:\/\/www.vadaszboltcsorna.hu\/index.php\/wp-json\/wp\/v2\/types\/product"}],"replies":[{"embeddable":true,"href":"https:\/\/www.vadaszboltcsorna.hu\/index.php\/wp-json\/wp\/v2\/comments?post=3614"}],"wp:featuredmedia":[{"embeddable":true,"href":"https:\/\/www.vadaszboltcsorna.hu\/index.php\/wp-json\/wp\/v2\/media\/3615"}],"wp:attachment":[{"href":"https:\/\/www.vadaszboltcsorna.hu\/index.php\/wp-json\/wp\/v2\/media?parent=3614"}],"wp:term":[{"taxonomy":"product_brand","embeddable":true,"href":"https:\/\/www.vadaszboltcsorna.hu\/index.php\/wp-json\/wp\/v2\/product_brand?post=3614"},{"taxonomy":"product_cat","embeddable":true,"href":"https:\/\/www.vadaszboltcsorna.hu\/index.php\/wp-json\/wp\/v2\/product_cat?post=3614"},{"taxonomy":"product_tag","embeddable":true,"href":"https:\/\/www.vadaszboltcsorna.hu\/index.php\/wp-json\/wp\/v2\/product_tag?post=3614"}],"curies":[{"name":"wp","href":"https:\/\/api.w.org\/{rel}","templated":true}]}}