{"id":3609,"date":"2022-08-26T09:02:56","date_gmt":"2022-08-26T09:02:56","guid":{"rendered":"https:\/\/www.vadaszboltcsorna.hu\/?post_type=product&#038;p=3609"},"modified":"2024-11-28T12:19:39","modified_gmt":"2024-11-28T12:19:39","slug":"pinewood-hatizsak-szekkel-9613","status":"publish","type":"product","link":"https:\/\/www.vadaszboltcsorna.hu\/index.php\/termek\/pinewood-hatizsak-szekkel-9613\/","title":{"rendered":"Pinewood h\u00e1tizs\u00e1k sz\u00e9kkel (9613)"},"content":{"rendered":"<h2><strong><span style=\"vertical-align: inherit;\"><span style=\"vertical-align: inherit;\">Pinewood h\u00e1tizs\u00e1k sz\u00e9kkel (9613)<\/span><\/span><\/strong><\/h2>\n<p>&nbsp;<\/p>\n<h3>Rugalmas vad\u00e1sz-, horg\u00e1sz- \u00e9s k\u00fclt\u00e9ri h\u00e1tizs\u00e1k be\u00e9p\u00edtett sz\u00e9kkel. V\u00edz\u00e1ll\u00f3 vel\u00far ut\u00e1nzat\u00fa sz\u00f6vet. Sz\u00e1mos zseb, p\u00e9ld\u00e1ul kett\u0151s zseb a termosz sz\u00e1m\u00e1ra, cipz\u00e1ras fedeles zseb \u00e9s bels\u0151 biztons\u00e1gi zseb. Meger\u0151s\u00edtett v\u00edz\u00e1ll\u00f3 als\u00f3 r\u00e9sz. Er\u0151sen p\u00e1rn\u00e1zott, \u00e1ll\u00edthat\u00f3 v\u00e1llp\u00e1ntok \u00e9s der\u00e9kp\u00e1nt a minim\u00e1lis tengelyterhel\u00e9s \u00e9s a maxim\u00e1lis k\u00e9nyelem \u00e9rdek\u00e9ben. Fedett keret, amely megakad\u00e1lyozza, hogy a puska hangja a v\u00e1llon viselve.<\/h3>\n<h3>\u00dcl\u00e9smagass\u00e1g 50 cm. Kellemesen meleg neopr\u00e9n \u00fcl\u00e9s.<br \/>\nTart\u00f3s kb. 35 liter.<br \/>\nA k\u00e9nyelmes \u00fcl\u00e9s \u00e9s a strapab\u00edr\u00f3 ac\u00e9lszerkezet ak\u00e1r 120 kg-os \u00fcl\u0151s\u00falyt is elb\u00edr.<\/h3>\n<h3>Anyaga: 100% poli\u00e9szter.<br \/>\nKeret: 100% korr\u00f3zi\u00f3g\u00e1tl\u00f3 kezelt ac\u00e9l.<br \/>\nS\u00faly: 2300 gramm<\/h3>\n<h3>Az \u00e1rv\u00e1ltoz\u00e1s jog\u00e1t fenntartjuk!<\/h3>\n<p>&nbsp;<\/p>\n","protected":false},"excerpt":{"rendered":"<p>Pinewood h\u00e1tizs\u00e1k sz\u00e9kkel (9613) &nbsp; Rugalmas vad\u00e1sz-, horg\u00e1sz- \u00e9s k\u00fclt\u00e9ri h\u00e1tizs\u00e1k be\u00e9p\u00edtett sz\u00e9kkel. V\u00edz\u00e1ll\u00f3 vel\u00far ut\u00e1nzat\u00fa sz\u00f6vet. Sz\u00e1mos zseb, p\u00e9ld\u00e1ul kett\u0151s zseb a termosz sz\u00e1m\u00e1ra, cipz\u00e1ras fedeles zseb \u00e9s bels\u0151 biztons\u00e1gi zseb. Meger\u0151s\u00edtett v\u00edz\u00e1ll\u00f3 als\u00f3 r\u00e9sz. Er\u0151sen p\u00e1rn\u00e1zott, \u00e1ll\u00edthat\u00f3 v\u00e1llp\u00e1ntok \u00e9s der\u00e9kp\u00e1nt a minim\u00e1lis tengelyterhel\u00e9s \u00e9s a maxim\u00e1lis k\u00e9nyelem \u00e9rdek\u00e9ben. Fedett keret, amely megakad\u00e1lyozza, hogy [&hellip;]<\/p>\n","protected":false},"featured_media":3610,"comment_status":"open","ping_status":"closed","template":"","meta":{"_et_pb_use_builder":"","_et_pb_old_content":"","_et_gb_content_width":"","om_disable_all_campaigns":false},"product_brand":[],"product_cat":[21,741],"product_tag":[497,918,537,70,85],"class_list":{"0":"post-3609","1":"product","2":"type-product","3":"status-publish","4":"has-post-thumbnail","6":"product_cat-uj","7":"product_cat-vadasz-hatizsakok-taskak","8":"product_tag-hunting","9":"product_tag-pinewood-hatizsak-szekkel-9613","10":"product_tag-turazas","11":"product_tag-vadaszat","12":"product_tag-vadaszfelszereles","14":"first","15":"instock","16":"taxable","17":"shipping-taxable","18":"purchasable","19":"product-type-simple"},"_links":{"self":[{"href":"https:\/\/www.vadaszboltcsorna.hu\/index.php\/wp-json\/wp\/v2\/product\/3609","targetHints":{"allow":["GET"]}}],"collection":[{"href":"https:\/\/www.vadaszboltcsorna.hu\/index.php\/wp-json\/wp\/v2\/product"}],"about":[{"href":"https:\/\/www.vadaszboltcsorna.hu\/index.php\/wp-json\/wp\/v2\/types\/product"}],"replies":[{"embeddable":true,"href":"https:\/\/www.vadaszboltcsorna.hu\/index.php\/wp-json\/wp\/v2\/comments?post=3609"}],"wp:featuredmedia":[{"embeddable":true,"href":"https:\/\/www.vadaszboltcsorna.hu\/index.php\/wp-json\/wp\/v2\/media\/3610"}],"wp:attachment":[{"href":"https:\/\/www.vadaszboltcsorna.hu\/index.php\/wp-json\/wp\/v2\/media?parent=3609"}],"wp:term":[{"taxonomy":"product_brand","embeddable":true,"href":"https:\/\/www.vadaszboltcsorna.hu\/index.php\/wp-json\/wp\/v2\/product_brand?post=3609"},{"taxonomy":"product_cat","embeddable":true,"href":"https:\/\/www.vadaszboltcsorna.hu\/index.php\/wp-json\/wp\/v2\/product_cat?post=3609"},{"taxonomy":"product_tag","embeddable":true,"href":"https:\/\/www.vadaszboltcsorna.hu\/index.php\/wp-json\/wp\/v2\/product_tag?post=3609"}],"curies":[{"name":"wp","href":"https:\/\/api.w.org\/{rel}","templated":true}]}}