{"id":3602,"date":"2022-08-24T13:09:59","date_gmt":"2022-08-24T13:09:59","guid":{"rendered":"https:\/\/www.vadaszboltcsorna.hu\/?post_type=product&#038;p=3602"},"modified":"2025-06-23T10:38:35","modified_gmt":"2025-06-23T10:38:35","slug":"akah-fegyvertok-zsebbel-63503000","status":"publish","type":"product","link":"https:\/\/www.vadaszboltcsorna.hu\/index.php\/termek\/akah-fegyvertok-zsebbel-63503000\/","title":{"rendered":"AKAH fegyvertok zsebbel 63503000"},"content":{"rendered":"<h2><strong>AKAH fegyvertok zsebbel 63503000<\/strong><\/h2>\n<p>&nbsp;<\/p>\n<h5><strong>Le\u00edr\u00e1s: <\/strong>Igazi szemet gy\u00f6ny\u00f6rk\u00f6dtet\u0151 \u00e9s abszol\u00fat kiv\u00e1l\u00f3 min\u0151s\u00e9g!<\/h5>\n<h5>A modern form\u00e1j\u00fa, s\u00f6t\u00e9tbarna AKAH p\u00e1rn\u00e1zott tok igazolv\u00e1ny- vagy tiszt\u00edt\u00f3szeres zsebbel \u00e9s \u00e1lland\u00f3an r\u00f6gz\u00edtett TSA lakattal rendelkezik.<br \/>\nA tokban praktikus rekesz is tal\u00e1lhat\u00f3 a n\u00e9vc\u00edmke vagy n\u00e9vjegyk\u00e1rtya sz\u00e1m\u00e1ra.<br \/>\nHossza: 128 cm<br \/>\nS\u00faly kb: 1,4 kg<\/h5>\n<h5>Az \u00e1rv\u00e1ltoz\u00e1s jog\u00e1t fenntartjuk!<\/h5>\n","protected":false},"excerpt":{"rendered":"<p>AKAH fegyvertok zsebbel 63503000 &nbsp; Le\u00edr\u00e1s: Igazi szemet gy\u00f6ny\u00f6rk\u00f6dtet\u0151 \u00e9s abszol\u00fat kiv\u00e1l\u00f3 min\u0151s\u00e9g! A modern form\u00e1j\u00fa, s\u00f6t\u00e9tbarna AKAH p\u00e1rn\u00e1zott tok igazolv\u00e1ny- vagy tiszt\u00edt\u00f3szeres zsebbel \u00e9s \u00e1lland\u00f3an r\u00f6gz\u00edtett TSA lakattal rendelkezik. A tokban praktikus rekesz is tal\u00e1lhat\u00f3 a n\u00e9vc\u00edmke vagy n\u00e9vjegyk\u00e1rtya sz\u00e1m\u00e1ra. Hossza: 128 cm S\u00faly kb: 1,4 kg Az \u00e1rv\u00e1ltoz\u00e1s jog\u00e1t fenntartjuk!<\/p>\n","protected":false},"featured_media":3603,"comment_status":"open","ping_status":"closed","template":"","meta":{"_et_pb_use_builder":"","_et_pb_old_content":"","_et_gb_content_width":"","om_disable_all_campaigns":false},"product_brand":[],"product_cat":[21,587,588],"product_tag":[917,591,497,85],"class_list":{"0":"post-3602","1":"product","2":"type-product","3":"status-publish","4":"has-post-thumbnail","6":"product_cat-uj","7":"product_cat-fegyvertokok","8":"product_cat-golyos-fegyvertok","9":"product_tag-akah-fegyvertok-zsebbel-63503000","10":"product_tag-fegyvertok","11":"product_tag-hunting","12":"product_tag-vadaszfelszereles","14":"first","15":"instock","16":"taxable","17":"shipping-taxable","18":"purchasable","19":"product-type-simple"},"_links":{"self":[{"href":"https:\/\/www.vadaszboltcsorna.hu\/index.php\/wp-json\/wp\/v2\/product\/3602","targetHints":{"allow":["GET"]}}],"collection":[{"href":"https:\/\/www.vadaszboltcsorna.hu\/index.php\/wp-json\/wp\/v2\/product"}],"about":[{"href":"https:\/\/www.vadaszboltcsorna.hu\/index.php\/wp-json\/wp\/v2\/types\/product"}],"replies":[{"embeddable":true,"href":"https:\/\/www.vadaszboltcsorna.hu\/index.php\/wp-json\/wp\/v2\/comments?post=3602"}],"wp:featuredmedia":[{"embeddable":true,"href":"https:\/\/www.vadaszboltcsorna.hu\/index.php\/wp-json\/wp\/v2\/media\/3603"}],"wp:attachment":[{"href":"https:\/\/www.vadaszboltcsorna.hu\/index.php\/wp-json\/wp\/v2\/media?parent=3602"}],"wp:term":[{"taxonomy":"product_brand","embeddable":true,"href":"https:\/\/www.vadaszboltcsorna.hu\/index.php\/wp-json\/wp\/v2\/product_brand?post=3602"},{"taxonomy":"product_cat","embeddable":true,"href":"https:\/\/www.vadaszboltcsorna.hu\/index.php\/wp-json\/wp\/v2\/product_cat?post=3602"},{"taxonomy":"product_tag","embeddable":true,"href":"https:\/\/www.vadaszboltcsorna.hu\/index.php\/wp-json\/wp\/v2\/product_tag?post=3602"}],"curies":[{"name":"wp","href":"https:\/\/api.w.org\/{rel}","templated":true}]}}