{"id":3590,"date":"2022-08-24T11:50:37","date_gmt":"2022-08-24T11:50:37","guid":{"rendered":"https:\/\/www.vadaszboltcsorna.hu\/?post_type=product&#038;p=3590"},"modified":"2023-02-27T12:51:53","modified_gmt":"2023-02-27T12:51:53","slug":"deerhunter-lady-sapka-6486","status":"publish","type":"product","link":"https:\/\/www.vadaszboltcsorna.hu\/index.php\/termek\/deerhunter-lady-sapka-6486\/","title":{"rendered":"Deerhunter Lady sapka (6486)"},"content":{"rendered":"<div id=\"tw-target-text-container\" class=\"tw-ta-container F0azHf tw-nfl\" tabindex=\"0\">\n<h3 id=\"tw-target-text\" class=\"tw-data-text tw-text-large tw-ta\" dir=\"ltr\" data-placeholder=\"Ford\u00edt\u00e1s\"><span class=\"Y2IQFc\" lang=\"hu\"><strong>Deerhunter Lady sapka (6486)<\/strong><\/span><\/h3>\n<h3>K\u00f6t\u00f6tt n\u0151i sapka pomponnal.<\/h3>\n<h3 class=\"tw-data-text tw-text-large tw-ta\" dir=\"ltr\" data-placeholder=\"Ford\u00edt\u00e1s\"><span class=\"Y2IQFc\" lang=\"hu\">Bel\u00fcl gyapj\u00fa tartalm\u00fa anyaggal b\u00e9lelve.<br \/>\n<\/span><\/h3>\n<h3>M\u00e9ret n\u00e9lk\u00fcli.<\/h3>\n<\/div>\n<div id=\"tw-target-rmn-container\" class=\"tw-target-rmn tw-ta-container F0azHf tw-nfl\">\n<h3 id=\"tw-target-rmn\" class=\"tw-data-placeholder tw-text-small tw-ta\" dir=\"ltr\"><\/h3>\n<\/div>\n","protected":false},"excerpt":{"rendered":"<p>Deerhunter Lady sapka (6486) K\u00f6t\u00f6tt n\u0151i sapka pomponnal. Bel\u00fcl gyapj\u00fa tartalm\u00fa anyaggal b\u00e9lelve. M\u00e9ret n\u00e9lk\u00fcli.<\/p>\n","protected":false},"featured_media":3592,"comment_status":"open","ping_status":"closed","template":"","meta":{"_et_pb_use_builder":"","_et_pb_old_content":"","_et_gb_content_width":"","om_disable_all_campaigns":false},"product_brand":[],"product_cat":[21,771,159],"product_tag":[914,497,540,581],"class_list":{"0":"post-3590","1":"product","2":"type-product","3":"status-publish","4":"has-post-thumbnail","6":"product_cat-uj","7":"product_cat-sapka-sal-kesztyu-zokni","8":"product_cat-vadasz-ruhazat","9":"product_tag-deerhunter-lady-sapka-6486","10":"product_tag-hunting","11":"product_tag-szabadido","12":"product_tag-vadasz-ruhazat","14":"first","15":"outofstock","16":"taxable","17":"shipping-taxable","18":"purchasable","19":"product-type-variable"},"_links":{"self":[{"href":"https:\/\/www.vadaszboltcsorna.hu\/index.php\/wp-json\/wp\/v2\/product\/3590","targetHints":{"allow":["GET"]}}],"collection":[{"href":"https:\/\/www.vadaszboltcsorna.hu\/index.php\/wp-json\/wp\/v2\/product"}],"about":[{"href":"https:\/\/www.vadaszboltcsorna.hu\/index.php\/wp-json\/wp\/v2\/types\/product"}],"replies":[{"embeddable":true,"href":"https:\/\/www.vadaszboltcsorna.hu\/index.php\/wp-json\/wp\/v2\/comments?post=3590"}],"wp:featuredmedia":[{"embeddable":true,"href":"https:\/\/www.vadaszboltcsorna.hu\/index.php\/wp-json\/wp\/v2\/media\/3592"}],"wp:attachment":[{"href":"https:\/\/www.vadaszboltcsorna.hu\/index.php\/wp-json\/wp\/v2\/media?parent=3590"}],"wp:term":[{"taxonomy":"product_brand","embeddable":true,"href":"https:\/\/www.vadaszboltcsorna.hu\/index.php\/wp-json\/wp\/v2\/product_brand?post=3590"},{"taxonomy":"product_cat","embeddable":true,"href":"https:\/\/www.vadaszboltcsorna.hu\/index.php\/wp-json\/wp\/v2\/product_cat?post=3590"},{"taxonomy":"product_tag","embeddable":true,"href":"https:\/\/www.vadaszboltcsorna.hu\/index.php\/wp-json\/wp\/v2\/product_tag?post=3590"}],"curies":[{"name":"wp","href":"https:\/\/api.w.org\/{rel}","templated":true}]}}