{"id":3582,"date":"2022-08-22T11:39:49","date_gmt":"2022-08-22T11:39:49","guid":{"rendered":"https:\/\/www.vadaszboltcsorna.hu\/?post_type=product&#038;p=3582"},"modified":"2024-12-04T08:07:32","modified_gmt":"2024-12-04T08:07:32","slug":"m-060-1791-koteny","status":"publish","type":"product","link":"https:\/\/www.vadaszboltcsorna.hu\/index.php\/termek\/m-060-1791-koteny\/","title":{"rendered":"M-060-1791 K\u00f6t\u00e9ny"},"content":{"rendered":"<h2><strong><span style=\"vertical-align: inherit;\"><span style=\"vertical-align: inherit;\">M-060-1791 K\u00f6t\u00e9ny<\/span><\/span><\/strong><\/h2>\n<h3>Praktikus konyha kieg\u00e9sz\u00edt\u0151. Ide\u00e1lis grillez\u00e9sekre, bogr\u00e1csoz\u00e1shoz.<\/h3>\n<h3>Az \u00e1rv\u00e1ltoz\u00e1s jog\u00e1t fenntartjuk!<\/h3>\n<p>&nbsp;<\/p>\n","protected":false},"excerpt":{"rendered":"<p>M-060-1791 K\u00f6t\u00e9ny Praktikus konyha kieg\u00e9sz\u00edt\u0151. Ide\u00e1lis grillez\u00e9sekre, bogr\u00e1csoz\u00e1shoz. Az \u00e1rv\u00e1ltoz\u00e1s jog\u00e1t fenntartjuk! &nbsp;<\/p>\n","protected":false},"featured_media":3583,"comment_status":"open","ping_status":"closed","template":"","meta":{"_et_pb_use_builder":"","_et_pb_old_content":"","_et_gb_content_width":"","om_disable_all_campaigns":false},"product_brand":[],"product_cat":[21,892,159],"product_tag":[756,497,912,581,70],"class_list":{"0":"post-3582","1":"product","2":"type-product","3":"status-publish","4":"has-post-thumbnail","6":"product_cat-uj","7":"product_cat-ruhazati-kiegeszitok","8":"product_cat-vadasz-ruhazat","9":"product_tag-ajandektargy","10":"product_tag-hunting","11":"product_tag-m-060-1791-koteny","12":"product_tag-vadasz-ruhazat","13":"product_tag-vadaszat","15":"first","16":"outofstock","17":"taxable","18":"shipping-taxable","19":"purchasable","20":"product-type-simple"},"_links":{"self":[{"href":"https:\/\/www.vadaszboltcsorna.hu\/index.php\/wp-json\/wp\/v2\/product\/3582","targetHints":{"allow":["GET"]}}],"collection":[{"href":"https:\/\/www.vadaszboltcsorna.hu\/index.php\/wp-json\/wp\/v2\/product"}],"about":[{"href":"https:\/\/www.vadaszboltcsorna.hu\/index.php\/wp-json\/wp\/v2\/types\/product"}],"replies":[{"embeddable":true,"href":"https:\/\/www.vadaszboltcsorna.hu\/index.php\/wp-json\/wp\/v2\/comments?post=3582"}],"wp:featuredmedia":[{"embeddable":true,"href":"https:\/\/www.vadaszboltcsorna.hu\/index.php\/wp-json\/wp\/v2\/media\/3583"}],"wp:attachment":[{"href":"https:\/\/www.vadaszboltcsorna.hu\/index.php\/wp-json\/wp\/v2\/media?parent=3582"}],"wp:term":[{"taxonomy":"product_brand","embeddable":true,"href":"https:\/\/www.vadaszboltcsorna.hu\/index.php\/wp-json\/wp\/v2\/product_brand?post=3582"},{"taxonomy":"product_cat","embeddable":true,"href":"https:\/\/www.vadaszboltcsorna.hu\/index.php\/wp-json\/wp\/v2\/product_cat?post=3582"},{"taxonomy":"product_tag","embeddable":true,"href":"https:\/\/www.vadaszboltcsorna.hu\/index.php\/wp-json\/wp\/v2\/product_tag?post=3582"}],"curies":[{"name":"wp","href":"https:\/\/api.w.org\/{rel}","templated":true}]}}