{"id":3573,"date":"2022-08-22T11:23:45","date_gmt":"2022-08-22T11:23:45","guid":{"rendered":"https:\/\/www.vadaszboltcsorna.hu\/?post_type=product&#038;p=3573"},"modified":"2024-12-04T08:29:16","modified_gmt":"2024-12-04T08:29:16","slug":"m-166-1803-koteny","status":"publish","type":"product","link":"https:\/\/www.vadaszboltcsorna.hu\/index.php\/termek\/m-166-1803-koteny\/","title":{"rendered":"M-166-1803 K\u00f6t\u00e9ny"},"content":{"rendered":"<h2><strong><span style=\"vertical-align: inherit;\"><span style=\"vertical-align: inherit;\">M-166-1803 K\u00f6t\u00e9ny<\/span><\/span><\/strong><\/h2>\n<h3>Melles k\u00f6t\u00e9ny dekorat\u00edv, szublim\u00e1lt nyomattal .<\/h3>\n<h3>Praktikus konyhai kieg\u00e9sz\u00edt\u0151.<\/h3>\n<h3>Pattan\u00f3 szikr\u00e1t\u00f3l \u00f3vni kell!<\/h3>\n<h3>Az \u00e1rv\u00e1ltoz\u00e1s jog\u00e1t fenntartjuk!<\/h3>\n","protected":false},"excerpt":{"rendered":"<p>M-166-1803 K\u00f6t\u00e9ny Melles k\u00f6t\u00e9ny dekorat\u00edv, szublim\u00e1lt nyomattal . Praktikus konyhai kieg\u00e9sz\u00edt\u0151. Pattan\u00f3 szikr\u00e1t\u00f3l \u00f3vni kell! Az \u00e1rv\u00e1ltoz\u00e1s jog\u00e1t fenntartjuk!<\/p>\n","protected":false},"featured_media":3574,"comment_status":"open","ping_status":"closed","template":"","meta":{"_et_pb_use_builder":"","_et_pb_old_content":"","_et_gb_content_width":"","om_disable_all_campaigns":false},"product_brand":[],"product_cat":[21,892,159],"product_tag":[497,909,761],"class_list":{"0":"post-3573","1":"product","2":"type-product","3":"status-publish","4":"has-post-thumbnail","6":"product_cat-uj","7":"product_cat-ruhazati-kiegeszitok","8":"product_cat-vadasz-ruhazat","9":"product_tag-hunting","10":"product_tag-m-166-1803-koteny","11":"product_tag-vadasz-ajandek","13":"first","14":"outofstock","15":"taxable","16":"shipping-taxable","17":"purchasable","18":"product-type-simple"},"_links":{"self":[{"href":"https:\/\/www.vadaszboltcsorna.hu\/index.php\/wp-json\/wp\/v2\/product\/3573","targetHints":{"allow":["GET"]}}],"collection":[{"href":"https:\/\/www.vadaszboltcsorna.hu\/index.php\/wp-json\/wp\/v2\/product"}],"about":[{"href":"https:\/\/www.vadaszboltcsorna.hu\/index.php\/wp-json\/wp\/v2\/types\/product"}],"replies":[{"embeddable":true,"href":"https:\/\/www.vadaszboltcsorna.hu\/index.php\/wp-json\/wp\/v2\/comments?post=3573"}],"wp:featuredmedia":[{"embeddable":true,"href":"https:\/\/www.vadaszboltcsorna.hu\/index.php\/wp-json\/wp\/v2\/media\/3574"}],"wp:attachment":[{"href":"https:\/\/www.vadaszboltcsorna.hu\/index.php\/wp-json\/wp\/v2\/media?parent=3573"}],"wp:term":[{"taxonomy":"product_brand","embeddable":true,"href":"https:\/\/www.vadaszboltcsorna.hu\/index.php\/wp-json\/wp\/v2\/product_brand?post=3573"},{"taxonomy":"product_cat","embeddable":true,"href":"https:\/\/www.vadaszboltcsorna.hu\/index.php\/wp-json\/wp\/v2\/product_cat?post=3573"},{"taxonomy":"product_tag","embeddable":true,"href":"https:\/\/www.vadaszboltcsorna.hu\/index.php\/wp-json\/wp\/v2\/product_tag?post=3573"}],"curies":[{"name":"wp","href":"https:\/\/api.w.org\/{rel}","templated":true}]}}