{"id":3533,"date":"2022-08-19T13:36:06","date_gmt":"2022-08-19T13:36:06","guid":{"rendered":"https:\/\/www.vadaszboltcsorna.hu\/?post_type=product&#038;p=3533"},"modified":"2022-08-19T13:38:42","modified_gmt":"2022-08-19T13:38:42","slug":"m-292-0803-derekvedo","status":"publish","type":"product","link":"https:\/\/www.vadaszboltcsorna.hu\/index.php\/termek\/m-292-0803-derekvedo\/","title":{"rendered":"M-292-0803 Der\u00e9kv\u00e9d\u0151"},"content":{"rendered":"<h2><strong>M-292-0803 Der\u00e9kv\u00e9d\u0151<\/strong><\/h2>\n<h3>M\u00e9ret: nagy L-XXXL<\/h3>\n<h3>Puha b\u00e9l\u00e9s\u00e9nek k\u00f6sz\u00f6nhet\u0151en, kiv\u00e1l\u00f3an v\u00e9di a derekat, ves\u00e9ket hideg id\u0151ben. Dekorat\u00edv nyomattal.<\/h3>\n<p>&nbsp;<\/p>\n","protected":false},"excerpt":{"rendered":"<p>M-292-0803 Der\u00e9kv\u00e9d\u0151 M\u00e9ret: nagy L-XXXL Puha b\u00e9l\u00e9s\u00e9nek k\u00f6sz\u00f6nhet\u0151en, kiv\u00e1l\u00f3an v\u00e9di a derekat, ves\u00e9ket hideg id\u0151ben. Dekorat\u00edv nyomattal. &nbsp;<\/p>\n","protected":false},"featured_media":3535,"comment_status":"open","ping_status":"closed","template":"","meta":{"_et_pb_use_builder":"","_et_pb_old_content":"","_et_gb_content_width":"","om_disable_all_campaigns":false},"product_brand":[],"product_cat":[21,892,159],"product_tag":[497,898,364,581,70],"class_list":{"0":"post-3533","1":"product","2":"type-product","3":"status-publish","4":"has-post-thumbnail","6":"product_cat-uj","7":"product_cat-ruhazati-kiegeszitok","8":"product_cat-vadasz-ruhazat","9":"product_tag-hunting","10":"product_tag-m-292-0803-derekvedo","11":"product_tag-vadasz-felszereles","12":"product_tag-vadasz-ruhazat","13":"product_tag-vadaszat","15":"first","16":"instock","17":"taxable","18":"shipping-taxable","19":"purchasable","20":"product-type-simple"},"_links":{"self":[{"href":"https:\/\/www.vadaszboltcsorna.hu\/index.php\/wp-json\/wp\/v2\/product\/3533","targetHints":{"allow":["GET"]}}],"collection":[{"href":"https:\/\/www.vadaszboltcsorna.hu\/index.php\/wp-json\/wp\/v2\/product"}],"about":[{"href":"https:\/\/www.vadaszboltcsorna.hu\/index.php\/wp-json\/wp\/v2\/types\/product"}],"replies":[{"embeddable":true,"href":"https:\/\/www.vadaszboltcsorna.hu\/index.php\/wp-json\/wp\/v2\/comments?post=3533"}],"wp:featuredmedia":[{"embeddable":true,"href":"https:\/\/www.vadaszboltcsorna.hu\/index.php\/wp-json\/wp\/v2\/media\/3535"}],"wp:attachment":[{"href":"https:\/\/www.vadaszboltcsorna.hu\/index.php\/wp-json\/wp\/v2\/media?parent=3533"}],"wp:term":[{"taxonomy":"product_brand","embeddable":true,"href":"https:\/\/www.vadaszboltcsorna.hu\/index.php\/wp-json\/wp\/v2\/product_brand?post=3533"},{"taxonomy":"product_cat","embeddable":true,"href":"https:\/\/www.vadaszboltcsorna.hu\/index.php\/wp-json\/wp\/v2\/product_cat?post=3533"},{"taxonomy":"product_tag","embeddable":true,"href":"https:\/\/www.vadaszboltcsorna.hu\/index.php\/wp-json\/wp\/v2\/product_tag?post=3533"}],"curies":[{"name":"wp","href":"https:\/\/api.w.org\/{rel}","templated":true}]}}