{"id":3521,"date":"2022-08-19T12:04:24","date_gmt":"2022-08-19T12:04:24","guid":{"rendered":"https:\/\/www.vadaszboltcsorna.hu\/?post_type=product&#038;p=3521"},"modified":"2022-08-19T12:08:26","modified_gmt":"2022-08-19T12:08:26","slug":"m-286-1559-nyakkendo","status":"publish","type":"product","link":"https:\/\/www.vadaszboltcsorna.hu\/index.php\/termek\/m-286-1559-nyakkendo\/","title":{"rendered":"M-286-1559 Nyakkend\u0151"},"content":{"rendered":"<h2><strong>M-286-1559 Nyakkend\u0151<\/strong><\/h2>\n<h3>K\u00e9nyelmes \u00e9s k\u00f6nny\u0171 viselet.<\/h3>\n<h3>Puha b\u00e9l\u00e9se meglep\u0151en kellemes \u00e9s meleg \u00e9rz\u00e9st biztos\u00edt.<\/h3>\n<h3>Kiv\u00e1l\u00f3 min\u0151s\u00e9g\u0171 \u00e1ru .<\/h3>\n<h3>Dekorat\u00edv nyomattal.<\/h3>\n<h3>T\u00f6k\u00e9letes kieg\u00e9sz\u00edt\u0151 k\u00fcl\u00f6nleges alkalmakra.<\/h3>\n","protected":false},"excerpt":{"rendered":"<p>M-286-1559 Nyakkend\u0151 K\u00e9nyelmes \u00e9s k\u00f6nny\u0171 viselet. Puha b\u00e9l\u00e9se meglep\u0151en kellemes \u00e9s meleg \u00e9rz\u00e9st biztos\u00edt. Kiv\u00e1l\u00f3 min\u0151s\u00e9g\u0171 \u00e1ru . Dekorat\u00edv nyomattal. T\u00f6k\u00e9letes kieg\u00e9sz\u00edt\u0151 k\u00fcl\u00f6nleges alkalmakra.<\/p>\n","protected":false},"featured_media":3523,"comment_status":"open","ping_status":"closed","template":"","meta":{"_et_pb_use_builder":"","_et_pb_old_content":"","_et_gb_content_width":"","om_disable_all_campaigns":false},"product_brand":[],"product_cat":[21,892,159],"product_tag":[497,894,581],"class_list":{"0":"post-3521","1":"product","2":"type-product","3":"status-publish","4":"has-post-thumbnail","6":"product_cat-uj","7":"product_cat-ruhazati-kiegeszitok","8":"product_cat-vadasz-ruhazat","9":"product_tag-hunting","10":"product_tag-m-286-1559-nyakkendo","11":"product_tag-vadasz-ruhazat","13":"first","14":"instock","15":"taxable","16":"shipping-taxable","17":"purchasable","18":"product-type-simple"},"_links":{"self":[{"href":"https:\/\/www.vadaszboltcsorna.hu\/index.php\/wp-json\/wp\/v2\/product\/3521","targetHints":{"allow":["GET"]}}],"collection":[{"href":"https:\/\/www.vadaszboltcsorna.hu\/index.php\/wp-json\/wp\/v2\/product"}],"about":[{"href":"https:\/\/www.vadaszboltcsorna.hu\/index.php\/wp-json\/wp\/v2\/types\/product"}],"replies":[{"embeddable":true,"href":"https:\/\/www.vadaszboltcsorna.hu\/index.php\/wp-json\/wp\/v2\/comments?post=3521"}],"wp:featuredmedia":[{"embeddable":true,"href":"https:\/\/www.vadaszboltcsorna.hu\/index.php\/wp-json\/wp\/v2\/media\/3523"}],"wp:attachment":[{"href":"https:\/\/www.vadaszboltcsorna.hu\/index.php\/wp-json\/wp\/v2\/media?parent=3521"}],"wp:term":[{"taxonomy":"product_brand","embeddable":true,"href":"https:\/\/www.vadaszboltcsorna.hu\/index.php\/wp-json\/wp\/v2\/product_brand?post=3521"},{"taxonomy":"product_cat","embeddable":true,"href":"https:\/\/www.vadaszboltcsorna.hu\/index.php\/wp-json\/wp\/v2\/product_cat?post=3521"},{"taxonomy":"product_tag","embeddable":true,"href":"https:\/\/www.vadaszboltcsorna.hu\/index.php\/wp-json\/wp\/v2\/product_tag?post=3521"}],"curies":[{"name":"wp","href":"https:\/\/api.w.org\/{rel}","templated":true}]}}