{"id":3510,"date":"2022-08-19T11:10:26","date_gmt":"2022-08-19T11:10:26","guid":{"rendered":"https:\/\/www.vadaszboltcsorna.hu\/?post_type=product&#038;p=3510"},"modified":"2024-08-05T10:51:03","modified_gmt":"2024-08-05T10:51:03","slug":"m-246-1831-kamasli","status":"publish","type":"product","link":"https:\/\/www.vadaszboltcsorna.hu\/index.php\/termek\/m-246-1831-kamasli\/","title":{"rendered":"M-246-1831 Kam\u00e1sli"},"content":{"rendered":"<h2><strong>M-246-1831 Kam\u00e1sli<\/strong><\/h2>\n<h3>Az alj\u00e1n \u00e9s a boka f\u00f6l\u00f6tt gum\u00edroz\u00e1s, a tetej\u00e9n pedig f\u0171z\u0151 biztos\u00edtja a t\u00f6k\u00e9letes illeszked\u00e9st. Teljesen v\u00edzhatlan, oldalt cipz\u00e1rozott.<\/h3>\n<h3>Az \u00e1rak t\u00e1j\u00e9koztat\u00f3 jelleg\u0171ek, az \u00e1rv\u00e1ltoz\u00e1s jog\u00e1t fenntartjuk!<\/h3>\n<p>&nbsp;<\/p>\n","protected":false},"excerpt":{"rendered":"<p>M-246-1831 Kam\u00e1sli Az alj\u00e1n \u00e9s a boka f\u00f6l\u00f6tt gum\u00edroz\u00e1s, a tetej\u00e9n pedig f\u0171z\u0151 biztos\u00edtja a t\u00f6k\u00e9letes illeszked\u00e9st. Teljesen v\u00edzhatlan, oldalt cipz\u00e1rozott. Az \u00e1rak t\u00e1j\u00e9koztat\u00f3 jelleg\u0171ek, az \u00e1rv\u00e1ltoz\u00e1s jog\u00e1t fenntartjuk! &nbsp;<\/p>\n","protected":false},"featured_media":3512,"comment_status":"open","ping_status":"closed","template":"","meta":{"_et_pb_use_builder":"","_et_pb_old_content":"","_et_gb_content_width":"","om_disable_all_campaigns":false},"product_brand":[],"product_cat":[21,733,160],"product_tag":[890,70,85,555],"class_list":{"0":"post-3510","1":"product","2":"type-product","3":"status-publish","4":"has-post-thumbnail","6":"product_cat-uj","7":"product_cat-kamasli","8":"product_cat-labbelik","9":"product_tag-m-246-1831-kamasli","10":"product_tag-vadaszat","11":"product_tag-vadaszfelszereles","12":"product_tag-vadaszruhazat","14":"first","15":"instock","16":"taxable","17":"shipping-taxable","18":"purchasable","19":"product-type-simple"},"_links":{"self":[{"href":"https:\/\/www.vadaszboltcsorna.hu\/index.php\/wp-json\/wp\/v2\/product\/3510","targetHints":{"allow":["GET"]}}],"collection":[{"href":"https:\/\/www.vadaszboltcsorna.hu\/index.php\/wp-json\/wp\/v2\/product"}],"about":[{"href":"https:\/\/www.vadaszboltcsorna.hu\/index.php\/wp-json\/wp\/v2\/types\/product"}],"replies":[{"embeddable":true,"href":"https:\/\/www.vadaszboltcsorna.hu\/index.php\/wp-json\/wp\/v2\/comments?post=3510"}],"wp:featuredmedia":[{"embeddable":true,"href":"https:\/\/www.vadaszboltcsorna.hu\/index.php\/wp-json\/wp\/v2\/media\/3512"}],"wp:attachment":[{"href":"https:\/\/www.vadaszboltcsorna.hu\/index.php\/wp-json\/wp\/v2\/media?parent=3510"}],"wp:term":[{"taxonomy":"product_brand","embeddable":true,"href":"https:\/\/www.vadaszboltcsorna.hu\/index.php\/wp-json\/wp\/v2\/product_brand?post=3510"},{"taxonomy":"product_cat","embeddable":true,"href":"https:\/\/www.vadaszboltcsorna.hu\/index.php\/wp-json\/wp\/v2\/product_cat?post=3510"},{"taxonomy":"product_tag","embeddable":true,"href":"https:\/\/www.vadaszboltcsorna.hu\/index.php\/wp-json\/wp\/v2\/product_tag?post=3510"}],"curies":[{"name":"wp","href":"https:\/\/api.w.org\/{rel}","templated":true}]}}