{"id":3505,"date":"2022-08-18T11:42:23","date_gmt":"2022-08-18T11:42:23","guid":{"rendered":"https:\/\/www.vadaszboltcsorna.hu\/?post_type=product&#038;p=3505"},"modified":"2023-01-13T10:18:37","modified_gmt":"2023-01-13T10:18:37","slug":"akah-vaszon-hatizsak-csendes","status":"publish","type":"product","link":"https:\/\/www.vadaszboltcsorna.hu\/index.php\/termek\/akah-vaszon-hatizsak-csendes\/","title":{"rendered":"AKAH v\u00e1szon h\u00e1tizs\u00e1k csendes"},"content":{"rendered":"<h2 id=\"tw-target-text\" class=\"tw-data-text tw-text-large tw-ta\" dir=\"ltr\" data-placeholder=\"Ford\u00edt\u00e1s\"><strong><span class=\"Y2IQFc\" lang=\"hu\">AKAH v\u00e1szon h\u00e1tizs\u00e1k csendes<\/span><\/strong><\/h2>\n<h3><strong>61321<\/strong><\/h3>\n<h3 class=\"tw-data-text tw-text-large tw-ta\" dir=\"ltr\" data-placeholder=\"Ford\u00edt\u00e1s\"><span class=\"Y2IQFc\" lang=\"hu\">F\u00e1b\u00f3l k\u00e9sz\u00fclt billen\u0151z\u00e1rral<\/span>.<\/h3>\n<h3 id=\"tw-target-text\" class=\"tw-data-text tw-text-large tw-ta\" dir=\"ltr\" data-placeholder=\"Ford\u00edt\u00e1s\"><span class=\"Y2IQFc\" lang=\"hu\">A gy\u00e1rt\u00e1si folyamatok optimaliz\u00e1l\u00e1s\u00e1val az AKAH-nak verhetetlen \u00e1r-min\u0151s\u00e9g ar\u00e1nyt siker\u00fclt kialak\u00edtania. V\u00e1szon 100% kiv\u00e1l\u00f3 min\u0151s\u00e9g\u0171 pamutb\u00f3l, v\u00edz\u00e1ll\u00f3, rothad\u00e1s\u00e1ll\u00f3, nagyon szakad\u00e1s\u00e1ll\u00f3. Minden b\u0151ralkatr\u00e9sz val\u00f3di, \u00e1tfestett bivalymag b\u0151rb\u0151l k\u00e9sz\u00fclt \u2013 has\u00edtott b\u0151r vagy ak\u00e1r m\u0171b\u0151r n\u00e9lk\u00fcl. Minden kapocs, csat \u00e9s kamp\u00f3 bronzos s\u00e1rgar\u00e9zb\u0151l k\u00e9sz\u00fclt. Minden h\u00e1ts\u00f3 p\u00e1nt vastagon p\u00e1rn\u00e1zott h\u00e1l\u00f3val. Minden csomagol\u00e1s \u00fajrahasznos\u00edthat\u00f3 a praktikus, k\u00f6rnyezetbar\u00e1t nem sz\u0151tt zacsk\u00f3knak k\u00f6sz\u00f6nhet\u0151en \u2013 a j\u00f6v\u0151ben PVC n\u00e9lk\u00fcl. \u0170rtartalom: 25L S\u00faly: kb 900g M\u00e9retei: 50&#215;55 cm<\/span><\/h3>\n<div id=\"tw-target-rmn-container\" class=\"tw-target-rmn tw-ta-container F0azHf tw-nfl\">\n<h3 id=\"tw-target-rmn\" class=\"tw-data-placeholder tw-text-small tw-ta\" dir=\"ltr\">Az \u00e1rak t\u00e1j\u00e9koztat\u00f3 jelleg\u0171ek nem min\u0151s\u00fcl hivatalos aj\u00e1nlat t\u00e9telnek!<br \/>\nAz \u00e1rv\u00e1ltoz\u00e1s jog\u00e1t fenntartjuk!<\/h3>\n<\/div>\n<p>&nbsp;<\/p>\n","protected":false},"excerpt":{"rendered":"<p>AKAH v\u00e1szon h\u00e1tizs\u00e1k csendes 61321 F\u00e1b\u00f3l k\u00e9sz\u00fclt billen\u0151z\u00e1rral. A gy\u00e1rt\u00e1si folyamatok optimaliz\u00e1l\u00e1s\u00e1val az AKAH-nak verhetetlen \u00e1r-min\u0151s\u00e9g ar\u00e1nyt siker\u00fclt kialak\u00edtania. V\u00e1szon 100% kiv\u00e1l\u00f3 min\u0151s\u00e9g\u0171 pamutb\u00f3l, v\u00edz\u00e1ll\u00f3, rothad\u00e1s\u00e1ll\u00f3, nagyon szakad\u00e1s\u00e1ll\u00f3. Minden b\u0151ralkatr\u00e9sz val\u00f3di, \u00e1tfestett bivalymag b\u0151rb\u0151l k\u00e9sz\u00fclt \u2013 has\u00edtott b\u0151r vagy ak\u00e1r m\u0171b\u0151r n\u00e9lk\u00fcl. Minden kapocs, csat \u00e9s kamp\u00f3 bronzos s\u00e1rgar\u00e9zb\u0151l k\u00e9sz\u00fclt. Minden h\u00e1ts\u00f3 p\u00e1nt vastagon p\u00e1rn\u00e1zott [&hellip;]<\/p>\n","protected":false},"featured_media":3507,"comment_status":"open","ping_status":"closed","template":"","meta":{"_et_pb_use_builder":"","_et_pb_old_content":"","_et_gb_content_width":"","om_disable_all_campaigns":false},"product_brand":[],"product_cat":[21,741],"product_tag":[889,497,537,364,743,70],"class_list":{"0":"post-3505","1":"product","2":"type-product","3":"status-publish","4":"has-post-thumbnail","6":"product_cat-uj","7":"product_cat-vadasz-hatizsakok-taskak","8":"product_tag-akah-vaszon-hatizsak-csendes","9":"product_tag-hunting","10":"product_tag-turazas","11":"product_tag-vadasz-felszereles","12":"product_tag-vadasz-hatizsak","13":"product_tag-vadaszat","15":"first","16":"instock","17":"taxable","18":"shipping-taxable","19":"purchasable","20":"product-type-simple"},"_links":{"self":[{"href":"https:\/\/www.vadaszboltcsorna.hu\/index.php\/wp-json\/wp\/v2\/product\/3505","targetHints":{"allow":["GET"]}}],"collection":[{"href":"https:\/\/www.vadaszboltcsorna.hu\/index.php\/wp-json\/wp\/v2\/product"}],"about":[{"href":"https:\/\/www.vadaszboltcsorna.hu\/index.php\/wp-json\/wp\/v2\/types\/product"}],"replies":[{"embeddable":true,"href":"https:\/\/www.vadaszboltcsorna.hu\/index.php\/wp-json\/wp\/v2\/comments?post=3505"}],"wp:featuredmedia":[{"embeddable":true,"href":"https:\/\/www.vadaszboltcsorna.hu\/index.php\/wp-json\/wp\/v2\/media\/3507"}],"wp:attachment":[{"href":"https:\/\/www.vadaszboltcsorna.hu\/index.php\/wp-json\/wp\/v2\/media?parent=3505"}],"wp:term":[{"taxonomy":"product_brand","embeddable":true,"href":"https:\/\/www.vadaszboltcsorna.hu\/index.php\/wp-json\/wp\/v2\/product_brand?post=3505"},{"taxonomy":"product_cat","embeddable":true,"href":"https:\/\/www.vadaszboltcsorna.hu\/index.php\/wp-json\/wp\/v2\/product_cat?post=3505"},{"taxonomy":"product_tag","embeddable":true,"href":"https:\/\/www.vadaszboltcsorna.hu\/index.php\/wp-json\/wp\/v2\/product_tag?post=3505"}],"curies":[{"name":"wp","href":"https:\/\/api.w.org\/{rel}","templated":true}]}}