{"id":3496,"date":"2022-08-18T11:16:56","date_gmt":"2022-08-18T11:16:56","guid":{"rendered":"https:\/\/www.vadaszboltcsorna.hu\/?post_type=product&#038;p=3496"},"modified":"2022-08-18T11:21:02","modified_gmt":"2022-08-18T11:21:02","slug":"hubertus-muszorme-tok-soretes-puskakhoz","status":"publish","type":"product","link":"https:\/\/www.vadaszboltcsorna.hu\/index.php\/termek\/hubertus-muszorme-tok-soretes-puskakhoz\/","title":{"rendered":"HUBERTUS m\u0171sz\u0151rme tok s\u00f6r\u00e9tes pusk\u00e1khoz"},"content":{"rendered":"<div id=\"tw-target-text-container\" class=\"tw-ta-container F0azHf tw-nfl\" tabindex=\"0\">\n<div id=\"tw-target-text-container\" class=\"tw-ta-container F0azHf tw-nfl\" tabindex=\"0\">\n<h2 id=\"tw-target-text\" class=\"tw-data-text tw-text-large tw-ta\" dir=\"ltr\" data-placeholder=\"Ford\u00edt\u00e1s\"><strong><span class=\"Y2IQFc\" lang=\"hu\">HUBERTUS m\u0171sz\u0151rme tok s\u00f6r\u00e9tes pusk\u00e1khoz<\/span><\/strong><\/h2>\n<\/div>\n<div id=\"tw-target-rmn-container\" class=\"tw-target-rmn tw-ta-container F0azHf tw-nfl\">\n<pre id=\"tw-target-rmn\" class=\"tw-data-placeholder tw-text-small tw-ta\" dir=\"ltr\" data-placeholder=\"\"><\/pre>\n<\/div>\n<h3 id=\"tw-target-text\" class=\"tw-data-text tw-text-large tw-ta\" dir=\"ltr\" data-placeholder=\"Ford\u00edt\u00e1s\"><span class=\"Y2IQFc\" lang=\"hu\">A robusztus 600 D tok k\u00f6rk\u00f6r\u00f6s foganty\u00faval, \u00e1ll\u00edthat\u00f3 hord sz\u00edjjal \u00e9s akaszt\u00f3hurokkal vastagon<br \/>\nm\u0171sz\u0151rm\u00e9vel b\u00e9lelt, \u00e9s er\u0151s m\u0171anyagb\u00f3l k\u00e9sz\u00fclt orrv\u00e9d\u0151vel rendelkezik.<br \/>\nDupla cipz\u00e1r rendelhet\u0151, \u00edgy sz\u00fcks\u00e9g eset\u00e9n kombin\u00e1lt z\u00e1r is r\u00f6gz\u00edthet\u0151. S\u00f6r\u00e9tes pusk\u00e1khoz: 130 cm, z\u00f6ld.<\/span><\/h3>\n<h3>Az \u00e1rak t\u00e1j\u00e9koztat\u00f3 jelleg\u0171ek, az \u00e1rv\u00e1ltoz\u00e1s jog\u00e1t fenntartjuk!<\/h3>\n<\/div>\n<div id=\"tw-target-rmn-container\" class=\"tw-target-rmn tw-ta-container F0azHf tw-nfl\">\n<pre id=\"tw-target-rmn\" class=\"tw-data-placeholder tw-text-small tw-ta\" dir=\"ltr\" data-placeholder=\"\"><\/pre>\n<\/div>\n","protected":false},"excerpt":{"rendered":"<p>HUBERTUS m\u0171sz\u0151rme tok s\u00f6r\u00e9tes pusk\u00e1khoz A robusztus 600 D tok k\u00f6rk\u00f6r\u00f6s foganty\u00faval, \u00e1ll\u00edthat\u00f3 hord sz\u00edjjal \u00e9s akaszt\u00f3hurokkal vastagon m\u0171sz\u0151rm\u00e9vel b\u00e9lelt, \u00e9s er\u0151s m\u0171anyagb\u00f3l k\u00e9sz\u00fclt orrv\u00e9d\u0151vel rendelkezik. Dupla cipz\u00e1r rendelhet\u0151, \u00edgy sz\u00fcks\u00e9g eset\u00e9n kombin\u00e1lt z\u00e1r is r\u00f6gz\u00edthet\u0151. S\u00f6r\u00e9tes pusk\u00e1khoz: 130 cm, z\u00f6ld. Az \u00e1rak t\u00e1j\u00e9koztat\u00f3 jelleg\u0171ek, az \u00e1rv\u00e1ltoz\u00e1s jog\u00e1t fenntartjuk!<\/p>\n","protected":false},"featured_media":3498,"comment_status":"open","ping_status":"closed","template":"","meta":{"_et_pb_use_builder":"","_et_pb_old_content":"","_et_gb_content_width":"","om_disable_all_campaigns":false},"product_brand":[],"product_cat":[21,587,589],"product_tag":[591,816,85],"class_list":{"0":"post-3496","1":"product","2":"type-product","3":"status-publish","4":"has-post-thumbnail","6":"product_cat-uj","7":"product_cat-fegyvertokok","8":"product_cat-soretes-puska-tok","9":"product_tag-fegyvertok","10":"product_tag-hubertus-muszorme-tok-soretes-puskakhoz","11":"product_tag-vadaszfelszereles","13":"first","14":"instock","15":"taxable","16":"shipping-taxable","17":"purchasable","18":"product-type-simple"},"_links":{"self":[{"href":"https:\/\/www.vadaszboltcsorna.hu\/index.php\/wp-json\/wp\/v2\/product\/3496","targetHints":{"allow":["GET"]}}],"collection":[{"href":"https:\/\/www.vadaszboltcsorna.hu\/index.php\/wp-json\/wp\/v2\/product"}],"about":[{"href":"https:\/\/www.vadaszboltcsorna.hu\/index.php\/wp-json\/wp\/v2\/types\/product"}],"replies":[{"embeddable":true,"href":"https:\/\/www.vadaszboltcsorna.hu\/index.php\/wp-json\/wp\/v2\/comments?post=3496"}],"wp:featuredmedia":[{"embeddable":true,"href":"https:\/\/www.vadaszboltcsorna.hu\/index.php\/wp-json\/wp\/v2\/media\/3498"}],"wp:attachment":[{"href":"https:\/\/www.vadaszboltcsorna.hu\/index.php\/wp-json\/wp\/v2\/media?parent=3496"}],"wp:term":[{"taxonomy":"product_brand","embeddable":true,"href":"https:\/\/www.vadaszboltcsorna.hu\/index.php\/wp-json\/wp\/v2\/product_brand?post=3496"},{"taxonomy":"product_cat","embeddable":true,"href":"https:\/\/www.vadaszboltcsorna.hu\/index.php\/wp-json\/wp\/v2\/product_cat?post=3496"},{"taxonomy":"product_tag","embeddable":true,"href":"https:\/\/www.vadaszboltcsorna.hu\/index.php\/wp-json\/wp\/v2\/product_tag?post=3496"}],"curies":[{"name":"wp","href":"https:\/\/api.w.org\/{rel}","templated":true}]}}