{"id":3486,"date":"2022-08-18T07:28:19","date_gmt":"2022-08-18T07:28:19","guid":{"rendered":"https:\/\/www.vadaszboltcsorna.hu\/?post_type=product&#038;p=3486"},"modified":"2024-08-05T10:04:25","modified_gmt":"2024-08-05T10:04:25","slug":"m-397-1660-wzg-tongass-k130-hosszu-fegyvertok","status":"publish","type":"product","link":"https:\/\/www.vadaszboltcsorna.hu\/index.php\/termek\/m-397-1660-wzg-tongass-k130-hosszu-fegyvertok\/","title":{"rendered":"M-397-1660 WZG Tongass K130 Hossz\u00fa Fegyvertok"},"content":{"rendered":"<h2><strong>M-397-1660 WZG Tongass K130 Hossz\u00fa Fegyvertok<\/strong><\/h2>\n<h3>WZG &#8211; TONGASS DARK FEGYVERTOK<\/h3>\n<h3>Technikai adatok:<br \/>\nAnyaga: 100% poli\u00e9szter + PVC<br \/>\nB\u00e9l\u00e9s anyaga: szivacs<br \/>\nM\u00e9ret: 130x30x9cm; 115x30x9cm<\/h3>\n<h3>Term\u00e9kle\u00edr\u00e1s:<br \/>\nV\u00edzhatlan k\u00fcls\u0151 bor\u00edt\u00e1s.<br \/>\nPol\u00e1r anyaggal \u00e9s szivaccsal b\u00e9lelt fegyvertok, mely megv\u00e9di fegyvert \u00e9s t\u00e1vcs\u00f6v\u00e9t az \u00fct\u0151d\u00e9sekt\u0151l, s\u00e9r\u00fcl\u00e9sekt\u0151l.<br \/>\nA tok oldal\u00e1n tal\u00e1lhat\u00f3 nagy m\u00e9ret\u0171, szivaccsal b\u00e9lelt t\u00e1rol\u00f3 zseb, hasznos kieg\u00e9sz\u00edt\u0151 a pakol\u00e1sn\u00e1l<br \/>\nTeljes hossz\u00e1n m\u0171k\u00f6d\u0151 er\u0151s cipz\u00e1rral van ell\u00e1tva.<br \/>\n\u00c1ll\u00edthat\u00f3 \u00e9s levehet\u0151 v\u00e1llsz\u00edjjal .<br \/>\nMindk\u00e9t oldal\u00e1ra varrott foganty\u00fa ker\u00fclt.<br \/>\n130 \u00e9s 115 cm-es m\u00e9retben rendelhet\u0151.<\/h3>\n<h3>Az \u00e1rak t\u00e1j\u00e9koztat\u00f3 jelleg\u0171ek nem min\u0151s\u00fcl hivatalos aj\u00e1nlat t\u00e9telnek!<br \/>\nAz \u00e1rv\u00e1ltoz\u00e1s jog\u00e1t fenntartjuk!<\/h3>\n<h3><\/h3>\n","protected":false},"excerpt":{"rendered":"<p>M-397-1660 WZG Tongass K130 Hossz\u00fa Fegyvertok WZG &#8211; TONGASS DARK FEGYVERTOK Technikai adatok: Anyaga: 100% poli\u00e9szter + PVC B\u00e9l\u00e9s anyaga: szivacs M\u00e9ret: 130x30x9cm; 115x30x9cm Term\u00e9kle\u00edr\u00e1s: V\u00edzhatlan k\u00fcls\u0151 bor\u00edt\u00e1s. Pol\u00e1r anyaggal \u00e9s szivaccsal b\u00e9lelt fegyvertok, mely megv\u00e9di fegyvert \u00e9s t\u00e1vcs\u00f6v\u00e9t az \u00fct\u0151d\u00e9sekt\u0151l, s\u00e9r\u00fcl\u00e9sekt\u0151l. A tok oldal\u00e1n tal\u00e1lhat\u00f3 nagy m\u00e9ret\u0171, szivaccsal b\u00e9lelt t\u00e1rol\u00f3 zseb, hasznos kieg\u00e9sz\u00edt\u0151 a [&hellip;]<\/p>\n","protected":false},"featured_media":3488,"comment_status":"open","ping_status":"closed","template":"","meta":{"_et_pb_use_builder":"","_et_pb_old_content":"","_et_gb_content_width":"","om_disable_all_campaigns":false},"product_brand":[],"product_cat":[21,587,588],"product_tag":[591,497,885,364],"class_list":{"0":"post-3486","1":"product","2":"type-product","3":"status-publish","4":"has-post-thumbnail","6":"product_cat-uj","7":"product_cat-fegyvertokok","8":"product_cat-golyos-fegyvertok","9":"product_tag-fegyvertok","10":"product_tag-hunting","11":"product_tag-m-397-1660-wzg-tongass-k130-hosszu-fegyvertok","12":"product_tag-vadasz-felszereles","14":"first","15":"instock","16":"taxable","17":"shipping-taxable","18":"purchasable","19":"product-type-simple"},"_links":{"self":[{"href":"https:\/\/www.vadaszboltcsorna.hu\/index.php\/wp-json\/wp\/v2\/product\/3486","targetHints":{"allow":["GET"]}}],"collection":[{"href":"https:\/\/www.vadaszboltcsorna.hu\/index.php\/wp-json\/wp\/v2\/product"}],"about":[{"href":"https:\/\/www.vadaszboltcsorna.hu\/index.php\/wp-json\/wp\/v2\/types\/product"}],"replies":[{"embeddable":true,"href":"https:\/\/www.vadaszboltcsorna.hu\/index.php\/wp-json\/wp\/v2\/comments?post=3486"}],"wp:featuredmedia":[{"embeddable":true,"href":"https:\/\/www.vadaszboltcsorna.hu\/index.php\/wp-json\/wp\/v2\/media\/3488"}],"wp:attachment":[{"href":"https:\/\/www.vadaszboltcsorna.hu\/index.php\/wp-json\/wp\/v2\/media?parent=3486"}],"wp:term":[{"taxonomy":"product_brand","embeddable":true,"href":"https:\/\/www.vadaszboltcsorna.hu\/index.php\/wp-json\/wp\/v2\/product_brand?post=3486"},{"taxonomy":"product_cat","embeddable":true,"href":"https:\/\/www.vadaszboltcsorna.hu\/index.php\/wp-json\/wp\/v2\/product_cat?post=3486"},{"taxonomy":"product_tag","embeddable":true,"href":"https:\/\/www.vadaszboltcsorna.hu\/index.php\/wp-json\/wp\/v2\/product_tag?post=3486"}],"curies":[{"name":"wp","href":"https:\/\/api.w.org\/{rel}","templated":true}]}}