{"id":3484,"date":"2022-08-18T07:21:08","date_gmt":"2022-08-18T07:21:08","guid":{"rendered":"https:\/\/www.vadaszboltcsorna.hu\/?post_type=product&#038;p=3484"},"modified":"2024-08-05T10:03:12","modified_gmt":"2024-08-05T10:03:12","slug":"m-385-1914-wzg-enigma-129cm-premium-fegyvertok","status":"publish","type":"product","link":"https:\/\/www.vadaszboltcsorna.hu\/index.php\/termek\/m-385-1914-wzg-enigma-129cm-premium-fegyvertok\/","title":{"rendered":"M-385-1914 WZG ENIGMA 129cm Pr\u00e9mium Fegyvertok"},"content":{"rendered":"<h2>M-385-1914 WZG ENIGMA 129cm Pr\u00e9mium Fegyvertok<\/h2>\n<h3>Exkluz\u00edv kivitel, nagy m\u00e9ret\u0171 t\u00e1vcs\u0151vel szerelt fegyverek r\u00e9sz\u00e9re kialak\u00edtott forma. Rendk\u00edv\u00fcl puha pol\u00e1r b\u00e9lel\u0151 \u00e9s 3cm vastags\u00e1g\u00fa polyuret\u00e1n habszivacs rendk\u00edv\u00fcli v\u00e9delmet ny\u00fajt a fels\u0151bb kateg\u00f3ri\u00e1s fegyverek sz\u00e1m\u00e1ra is.<\/h3>\n<h3>Az \u00e1rak t\u00e1j\u00e9koztat\u00f3 jelleg\u0171ek nem min\u0151s\u00fcl hivatalos aj\u00e1nlat t\u00e9telnek!<br \/>\nAz \u00e1rv\u00e1ltoz\u00e1s jog\u00e1t fenntartjuk!<\/h3>\n","protected":false},"excerpt":{"rendered":"<p>M-385-1914 WZG ENIGMA 129cm Pr\u00e9mium Fegyvertok Exkluz\u00edv kivitel, nagy m\u00e9ret\u0171 t\u00e1vcs\u0151vel szerelt fegyverek r\u00e9sz\u00e9re kialak\u00edtott forma. Rendk\u00edv\u00fcl puha pol\u00e1r b\u00e9lel\u0151 \u00e9s 3cm vastags\u00e1g\u00fa polyuret\u00e1n habszivacs rendk\u00edv\u00fcli v\u00e9delmet ny\u00fajt a fels\u0151bb kateg\u00f3ri\u00e1s fegyverek sz\u00e1m\u00e1ra is. Az \u00e1rak t\u00e1j\u00e9koztat\u00f3 jelleg\u0171ek nem min\u0151s\u00fcl hivatalos aj\u00e1nlat t\u00e9telnek! Az \u00e1rv\u00e1ltoz\u00e1s jog\u00e1t fenntartjuk!<\/p>\n","protected":false},"featured_media":3485,"comment_status":"open","ping_status":"closed","template":"","meta":{"_et_pb_use_builder":"","_et_pb_old_content":"","_et_gb_content_width":"","om_disable_all_campaigns":false},"product_brand":[],"product_cat":[21,587,588],"product_tag":[591,497,884,364],"class_list":{"0":"post-3484","1":"product","2":"type-product","3":"status-publish","4":"has-post-thumbnail","6":"product_cat-uj","7":"product_cat-fegyvertokok","8":"product_cat-golyos-fegyvertok","9":"product_tag-fegyvertok","10":"product_tag-hunting","11":"product_tag-m-385-1914-wzg-enigma-129cm-premium-fegyvertok","12":"product_tag-vadasz-felszereles","14":"first","15":"instock","16":"taxable","17":"shipping-taxable","18":"purchasable","19":"product-type-simple"},"_links":{"self":[{"href":"https:\/\/www.vadaszboltcsorna.hu\/index.php\/wp-json\/wp\/v2\/product\/3484","targetHints":{"allow":["GET"]}}],"collection":[{"href":"https:\/\/www.vadaszboltcsorna.hu\/index.php\/wp-json\/wp\/v2\/product"}],"about":[{"href":"https:\/\/www.vadaszboltcsorna.hu\/index.php\/wp-json\/wp\/v2\/types\/product"}],"replies":[{"embeddable":true,"href":"https:\/\/www.vadaszboltcsorna.hu\/index.php\/wp-json\/wp\/v2\/comments?post=3484"}],"wp:featuredmedia":[{"embeddable":true,"href":"https:\/\/www.vadaszboltcsorna.hu\/index.php\/wp-json\/wp\/v2\/media\/3485"}],"wp:attachment":[{"href":"https:\/\/www.vadaszboltcsorna.hu\/index.php\/wp-json\/wp\/v2\/media?parent=3484"}],"wp:term":[{"taxonomy":"product_brand","embeddable":true,"href":"https:\/\/www.vadaszboltcsorna.hu\/index.php\/wp-json\/wp\/v2\/product_brand?post=3484"},{"taxonomy":"product_cat","embeddable":true,"href":"https:\/\/www.vadaszboltcsorna.hu\/index.php\/wp-json\/wp\/v2\/product_cat?post=3484"},{"taxonomy":"product_tag","embeddable":true,"href":"https:\/\/www.vadaszboltcsorna.hu\/index.php\/wp-json\/wp\/v2\/product_tag?post=3484"}],"curies":[{"name":"wp","href":"https:\/\/api.w.org\/{rel}","templated":true}]}}