{"id":348,"date":"2021-04-19T09:33:04","date_gmt":"2021-04-19T09:33:04","guid":{"rendered":"http:\/\/www.vadaszboltcsorna.hu\/?post_type=product&#038;p=348"},"modified":"2026-04-18T05:45:17","modified_gmt":"2026-04-18T05:45:17","slug":"dorr-automata-vadeteto","status":"publish","type":"product","link":"https:\/\/www.vadaszboltcsorna.hu\/index.php\/termek\/dorr-automata-vadeteto\/","title":{"rendered":"D\u00f6rr Automata etet\u0151 t\u00e1rol\u00f3val"},"content":{"rendered":"<h2 class=\"page-head-title product-page-head-title\"><strong><span class=\"product-page-product-name\">D\u00f6rr Automata etet\u0151 t\u00e1rol\u00f3val<\/span><\/strong><\/h2>\n<h4>(204371)<\/h4>\n<h4>A k\u00f6vetkez\u0151 gener\u00e1ci\u00f3 takarm\u00e1nyoz\u00e1si menedzsmentje: A D\u00d6RR automata tarol\u00f3s etet\u0151je<\/h4>\n<h4>\u2705 Hat\u00e9kony takarm\u00e1nyoz\u00e1s egyszer\u0171en!<br \/>\n\u2705 Testre szabott etet\u00e9si id\u0151k<br \/>\n\u2705 Sokoldal\u00fa takarm\u00e1nyv\u00e1laszt\u00e1s \u00e9s pontos vez\u00e9rl\u00e9s<br \/>\n\u2705 Nagyvonal\u00fa hat\u00f3t\u00e1vols\u00e1g<br \/>\n\u2705 \u00d6sszecsukhat\u00f3 tart\u00e1ly<br \/>\n\u2705 Rugalmas energiaopci\u00f3k<\/h4>\n<h4>\u2713 Hat\u00e9kony etet\u00e9s egyszer\u0171en!<br \/>\nFedezze fel a D\u00d6RR Compact automata etet\u0151t &#8211; az \u00d6n megb\u00edzhat\u00f3 partnere a hat\u00e9kony vad- \u00e9s baromfi takarm\u00e1nyoz\u00e1shoz. Az etet\u0151 kiemelked\u0151 funkci\u00f3ival \u00e9s innovat\u00edv kialak\u00edt\u00e1s\u00e1val minden tekintetben meggy\u0151z\u0151.<\/h4>\n<h4>\u2713 Testre szabott etet\u00e9si id\u0151k<br \/>\nAz etet\u0151automata t\u00f6k\u00e9letes partner a term\u00e9szetes etet\u00e9si rutinhoz. A g\u00edmszarvas, a vaddiszn\u00f3, a baromfi, az apr\u00f3vad, de a halak is haszn\u00e1t veszik ennek a megb\u00edzhat\u00f3 seg\u00edt\u0151nek. A naponta ak\u00e1r 4 programozhat\u00f3 etet\u00e9si id\u0151vel megb\u00edzhat\u00f3 rutint hozhat l\u00e9tre, amely vonzza a vadat, \u00e9s lehet\u0151v\u00e9 teszi a c\u00e9lzott elterel\u0151 etet\u00e9st a vadk\u00e1rok minimaliz\u00e1l\u00e1sa \u00e9rdek\u00e9ben.<\/h4>\n<h4>\u2713 Sokoldal\u00fa takarm\u00e1nyv\u00e1laszt\u00e1s \u00e9s pontos ellen\u0151rz\u00e9s.<br \/>\nKukoric\u00e1t, gabon\u00e1t \u00e9s egyebeket is k\u00f6nnyed\u00e9n sz\u00f3rhat. A takarm\u00e1nysz\u00f3r\u00f3 t\u00f6bbf\u00e9le takarm\u00e1nyt\u00edpust is sz\u00e9toszt, \u00e9s optim\u00e1lisan be\u00e1ll\u00edthat\u00f3 a vad ig\u00e9nyeihez. A sz\u00f3r\u00e1si id\u0151 1-30 m\u00e1sodperc k\u00f6z\u00f6tt \u00e1ll\u00edthat\u00f3 &#8211; a takarm\u00e1ny pontos adagol\u00e1s\u00e1hoz. M\u00e1sodpercenk\u00e9nt kb. 125 g kukorica vagy teljes ki\u0151rl\u00e9s\u0171 gabona sz\u00f3rhat\u00f3 sz\u00e9t, \u00edgy biztos\u00edtva az optim\u00e1lis takarm\u00e1ny eloszt\u00e1st.<\/h4>\n<h4>\u2713 B\u0151s\u00e9ges v\u00e1laszt\u00e9k<br \/>\nAz ak\u00e1r 7 m\u00e9teres sz\u00f3r\u00e1si tartom\u00e1ny lehet\u0151v\u00e9 teszi a nagy ter\u00fclet ell\u00e1t\u00e1s\u00e1t. A hat\u00f3t\u00e1vols\u00e1g a takarm\u00e1nydarabok m\u00e9ret\u00e9t\u0151l \u00e9s s\u00faly\u00e1t\u00f3l, valamint a takarm\u00e1nysz\u00f3r\u00f3 helyzet\u00e9t\u0151l f\u00fcgg\u0151en v\u00e1ltozik. Legyen sz\u00f3 terel\u0151t\u00e1pl\u00e1l\u00e1sr\u00f3l, ketrecekben t\u00f6rt\u00e9n\u0151 etet\u00e9sr\u0151l &#8211; a D\u00d6RR takarm\u00e1nysz\u00f3r\u00f3 minden helyzetben bizony\u00edtja l\u00e9tjogosults\u00e1g\u00e1t. Az automatikus takarm\u00e1nyeloszt\u00e1s a harap\u00e1s\u00e1ll\u00f3 f\u00e9m sz\u00f3r\u00f3t\u00e1rcs\u00e1val egyenletes \u00e9s ellen\u0151rz\u00f6tt sz\u00f3r\u00e1st biztos\u00edt.<\/h4>\n<h4>\u2713 \u00d6sszecsukhat\u00f3 tart\u00e1ly<br \/>\nAz id\u0151j\u00e1r\u00e1s\u00e1ll\u00f3 m\u0171anyagb\u00f3l k\u00e9sz\u00fclt robusztus takarm\u00e1nytart\u00e1lyban ak\u00e1r 20 kg vagy 25 liter takarm\u00e1ny is elf\u00e9r. A 3 teleszk\u00f3pos tart\u00e1lyr\u00e9sz k\u00faposan fut egym\u00e1sba, \u00e9s helytakar\u00e9kos sz\u00e1ll\u00edt\u00e1st \u00e9s t\u00e1rol\u00e1st tesz lehet\u0151v\u00e9. A t\u00e1rol\u00f3tart\u00e1lyon tal\u00e1lhat\u00f3 stabil f\u00e9mtart\u00f3 biztos\u00edtja az etet\u0151 biztons\u00e1gos felf\u00fcggeszt\u00e9s\u00e9t. Hossz\u00fa t\u00e1v\u00fa haszn\u00e1latra, amely minden kih\u00edv\u00e1snak ellen\u00e1ll.<\/h4>\n<h4>Van m\u00e1r megfelel\u0151 takarm\u00e1nytart\u00e1lya, p\u00e9ld\u00e1ul egy k\u00e9k kuka? Akkor v\u00e1lassza a t\u00e1rol\u00f3 n\u00e9lk\u00fcli modell\u00fcnket: D\u00d6RR Automata etet\u0151 sz\u00f3r\u00f3fej<\/h4>\n<h4>\u2713 Rugalmas energiaopci\u00f3k<br \/>\nA takarm\u00e1nysz\u00f3r\u00f3 4x AA elemmel m\u0171k\u00f6dik, a megb\u00edzhat\u00f3 \u00e9s vezet\u00e9k n\u00e9lk\u00fcli energiaforr\u00e1s \u00e9rdek\u00e9ben. A fenntarthat\u00f3s\u00e1g el\u0151seg\u00edt\u00e9se \u00e9rdek\u00e9ben egy opcion\u00e1lis 6 V-os napelem csatlakoz\u00f3 is rendelkez\u00e9sre \u00e1ll.<\/h4>\n<h4>B\u00edzzon a pontoss\u00e1gban \u00e9s a megb\u00edzhat\u00f3s\u00e1gban &#8211; az optim\u00e1lis eredm\u00e9nyek\u00e9rt a vad- \u00e9s baromfitakarm\u00e1nyoz\u00e1sban. Rendeljen most, \u00e9s tapasztalja meg a takarm\u00e1nyoz\u00e1smenedzsment k\u00f6vetkez\u0151 gener\u00e1ci\u00f3j\u00e1t!<\/h4>\n","protected":false},"excerpt":{"rendered":"<p>D\u00f6rr Automata etet\u0151 t\u00e1rol\u00f3val (204371) A k\u00f6vetkez\u0151 gener\u00e1ci\u00f3 takarm\u00e1nyoz\u00e1si menedzsmentje: A D\u00d6RR automata tarol\u00f3s etet\u0151je \u2705 Hat\u00e9kony takarm\u00e1nyoz\u00e1s egyszer\u0171en! \u2705 Testre szabott etet\u00e9si id\u0151k \u2705 Sokoldal\u00fa takarm\u00e1nyv\u00e1laszt\u00e1s \u00e9s pontos vez\u00e9rl\u00e9s \u2705 Nagyvonal\u00fa hat\u00f3t\u00e1vols\u00e1g \u2705 \u00d6sszecsukhat\u00f3 tart\u00e1ly \u2705 Rugalmas energiaopci\u00f3k \u2713 Hat\u00e9kony etet\u00e9s egyszer\u0171en! Fedezze fel a D\u00d6RR Compact automata etet\u0151t &#8211; az \u00d6n megb\u00edzhat\u00f3 partnere [&hellip;]<\/p>\n","protected":false},"featured_media":5116,"comment_status":"open","ping_status":"closed","template":"","meta":{"_et_pb_use_builder":"","_et_pb_old_content":"","_et_gb_content_width":"","om_disable_all_campaigns":false},"product_brand":[],"product_cat":[21,131],"product_tag":[1251,135],"class_list":{"0":"post-348","1":"product","2":"type-product","3":"status-publish","4":"has-post-thumbnail","6":"product_cat-uj","7":"product_cat-vadeteto","8":"product_tag-dorr-automata-eteto-taroloval","9":"product_tag-vadeteto","11":"first","12":"instock","13":"taxable","14":"shipping-taxable","15":"purchasable","16":"product-type-simple"},"_links":{"self":[{"href":"https:\/\/www.vadaszboltcsorna.hu\/index.php\/wp-json\/wp\/v2\/product\/348","targetHints":{"allow":["GET"]}}],"collection":[{"href":"https:\/\/www.vadaszboltcsorna.hu\/index.php\/wp-json\/wp\/v2\/product"}],"about":[{"href":"https:\/\/www.vadaszboltcsorna.hu\/index.php\/wp-json\/wp\/v2\/types\/product"}],"replies":[{"embeddable":true,"href":"https:\/\/www.vadaszboltcsorna.hu\/index.php\/wp-json\/wp\/v2\/comments?post=348"}],"wp:featuredmedia":[{"embeddable":true,"href":"https:\/\/www.vadaszboltcsorna.hu\/index.php\/wp-json\/wp\/v2\/media\/5116"}],"wp:attachment":[{"href":"https:\/\/www.vadaszboltcsorna.hu\/index.php\/wp-json\/wp\/v2\/media?parent=348"}],"wp:term":[{"taxonomy":"product_brand","embeddable":true,"href":"https:\/\/www.vadaszboltcsorna.hu\/index.php\/wp-json\/wp\/v2\/product_brand?post=348"},{"taxonomy":"product_cat","embeddable":true,"href":"https:\/\/www.vadaszboltcsorna.hu\/index.php\/wp-json\/wp\/v2\/product_cat?post=348"},{"taxonomy":"product_tag","embeddable":true,"href":"https:\/\/www.vadaszboltcsorna.hu\/index.php\/wp-json\/wp\/v2\/product_tag?post=348"}],"curies":[{"name":"wp","href":"https:\/\/api.w.org\/{rel}","templated":true}]}}