{"id":3470,"date":"2022-08-18T06:55:12","date_gmt":"2022-08-18T06:55:12","guid":{"rendered":"https:\/\/www.vadaszboltcsorna.hu\/?post_type=product&#038;p=3470"},"modified":"2024-08-05T10:42:20","modified_gmt":"2024-08-05T10:42:20","slug":"m-297-1952-classic-baby-gyerekparna","status":"publish","type":"product","link":"https:\/\/www.vadaszboltcsorna.hu\/index.php\/termek\/m-297-1952-classic-baby-gyerekparna\/","title":{"rendered":"M-297-1952 Classic Baby gyerekp\u00e1rna"},"content":{"rendered":"<h2><strong>M-297-1952 Classic Baby gyerekp\u00e1rna<\/strong><\/h2>\n<h3>Hangulatos k\u00e9ppel d\u00edsz\u00edtett gyermek p\u00e1rna T\u00f6bbf\u00e9le nyomattal rendelhet\u0151 kedves aj\u00e1nd\u00e9k gyerekeknek. Mos\u00f3g\u00e9pben moshat\u00f3.<\/h3>\n<p>&nbsp;<\/p>\n<p>&nbsp;<\/p>\n","protected":false},"excerpt":{"rendered":"<p>M-297-1952 Classic Baby gyerekp\u00e1rna Hangulatos k\u00e9ppel d\u00edsz\u00edtett gyermek p\u00e1rna T\u00f6bbf\u00e9le nyomattal rendelhet\u0151 kedves aj\u00e1nd\u00e9k gyerekeknek. Mos\u00f3g\u00e9pben moshat\u00f3. &nbsp; &nbsp;<\/p>\n","protected":false},"featured_media":3471,"comment_status":"open","ping_status":"closed","template":"","meta":{"_et_pb_use_builder":"","_et_pb_old_content":"","_et_gb_content_width":"","om_disable_all_campaigns":false},"product_brand":[],"product_cat":[21,766,169],"product_tag":[],"class_list":{"0":"post-3470","1":"product","2":"type-product","3":"status-publish","4":"has-post-thumbnail","6":"product_cat-uj","7":"product_cat-diszparna","8":"product_cat-vadasz-ajandek","10":"first","11":"instock","12":"taxable","13":"shipping-taxable","14":"purchasable","15":"product-type-simple"},"_links":{"self":[{"href":"https:\/\/www.vadaszboltcsorna.hu\/index.php\/wp-json\/wp\/v2\/product\/3470","targetHints":{"allow":["GET"]}}],"collection":[{"href":"https:\/\/www.vadaszboltcsorna.hu\/index.php\/wp-json\/wp\/v2\/product"}],"about":[{"href":"https:\/\/www.vadaszboltcsorna.hu\/index.php\/wp-json\/wp\/v2\/types\/product"}],"replies":[{"embeddable":true,"href":"https:\/\/www.vadaszboltcsorna.hu\/index.php\/wp-json\/wp\/v2\/comments?post=3470"}],"wp:featuredmedia":[{"embeddable":true,"href":"https:\/\/www.vadaszboltcsorna.hu\/index.php\/wp-json\/wp\/v2\/media\/3471"}],"wp:attachment":[{"href":"https:\/\/www.vadaszboltcsorna.hu\/index.php\/wp-json\/wp\/v2\/media?parent=3470"}],"wp:term":[{"taxonomy":"product_brand","embeddable":true,"href":"https:\/\/www.vadaszboltcsorna.hu\/index.php\/wp-json\/wp\/v2\/product_brand?post=3470"},{"taxonomy":"product_cat","embeddable":true,"href":"https:\/\/www.vadaszboltcsorna.hu\/index.php\/wp-json\/wp\/v2\/product_cat?post=3470"},{"taxonomy":"product_tag","embeddable":true,"href":"https:\/\/www.vadaszboltcsorna.hu\/index.php\/wp-json\/wp\/v2\/product_tag?post=3470"}],"curies":[{"name":"wp","href":"https:\/\/api.w.org\/{rel}","templated":true}]}}