{"id":3461,"date":"2022-08-17T11:46:42","date_gmt":"2022-08-17T11:46:42","guid":{"rendered":"https:\/\/www.vadaszboltcsorna.hu\/?post_type=product&#038;p=3461"},"modified":"2025-10-07T11:09:49","modified_gmt":"2025-10-07T11:09:49","slug":"wzg-nova-128-hosszu-fegyvertok","status":"publish","type":"product","link":"https:\/\/www.vadaszboltcsorna.hu\/index.php\/termek\/wzg-nova-128-hosszu-fegyvertok\/","title":{"rendered":"M-301-1507 WZG NOVA Fegyvertok"},"content":{"rendered":"<h3 class=\"itemTitle\"><a href=\"http:\/\/www.magyarvadaszbolt.hu\/index.php?main_page=product_info&amp;cPath=127&amp;products_id=13772\" target=\"_blank\" rel=\"noopener\">M-301-1507 WZG NOVA Fegyvertok<\/a><\/h3>\n<h4 class=\"product_title entry-title elementor-heading-title elementor-size-default\">M-301-1507<\/h4>\n<p>&nbsp;<\/p>\n<h4>Speci\u00e1lis dekorat\u00edv nyomat.<\/h4>\n<h4>K\u00fcls\u0151 nagy textilb\u0151r oldalzseb.<\/h4>\n<h4>T\u00f6k\u00e9letes v\u00e9delem t\u00e1vcs\u00f6ves fegyverek r\u00e9sz\u00e9re.<\/h4>\n<h4>Koptatott textilb\u0151r er\u0151s\u00edt\u00e9sek.<\/h4>\n<table class=\"attribute\">\n<thead>\n<tr>\n<td colspan=\"2\">\n<h4>M\u00e9retek<\/h4>\n<\/td>\n<\/tr>\n<\/thead>\n<tbody>\n<tr>\n<td>\n<h4>Term\u00e9k Hossza<\/h4>\n<\/td>\n<td>\n<h4>128 cm<\/h4>\n<\/td>\n<\/tr>\n<tr>\n<td>\n<h4>Term\u00e9k Sz\u00e9less\u00e9ge<\/h4>\n<\/td>\n<td>\n<h4>7 cm<\/h4>\n<\/td>\n<\/tr>\n<tr>\n<td>\n<h4>Term\u00e9k Magass\u00e1ga<\/h4>\n<\/td>\n<td>\n<h4>30 cm<\/h4>\n<\/td>\n<\/tr>\n<\/tbody>\n<thead>\n<tr>\n<td colspan=\"2\">\n<h4>Anyagok<\/h4>\n<\/td>\n<\/tr>\n<\/thead>\n<tbody>\n<tr>\n<td>\n<h4>Anyag<\/h4>\n<\/td>\n<td>\n<h4>100% poli\u00e9szter, PTP<\/h4>\n<\/td>\n<\/tr>\n<\/tbody>\n<\/table>\n<h4><strong>Az \u00e1rak t\u00e1j\u00e9koztat\u00f3 jelleg\u0171ek, az \u00e1rv\u00e1ltoz\u00e1s jog\u00e1t fenntartjuk!<\/strong><\/h4>\n<p>&nbsp;<\/p>\n","protected":false},"excerpt":{"rendered":"<p>M-301-1507 WZG NOVA Fegyvertok M-301-1507 &nbsp; Speci\u00e1lis dekorat\u00edv nyomat. K\u00fcls\u0151 nagy textilb\u0151r oldalzseb. T\u00f6k\u00e9letes v\u00e9delem t\u00e1vcs\u00f6ves fegyverek r\u00e9sz\u00e9re. Koptatott textilb\u0151r er\u0151s\u00edt\u00e9sek. M\u00e9retek Term\u00e9k Hossza 128 cm Term\u00e9k Sz\u00e9less\u00e9ge 7 cm Term\u00e9k Magass\u00e1ga 30 cm Anyagok Anyag 100% poli\u00e9szter, PTP Az \u00e1rak t\u00e1j\u00e9koztat\u00f3 jelleg\u0171ek, az \u00e1rv\u00e1ltoz\u00e1s jog\u00e1t fenntartjuk! &nbsp;<\/p>\n","protected":false},"featured_media":3463,"comment_status":"open","ping_status":"closed","template":"","meta":{"_et_pb_use_builder":"","_et_pb_old_content":"","_et_gb_content_width":"","om_disable_all_campaigns":false},"product_brand":[],"product_cat":[21,587,588],"product_tag":[591,1455,364,70,875],"class_list":{"0":"post-3461","1":"product","2":"type-product","3":"status-publish","4":"has-post-thumbnail","6":"product_cat-uj","7":"product_cat-fegyvertokok","8":"product_cat-golyos-fegyvertok","9":"product_tag-fegyvertok","10":"product_tag-m-301-1507-wzg-nova-fegyvertok","11":"product_tag-vadasz-felszereles","12":"product_tag-vadaszat","13":"product_tag-wzg-nova-128-hosszu-fegyvertok","15":"first","16":"instock","17":"taxable","18":"shipping-taxable","19":"purchasable","20":"product-type-simple"},"_links":{"self":[{"href":"https:\/\/www.vadaszboltcsorna.hu\/index.php\/wp-json\/wp\/v2\/product\/3461","targetHints":{"allow":["GET"]}}],"collection":[{"href":"https:\/\/www.vadaszboltcsorna.hu\/index.php\/wp-json\/wp\/v2\/product"}],"about":[{"href":"https:\/\/www.vadaszboltcsorna.hu\/index.php\/wp-json\/wp\/v2\/types\/product"}],"replies":[{"embeddable":true,"href":"https:\/\/www.vadaszboltcsorna.hu\/index.php\/wp-json\/wp\/v2\/comments?post=3461"}],"wp:featuredmedia":[{"embeddable":true,"href":"https:\/\/www.vadaszboltcsorna.hu\/index.php\/wp-json\/wp\/v2\/media\/3463"}],"wp:attachment":[{"href":"https:\/\/www.vadaszboltcsorna.hu\/index.php\/wp-json\/wp\/v2\/media?parent=3461"}],"wp:term":[{"taxonomy":"product_brand","embeddable":true,"href":"https:\/\/www.vadaszboltcsorna.hu\/index.php\/wp-json\/wp\/v2\/product_brand?post=3461"},{"taxonomy":"product_cat","embeddable":true,"href":"https:\/\/www.vadaszboltcsorna.hu\/index.php\/wp-json\/wp\/v2\/product_cat?post=3461"},{"taxonomy":"product_tag","embeddable":true,"href":"https:\/\/www.vadaszboltcsorna.hu\/index.php\/wp-json\/wp\/v2\/product_tag?post=3461"}],"curies":[{"name":"wp","href":"https:\/\/api.w.org\/{rel}","templated":true}]}}