{"id":3455,"date":"2022-08-17T11:30:18","date_gmt":"2022-08-17T11:30:18","guid":{"rendered":"https:\/\/www.vadaszboltcsorna.hu\/?post_type=product&#038;p=3455"},"modified":"2025-10-07T11:28:00","modified_gmt":"2025-10-07T11:28:00","slug":"wzg-128-hosszu-fegyvertok-3","status":"publish","type":"product","link":"https:\/\/www.vadaszboltcsorna.hu\/index.php\/termek\/wzg-128-hosszu-fegyvertok-3\/","title":{"rendered":"M-236 WZG Fegyvertok"},"content":{"rendered":"<h2 class=\"product_title entry-title elementor-heading-title elementor-size-default\">M-236 WZG Fegyvertok<\/h2>\n<h4 class=\"product_title entry-title elementor-heading-title elementor-size-default\">(M-236-1512)<\/h4>\n<h4><\/h4>\n<h4>Speci\u00e1lis dekorat\u00edv nyomat. Vastag szivacsbet\u00e9t, b\u00e1rsonyos anyag\u00fa dupla zsebes b\u00e9l\u00e9s. T\u00f6k\u00e9letes v\u00e9delem t\u00e1vcs\u00f6ves fegyverek r\u00e9sz\u00e9re.<\/h4>\n<h4><strong>Az \u00e1rak t\u00e1j\u00e9koztat\u00f3 jelleg\u0171ek, az \u00e1rv\u00e1ltoz\u00e1s jog\u00e1t fenntartjuk!<\/strong><\/h4>\n<table class=\"attribute\">\n<thead>\n<tr>\n<td colspan=\"2\">\n<h4>M\u00e9retek<\/h4>\n<\/td>\n<\/tr>\n<\/thead>\n<tbody>\n<tr>\n<td>\n<h4>Term\u00e9k Hossza<\/h4>\n<\/td>\n<td>\n<h4>128 cm<\/h4>\n<\/td>\n<\/tr>\n<tr>\n<td>\n<h4>Term\u00e9k Sz\u00e9less\u00e9ge<\/h4>\n<\/td>\n<td>\n<h4>7 cm<\/h4>\n<\/td>\n<\/tr>\n<tr>\n<td>\n<h4>Term\u00e9k Magass\u00e1ga<\/h4>\n<\/td>\n<td>\n<h4>30 cm<\/h4>\n<\/td>\n<\/tr>\n<\/tbody>\n<thead>\n<tr>\n<td colspan=\"2\">\n<h4>Anyagok<\/h4>\n<\/td>\n<\/tr>\n<\/thead>\n<tbody>\n<tr>\n<td>\n<h4>Anyag<\/h4>\n<\/td>\n<td>\n<h4>V\u00edz\u00e1ll\u00f3 100% poli\u00e9szter, PTP<\/h4>\n<\/td>\n<\/tr>\n<tr>\n<td>\n<h4>B\u00e9l\u00e9s Anyaga<\/h4>\n<\/td>\n<td>\n<h4>Pol\u00e1r B\u00e9l\u00e9s<\/h4>\n<\/td>\n<\/tr>\n<\/tbody>\n<\/table>\n<p>&nbsp;<\/p>\n","protected":false},"excerpt":{"rendered":"<p>M-236 WZG Fegyvertok (M-236-1512) Speci\u00e1lis dekorat\u00edv nyomat. Vastag szivacsbet\u00e9t, b\u00e1rsonyos anyag\u00fa dupla zsebes b\u00e9l\u00e9s. T\u00f6k\u00e9letes v\u00e9delem t\u00e1vcs\u00f6ves fegyverek r\u00e9sz\u00e9re. Az \u00e1rak t\u00e1j\u00e9koztat\u00f3 jelleg\u0171ek, az \u00e1rv\u00e1ltoz\u00e1s jog\u00e1t fenntartjuk! M\u00e9retek Term\u00e9k Hossza 128 cm Term\u00e9k Sz\u00e9less\u00e9ge 7 cm Term\u00e9k Magass\u00e1ga 30 cm Anyagok Anyag V\u00edz\u00e1ll\u00f3 100% poli\u00e9szter, PTP B\u00e9l\u00e9s Anyaga Pol\u00e1r B\u00e9l\u00e9s &nbsp;<\/p>\n","protected":false},"featured_media":3457,"comment_status":"open","ping_status":"closed","template":"","meta":{"_et_pb_use_builder":"","_et_pb_old_content":"","_et_gb_content_width":"","om_disable_all_campaigns":false},"product_brand":[],"product_cat":[21,587,588],"product_tag":[591,1454,70,85,871],"class_list":{"0":"post-3455","1":"product","2":"type-product","3":"status-publish","4":"has-post-thumbnail","6":"product_cat-uj","7":"product_cat-fegyvertokok","8":"product_cat-golyos-fegyvertok","9":"product_tag-fegyvertok","10":"product_tag-m-236-fegyvertok","11":"product_tag-vadaszat","12":"product_tag-vadaszfelszereles","13":"product_tag-wzg-128-hosszu-fegyvertok","15":"first","16":"instock","17":"taxable","18":"shipping-taxable","19":"purchasable","20":"product-type-simple"},"_links":{"self":[{"href":"https:\/\/www.vadaszboltcsorna.hu\/index.php\/wp-json\/wp\/v2\/product\/3455","targetHints":{"allow":["GET"]}}],"collection":[{"href":"https:\/\/www.vadaszboltcsorna.hu\/index.php\/wp-json\/wp\/v2\/product"}],"about":[{"href":"https:\/\/www.vadaszboltcsorna.hu\/index.php\/wp-json\/wp\/v2\/types\/product"}],"replies":[{"embeddable":true,"href":"https:\/\/www.vadaszboltcsorna.hu\/index.php\/wp-json\/wp\/v2\/comments?post=3455"}],"wp:featuredmedia":[{"embeddable":true,"href":"https:\/\/www.vadaszboltcsorna.hu\/index.php\/wp-json\/wp\/v2\/media\/3457"}],"wp:attachment":[{"href":"https:\/\/www.vadaszboltcsorna.hu\/index.php\/wp-json\/wp\/v2\/media?parent=3455"}],"wp:term":[{"taxonomy":"product_brand","embeddable":true,"href":"https:\/\/www.vadaszboltcsorna.hu\/index.php\/wp-json\/wp\/v2\/product_brand?post=3455"},{"taxonomy":"product_cat","embeddable":true,"href":"https:\/\/www.vadaszboltcsorna.hu\/index.php\/wp-json\/wp\/v2\/product_cat?post=3455"},{"taxonomy":"product_tag","embeddable":true,"href":"https:\/\/www.vadaszboltcsorna.hu\/index.php\/wp-json\/wp\/v2\/product_tag?post=3455"}],"curies":[{"name":"wp","href":"https:\/\/api.w.org\/{rel}","templated":true}]}}