{"id":3434,"date":"2022-08-17T09:11:58","date_gmt":"2022-08-17T09:11:58","guid":{"rendered":"https:\/\/www.vadaszboltcsorna.hu\/?post_type=product&#038;p=3434"},"modified":"2022-11-07T10:46:01","modified_gmt":"2022-11-07T10:46:01","slug":"electrooptic-strix-f-12-mikronos-hokamera-elotet","status":"publish","type":"product","link":"https:\/\/www.vadaszboltcsorna.hu\/index.php\/termek\/electrooptic-strix-f-12-mikronos-hokamera-elotet\/","title":{"rendered":"Electrooptic STRIX-F 12 mikronos h\u0151kamera el\u0151t\u00e9t"},"content":{"rendered":"<h2 class=\"product_title entry-title elementor-heading-title elementor-size-default\"><strong>Electrooptic STRIX-F 12 mikronos h\u0151kamera el\u0151t\u00e9t<\/strong><\/h2>\n<p>&nbsp;<\/p>\n<section class=\"elementor-section elementor-top-section elementor-element elementor-element-f7fa2e4 elementor-section-boxed elementor-section-height-default elementor-section-height-default\" data-id=\"f7fa2e4\" data-element_type=\"section\">\n<div class=\"elementor-container elementor-column-gap-default\">\n<div class=\"elementor-column elementor-col-100 elementor-top-column elementor-element elementor-element-ee4d8b2\" data-id=\"ee4d8b2\" data-element_type=\"column\">\n<div class=\"elementor-widget-wrap elementor-element-populated\">\n<div class=\"elementor-element elementor-element-ce1e431 elementor-widget elementor-widget-heading\" data-id=\"ce1e431\" data-element_type=\"widget\" data-widget_type=\"heading.default\">\n<div class=\"elementor-widget-container\">\n<h4 class=\"elementor-heading-title elementor-size-default\">A teljesen \u00faj 12 mikronos STRIX-F multifunkcion\u00e1lis h\u0151kamera<\/h4>\n<\/div>\n<\/div>\n<div class=\"elementor-widget-container\">\n<h4>\u00daj szintre emeli a technik\u00e1kkal t\u00f6rt\u00e9n\u0151 l\u00f6v\u00e9szet \u00e9lm\u00e9ny\u00e9t.<\/h4>\n<\/div>\n<div class=\"elementor-element elementor-element-4db1a61 elementor-widget-divider--view-line elementor-widget elementor-widget-divider\" data-id=\"4db1a61\" data-element_type=\"widget\" data-widget_type=\"divider.default\">\n<div class=\"elementor-widget-container\">\n<div class=\"elementor-divider\">\n<h4>Ikon alap\u00fa men\u00fcje felhaszn\u00e1l\u00f3bar\u00e1t, mely hihetetlen\u00fcl \u00e9les \u00e9s kontrasztos k\u00e9p\u00e9lm\u00e9nnyel p\u00e1rosul. Kis m\u00e9rete ellen\u00e9re 1.400 m\u00e9teres \u00e9szlel\u00e9si t\u00e1vols\u00e1ggal b\u00edr \u00e9s a finom m\u00e9rn\u00f6ki munk\u00e1nak k\u00f6sz\u00f6nhet\u0151en pontosan 1x nagy\u00edt\u00e1ssal mutatja a val\u00f3s\u00e1got. A hossz\u00fat\u00e1v\u00fa l\u00f6v\u00e9szet szerelmeseinek kimondottan aj\u00e1nlott!<\/h4>\n<section class=\"elementor-section elementor-top-section elementor-element elementor-element-c2b62af elementor-section-boxed elementor-section-height-default elementor-section-height-default\" data-id=\"c2b62af\" data-element_type=\"section\" data-settings=\"{&quot;background_background&quot;:&quot;classic&quot;}\">\n<div class=\"elementor-container elementor-column-gap-default\">\n<div class=\"elementor-column elementor-col-100 elementor-top-column elementor-element elementor-element-504c28c\" data-id=\"504c28c\" data-element_type=\"column\">\n<div class=\"elementor-widget-wrap elementor-element-populated\">\n<section class=\"elementor-section elementor-inner-section elementor-element elementor-element-e6efcd7 elementor-section-boxed elementor-section-height-default elementor-section-height-default\" data-id=\"e6efcd7\" data-element_type=\"section\">\n<div class=\"elementor-container elementor-column-gap-default\">\n<div class=\"elementor-column elementor-col-100 elementor-inner-column elementor-element elementor-element-6611db3\" data-id=\"6611db3\" data-element_type=\"column\">\n<div class=\"elementor-widget-wrap elementor-element-populated\">\n<div class=\"elementor-element elementor-element-16819f9 elementor-align-left elementor-list-item-link-full_width elementor-widget elementor-widget-icon-list\" data-id=\"16819f9\" data-element_type=\"widget\" data-widget_type=\"icon-list.default\">\n<div class=\"elementor-widget-container\">\n<ul class=\"elementor-icon-list-items\">\n<li class=\"elementor-icon-list-item\">\n<h4><i class=\"fas fa-check\" aria-hidden=\"true\"><\/i> <span class=\"elementor-icon-list-text\">H\u0151kamera modul 384x288p 12 mikron- Lencse: 35mm F1.0<\/span><\/h4>\n<\/li>\n<li class=\"elementor-icon-list-item\">\n<h4><i class=\"fas fa-check\" aria-hidden=\"true\"><\/i> <span class=\"elementor-icon-list-text\">Hibrid k\u00e9pfriss\u00edt\u00e9s <\/span><\/h4>\n<\/li>\n<li class=\"elementor-icon-list-item\">\n<h4><i class=\"fas fa-check\" aria-hidden=\"true\"><\/i> <span class=\"elementor-icon-list-text\">NETD: &lt;40mK<\/span><\/h4>\n<\/li>\n<li class=\"elementor-icon-list-item\">\n<h4><i class=\"fas fa-check\" aria-hidden=\"true\"><\/i> <span class=\"elementor-icon-list-text\">Maxim\u00e1lis \u00e9szlel\u00e9si t\u00e1vols\u00e1g: 1.400m<\/span><\/h4>\n<\/li>\n<li class=\"elementor-icon-list-item\">\n<h4><i class=\"fas fa-check\" aria-hidden=\"true\"><\/i> <span class=\"elementor-icon-list-text\">Elem t\u00edpusa: 18650<\/span><\/h4>\n<\/li>\n<li class=\"elementor-icon-list-item\">\n<h4><i class=\"fas fa-check\" aria-hidden=\"true\"><\/i> <span class=\"elementor-icon-list-text\">Vide\u00f3 csatlakoz\u00f3<\/span><\/h4>\n<\/li>\n<li class=\"elementor-icon-list-item\">\n<h4><i class=\"fas fa-check\" aria-hidden=\"true\"><\/i> <span class=\"elementor-icon-list-text\">5-15V kimenet<\/span><\/h4>\n<\/li>\n<\/ul>\n<h4><strong>Az \u00e1rak t\u00e1j\u00e9koztat\u00f3 jelleg\u0171ek, az \u00e1rv\u00e1ltoz\u00e1s jog\u00e1t fenntartjuk!<\/strong><\/h4>\n<div class=\"elementor-element elementor-element-24ba9d9 elementor-widget elementor-widget-heading\" data-id=\"24ba9d9\" data-element_type=\"widget\" data-widget_type=\"heading.default\">\n<div class=\"elementor-widget-container\">\n<h3 class=\"elementor-heading-title elementor-size-default\">https:\/\/www.youtube.com\/watch?v=IcGSmGx-g94&amp;t=2s<\/h3>\n<p><iframe loading=\"lazy\" title=\"Electrooptic X Series - 12 mikronos VOx alap\u00fa h\u0151kamera c\u00e9lt\u00e1vcs\u0151\" width=\"1080\" height=\"608\" src=\"https:\/\/www.youtube.com\/embed\/Li7f1k7s2Q0?start=1&#038;feature=oembed\"  allow=\"accelerometer; autoplay; clipboard-write; encrypted-media; gyroscope; picture-in-picture\" allowfullscreen><\/iframe><\/p>\n<p><iframe loading=\"lazy\" title=\"Electrooptic Strix-F 12 mikronos multifunkcion\u00e1lis h\u0151kamera\" width=\"1080\" height=\"608\" src=\"https:\/\/www.youtube.com\/embed\/ZonSsECpf0s?feature=oembed\"  allow=\"accelerometer; autoplay; clipboard-write; encrypted-media; gyroscope; picture-in-picture\" allowfullscreen><\/iframe><\/p>\n<p><iframe loading=\"lazy\" title=\"Electrooptic Strix F 35\" width=\"1080\" height=\"608\" src=\"https:\/\/www.youtube.com\/embed\/IcGSmGx-g94?start=3&#038;feature=oembed\"  allow=\"accelerometer; autoplay; clipboard-write; encrypted-media; gyroscope; picture-in-picture\" allowfullscreen><\/iframe><\/p>\n<p>&nbsp;<\/p>\n<\/div>\n<\/div>\n<div class=\"elementor-element elementor-element-3eec0a14 elementor-widget elementor-widget-text-editor\" data-id=\"3eec0a14\" data-element_type=\"widget\" data-widget_type=\"text-editor.default\">\n<div class=\"elementor-widget-container\">\n<div class=\"page\" title=\"Page 7\">\n<div class=\"layoutArea\">\n<div class=\"column\"><\/div>\n<\/div>\n<\/div>\n<\/div>\n<\/div>\n<\/div>\n<\/div>\n<\/div>\n<\/div>\n<\/div>\n<\/section>\n<\/div>\n<\/div>\n<\/div>\n<\/section>\n<\/div>\n<\/div>\n<\/div>\n<\/div>\n<\/div>\n<\/div>\n<\/section>\n","protected":false},"excerpt":{"rendered":"<p>Electrooptic STRIX-F 12 mikronos h\u0151kamera el\u0151t\u00e9t &nbsp; A teljesen \u00faj 12 mikronos STRIX-F multifunkcion\u00e1lis h\u0151kamera \u00daj szintre emeli a technik\u00e1kkal t\u00f6rt\u00e9n\u0151 l\u00f6v\u00e9szet \u00e9lm\u00e9ny\u00e9t. Ikon alap\u00fa men\u00fcje felhaszn\u00e1l\u00f3bar\u00e1t, mely hihetetlen\u00fcl \u00e9les \u00e9s kontrasztos k\u00e9p\u00e9lm\u00e9nnyel p\u00e1rosul. Kis m\u00e9rete ellen\u00e9re 1.400 m\u00e9teres \u00e9szlel\u00e9si t\u00e1vols\u00e1ggal b\u00edr \u00e9s a finom m\u00e9rn\u00f6ki munk\u00e1nak k\u00f6sz\u00f6nhet\u0151en pontosan 1x nagy\u00edt\u00e1ssal mutatja a val\u00f3s\u00e1got. A [&hellip;]<\/p>\n","protected":false},"featured_media":3442,"comment_status":"open","ping_status":"closed","template":"","meta":{"_et_pb_use_builder":"","_et_pb_old_content":"","_et_gb_content_width":"","om_disable_all_campaigns":false},"product_brand":[],"product_cat":[21,447,526],"product_tag":[870,528,70,86],"class_list":{"0":"post-3434","1":"product","2":"type-product","3":"status-publish","4":"has-post-thumbnail","6":"product_cat-uj","7":"product_cat-hokamera","8":"product_cat-hokamera-elotet","9":"product_tag-electrooptic-strix-f-12-mikronos-hokamera-elotet","10":"product_tag-hokamera","11":"product_tag-vadaszat","12":"product_tag-vadaszoptika","14":"first","15":"instock","16":"taxable","17":"shipping-taxable","18":"purchasable","19":"product-type-simple"},"_links":{"self":[{"href":"https:\/\/www.vadaszboltcsorna.hu\/index.php\/wp-json\/wp\/v2\/product\/3434","targetHints":{"allow":["GET"]}}],"collection":[{"href":"https:\/\/www.vadaszboltcsorna.hu\/index.php\/wp-json\/wp\/v2\/product"}],"about":[{"href":"https:\/\/www.vadaszboltcsorna.hu\/index.php\/wp-json\/wp\/v2\/types\/product"}],"replies":[{"embeddable":true,"href":"https:\/\/www.vadaszboltcsorna.hu\/index.php\/wp-json\/wp\/v2\/comments?post=3434"}],"wp:featuredmedia":[{"embeddable":true,"href":"https:\/\/www.vadaszboltcsorna.hu\/index.php\/wp-json\/wp\/v2\/media\/3442"}],"wp:attachment":[{"href":"https:\/\/www.vadaszboltcsorna.hu\/index.php\/wp-json\/wp\/v2\/media?parent=3434"}],"wp:term":[{"taxonomy":"product_brand","embeddable":true,"href":"https:\/\/www.vadaszboltcsorna.hu\/index.php\/wp-json\/wp\/v2\/product_brand?post=3434"},{"taxonomy":"product_cat","embeddable":true,"href":"https:\/\/www.vadaszboltcsorna.hu\/index.php\/wp-json\/wp\/v2\/product_cat?post=3434"},{"taxonomy":"product_tag","embeddable":true,"href":"https:\/\/www.vadaszboltcsorna.hu\/index.php\/wp-json\/wp\/v2\/product_tag?post=3434"}],"curies":[{"name":"wp","href":"https:\/\/api.w.org\/{rel}","templated":true}]}}