{"id":3367,"date":"2022-08-16T10:17:56","date_gmt":"2022-08-16T10:17:56","guid":{"rendered":"https:\/\/www.vadaszboltcsorna.hu\/?post_type=product&#038;p=3367"},"modified":"2025-04-04T04:11:09","modified_gmt":"2025-04-04T04:11:09","slug":"nitecore-vadaszlampa-szett-mh25s","status":"publish","type":"product","link":"https:\/\/www.vadaszboltcsorna.hu\/index.php\/termek\/nitecore-vadaszlampa-szett-mh25s\/","title":{"rendered":"Nitecore Vad\u00e1szl\u00e1mpa Szett MH25S"},"content":{"rendered":"<h2 class=\"product_title entry-title elementor-heading-title elementor-size-default\"><strong>Nitecore Vad\u00e1szl\u00e1mpa Szett MH25S<\/strong><\/h2>\n<h3>(1&#215;21700) Luminus SST-40-W (1800 lumen)<\/h3>\n<p>&nbsp;<\/p>\n<div id=\"tab-description\" class=\"woocommerce-Tabs-panel woocommerce-Tabs-panel--description panel entry-content wc-tab\" role=\"tabpanel\" aria-labelledby=\"tab-title-description\">\n<div class=\"details accordion-content\" data-role=\"accordion-content\">\n<div class=\"inner\">\n<div class=\"right-content accordion-list\" data-from-width=\"600\">\n<div class=\"paramters-outer accordion-item \" data-role=\"accordion-item\">\n<div class=\"cell value-cell\">A Nitecore MH25S a Multitask Hybrid sz\u00e9ri\u00e1ba tartoz\u00f3 nagy hat\u00f3t\u00e1v\u00fa eleml\u00e1mpa, mely legink\u00e1bb a rendfeltart\u00f3er\u0151k r\u00e9sz\u00e9re lett specializ\u00e1lva, de nagy hat\u00f3t\u00e1vols\u00e1ga miatt ak\u00e1r vad\u00e1szatra is alkalmas lehet.<\/div>\n<\/div>\n<\/div>\n<p>A l\u00e1mpa egy Luminus STT-40W LED-del van felszerelve, melynek \u00e9lettartama el\u00e9rheti az ak\u00e1r 50.000 \u00f3r\u00e1t is. Foncsor kialak\u00edt\u00e1s\u00e1nak k\u00f6sz\u00f6nhet\u0151en a l\u00e1mpa 63500 kandella k\u00f6z\u00e9pf\u00e9ny intenzit\u00e1s\u00fa, melyet maximum 504 m\u00e9ter t\u00e1volra k\u00e9pes kivet\u00edteni. 5 f\u00e9nyer\u0151ss\u00e9gi fokozat mellett a Nitecore MH25S 3 \u00fczemm\u00f3dban k\u00e9pes vil\u00e1g\u00edtani. Turbo, High, Mid, Low, Ultralow f\u00e9nyer\u0151ss\u00e9ge k\u00f6z\u00f6tt, illetve Stroboszk\u00f3p, Helyzetjelz\u0151, S.O.S. m\u00f3dok k\u00f6z\u00f6tt v\u00e1logathat.<br \/>\n\u00c1ramell\u00e1t\u00e1s\u00e1t egy Nitecore NL2150 akkumul\u00e1tor oldja meg, melyet a csomagban is megtal\u00e1l. Ezt a l\u00e1mp\u00e1n tal\u00e1lhat\u00f3 C-t\u00edpus\u00fa USB t\u00f6lt\u0151k\u00e1bellel lehet felt\u00f6lteni.<br \/>\nAz MH25S sz\u00e9lesk\u00f6r\u0171en alkalmazhat\u00f3 sz\u00e1mos Nitecore kieg\u00e9sz\u00edt\u0151vel, melyek k\u00f6z\u00fcl ebben a vad\u00e1szl\u00e1mpa szettben megtal\u00e1lhat.<\/p>\n<p>MH25S tulajdons\u00e1gai:<\/p>\n<p>&nbsp;<\/p>\n<ul>\n<li>1800 lumenes maxim\u00e1lis f\u00e9ny\u00e1ram egy db Luminus SST-40-W LED \u00e1ltal<\/li>\n<li>63500 kandell\u00e1s k\u00f6z\u00e9pf\u00e9ny intenzit\u00e1s 504 m\u00e9teres hat\u00f3t\u00e1v mellett<\/li>\n<li>Prec\u00edzi\u00f3s Digit\u00e1lis Optikai lencse a t\u00fckr\u00f6z\u0151d\u00e9smentes f\u00e9ny\u00e9rt<\/li>\n<li>21700 Li-ion akkumul\u00e1torral, vagy CR123 akkumul\u00e1torral haszn\u00e1lhat\u00f3<\/li>\n<li>Maxim\u00e1lisan 1500 \u00f3r\u00e1s fut\u00e1sid\u0151 legalacsonyabb fokozaton<\/li>\n<li>Taktikai, valamint h\u00e9tk\u00f6znapi felhaszn\u00e1l\u00e1si m\u00f3dok<\/li>\n<li>5 f\u00e9nyer\u0151 fokozat, valamint 3 speci\u00e1lis funkci\u00f3 el\u0151re programozva<\/li>\n<li>Val\u00f3s idej\u0171 t\u00f6lt\u00f6tts\u00e9gszint kijelz\u00e9s az oldalkapcsol\u00f3ban<\/li>\n<li>Nagy teljes\u00edtm\u00e9ny\u0171 konstans \u00e1ramk\u00f6r biztos\u00edtja a vibr\u00e1l\u00e1smentes f\u00e9nyt<\/li>\n<li>Intelligens ATR h\u0151elvezet\u0151 technol\u00f3gia a t\u00falmeleged\u00e9s ellen<\/li>\n<li>Ford\u00edtott polarit\u00e1s elleni v\u00e9delem<\/li>\n<li>USB-C t\u00f6lt\u0151porttal ell\u00e1tva<\/li>\n<li>Edzett alum\u00ednium \u00f6tv\u00f6zet l\u00e1mpatest<\/li>\n<li>HAIII katonai szint\u0171 elox\u00e1l\u00e1s<\/li>\n<li>IP68 por \u00e9s v\u00edz\u00e1ll\u00f3s\u00e1g<\/li>\n<li>1 m\u00e9terig \u00fct\u00e9s\u00e1ll\u00f3<\/li>\n<\/ul>\n<p>&nbsp;<\/p>\n<p>Az Mh25S eleml\u00e1mpa vad\u00e1szl\u00e1mpa szett a k\u00f6vetkez\u0151ket tartalmazza:<\/p>\n<ul>\n<li>MH25S<\/li>\n<li>NL2150 5000 mAh Li-ion akku<\/li>\n<li>NFG40 Z\u00d6LD filter<\/li>\n<li>NFG40 V\u00d6R\u00d6S filter<\/li>\n<li>USB-C t\u00f6lt\u0151k\u00e1bel<\/li>\n<li>RSW3 leng\u0151kapcsol\u00f3<\/li>\n<li>18650\/CR123 akkumul\u00e1tor adapter<\/li>\n<li>T\u00f6m\u00edt\u0151 gy\u0171r\u0171<\/li>\n<li>Hordsz\u00edj<\/li>\n<li>Hordtok<\/li>\n<\/ul>\n<p>A gy\u00e1rt\u00f3 a term\u00e9kre 5 \u00e9v, az akkumul\u00e1torra 1 \u00e9v garanci\u00e1t biztos\u00edt!<\/p>\n<\/div>\n<div id=\"parameters\" class=\"title accordion-title\" data-role=\"accordion-title\">\n<h4>Param\u00e9terek<\/h4>\n<\/div>\n<div class=\"details accordion-content\" data-role=\"accordion-content\">\n<div class=\"inner table-outer\">\n<div class=\"parameter-table\">\n<div class=\"row\">\n<div class=\"cell label-cell\">Extr\u00e1k<\/div>\n<div class=\"cell value-cell\">SOS Funkci\u00f3, Be\u00e9p\u00edtett USB T\u00f6lt\u00e9s (type-C), Helyzetjelz\u0151 F\u00e9ny, USB Port, T\u00f6lt\u00f6tts\u00e9g Kijelz\u00e9s, Stroboszk\u00f3p<\/div>\n<\/div>\n<div class=\"row\">\n<div class=\"cell label-cell\">F\u00e9ny\u00e1ram<\/div>\n<div class=\"cell value-cell\">1,800 lm<\/div>\n<\/div>\n<div class=\"row\">\n<div class=\"cell label-cell\">K\u00f6z\u00e9pf\u00e9ny intenzit\u00e1s<\/div>\n<div class=\"cell value-cell\">63,500 cd<\/div>\n<\/div>\n<div class=\"row\">\n<div class=\"cell label-cell\">Hat\u00f3t\u00e1v<\/div>\n<div class=\"cell value-cell\">504 m<\/div>\n<\/div>\n<div class=\"row\">\n<div class=\"cell label-cell\">\u00c1ramforr\u00e1s a csomagol\u00e1sban<\/div>\n<div class=\"cell value-cell\">Igen<\/div>\n<\/div>\n<div class=\"row\">\n<div class=\"cell label-cell\">\u00c1ramforr\u00e1s M\u00e9ret<\/div>\n<div class=\"cell value-cell\">21700<\/div>\n<\/div>\n<div class=\"row\">\n<div class=\"cell label-cell\">F\u00e9nyforr\u00e1s t\u00edpusa<\/div>\n<div class=\"cell value-cell\">LUMINUS SST-40W<\/div>\n<\/div>\n<div class=\"row\">\n<div class=\"cell label-cell\">\u00dct\u00e9s\u00e1ll\u00f3s\u00e1g<\/div>\n<div class=\"cell value-cell\">1 m<\/div>\n<\/div>\n<div class=\"row\">\n<div class=\"cell label-cell\">V\u00edz\u00e1ll\u00f3s\u00e1g<\/div>\n<div class=\"cell value-cell\">IP68<\/div>\n<\/div>\n<div class=\"row\">\n<div class=\"cell label-cell\">Garancia<\/div>\n<div class=\"cell value-cell\">5 \u00e9v<\/div>\n<div><strong>Az \u00e1rak t\u00e1j\u00e9koztat\u00f3 jelleg\u0171ek, az \u00e1rv\u00e1ltoz\u00e1s jog\u00e1t fenntartjuk!<\/strong><\/div>\n<\/div>\n<\/div>\n<\/div>\n<\/div>\n<\/div>\n<\/div>\n","protected":false},"excerpt":{"rendered":"<p>Nitecore Vad\u00e1szl\u00e1mpa Szett MH25S (1&#215;21700) Luminus SST-40-W (1800 lumen) &nbsp; A Nitecore MH25S a Multitask Hybrid sz\u00e9ri\u00e1ba tartoz\u00f3 nagy hat\u00f3t\u00e1v\u00fa eleml\u00e1mpa, mely legink\u00e1bb a rendfeltart\u00f3er\u0151k r\u00e9sz\u00e9re lett specializ\u00e1lva, de nagy hat\u00f3t\u00e1vols\u00e1ga miatt ak\u00e1r vad\u00e1szatra is alkalmas lehet. A l\u00e1mpa egy Luminus STT-40W LED-del van felszerelve, melynek \u00e9lettartama el\u00e9rheti az ak\u00e1r 50.000 \u00f3r\u00e1t is. Foncsor kialak\u00edt\u00e1s\u00e1nak [&hellip;]<\/p>\n","protected":false},"featured_media":3368,"comment_status":"open","ping_status":"closed","template":"","meta":{"_et_pb_use_builder":"","_et_pb_old_content":"","_et_gb_content_width":"","om_disable_all_campaigns":false},"product_brand":[],"product_cat":[21,850,472],"product_tag":[852,855,70],"class_list":{"0":"post-3367","1":"product","2":"type-product","3":"status-publish","4":"has-post-thumbnail","6":"product_cat-uj","7":"product_cat-fegyverlampa","8":"product_cat-lampa","9":"product_tag-fegyverlampa","10":"product_tag-nitecore-vadaszlampa-szett-mh25s","11":"product_tag-vadaszat","13":"first","14":"instock","15":"taxable","16":"shipping-taxable","17":"purchasable","18":"product-type-simple"},"_links":{"self":[{"href":"https:\/\/www.vadaszboltcsorna.hu\/index.php\/wp-json\/wp\/v2\/product\/3367","targetHints":{"allow":["GET"]}}],"collection":[{"href":"https:\/\/www.vadaszboltcsorna.hu\/index.php\/wp-json\/wp\/v2\/product"}],"about":[{"href":"https:\/\/www.vadaszboltcsorna.hu\/index.php\/wp-json\/wp\/v2\/types\/product"}],"replies":[{"embeddable":true,"href":"https:\/\/www.vadaszboltcsorna.hu\/index.php\/wp-json\/wp\/v2\/comments?post=3367"}],"wp:featuredmedia":[{"embeddable":true,"href":"https:\/\/www.vadaszboltcsorna.hu\/index.php\/wp-json\/wp\/v2\/media\/3368"}],"wp:attachment":[{"href":"https:\/\/www.vadaszboltcsorna.hu\/index.php\/wp-json\/wp\/v2\/media?parent=3367"}],"wp:term":[{"taxonomy":"product_brand","embeddable":true,"href":"https:\/\/www.vadaszboltcsorna.hu\/index.php\/wp-json\/wp\/v2\/product_brand?post=3367"},{"taxonomy":"product_cat","embeddable":true,"href":"https:\/\/www.vadaszboltcsorna.hu\/index.php\/wp-json\/wp\/v2\/product_cat?post=3367"},{"taxonomy":"product_tag","embeddable":true,"href":"https:\/\/www.vadaszboltcsorna.hu\/index.php\/wp-json\/wp\/v2\/product_tag?post=3367"}],"curies":[{"name":"wp","href":"https:\/\/api.w.org\/{rel}","templated":true}]}}