{"id":3334,"date":"2022-08-16T08:39:58","date_gmt":"2022-08-16T08:39:58","guid":{"rendered":"https:\/\/www.vadaszboltcsorna.hu\/?post_type=product&#038;p=3334"},"modified":"2022-08-16T08:44:06","modified_gmt":"2022-08-16T08:44:06","slug":"delta-titanium-rf-2000-lezeres-tavolsagmero","status":"publish","type":"product","link":"https:\/\/www.vadaszboltcsorna.hu\/index.php\/termek\/delta-titanium-rf-2000-lezeres-tavolsagmero\/","title":{"rendered":"Delta Titanium RF-2000 l\u00e9zeres t\u00e1vols\u00e1gm\u00e9r\u0151"},"content":{"rendered":"<h3 class=\"product_title entry-title elementor-heading-title elementor-size-default\">Delta Titanium RF-2000 l\u00e9zeres t\u00e1vols\u00e1gm\u00e9r\u0151<\/h3>\n<section class=\"elementor-section elementor-top-section elementor-element elementor-element-89cddb1 elementor-section-boxed elementor-section-height-default elementor-section-height-default\" data-id=\"89cddb1\" data-element_type=\"section\">\n<div class=\"elementor-container elementor-column-gap-default\">\n<div class=\"elementor-column elementor-col-50 elementor-top-column elementor-element elementor-element-6be3794\" data-id=\"6be3794\" data-element_type=\"column\">\n<div class=\"elementor-widget-wrap elementor-element-populated\">\n<div class=\"elementor-element elementor-element-e46276c elementor-widget elementor-widget-text-editor\" data-id=\"e46276c\" data-element_type=\"widget\" data-widget_type=\"text-editor.default\">\n<div class=\"elementor-widget-container\">\n<p><strong>A Delta Titanium RF-2000<\/strong> t\u00e1vols\u00e1gm\u00e9r\u0151 kompakt eszk\u00f6z, nagyon sokf\u00e9le felhaszn\u00e1l\u00e1si lehet\u0151s\u00e9ggel \u2013 l\u00f6v\u00e9szetben, vad\u00e1szatban \u00e9s vitorl\u00e1z\u00e1sban is haszn\u00e1lj\u00e1k \u0151ket. A t\u00e1vols\u00e1gm\u00e9r\u00e9s lehets\u00e9ges \u00e1ll\u00f3 \u00e9s mozg\u00f3 t\u00e1rgy eset\u00e9ben is.<\/p>\n<\/div>\n<\/div>\n<\/div>\n<\/div>\n<div class=\"elementor-column elementor-col-50 elementor-top-column elementor-element elementor-element-47c7175\" data-id=\"47c7175\" data-element_type=\"column\" data-settings=\"{&quot;background_background&quot;:&quot;classic&quot;}\">\n<div class=\"elementor-widget-wrap elementor-element-populated\">\n<div class=\"elementor-element elementor-element-9ec0288 elementor-widget elementor-widget-spacer\" data-id=\"9ec0288\" data-element_type=\"widget\" data-widget_type=\"spacer.default\">\n<div class=\"elementor-widget-container\">\n<div class=\"elementor-spacer\">\n<div class=\"elementor-spacer-inner\"><\/div>\n<\/div>\n<\/div>\n<\/div>\n<\/div>\n<\/div>\n<\/div>\n<\/section>\n<section class=\"elementor-section elementor-top-section elementor-element elementor-element-46dcbbc elementor-section-boxed elementor-section-height-default elementor-section-height-default\" data-id=\"46dcbbc\" data-element_type=\"section\">\n<div class=\"elementor-container elementor-column-gap-default\">\n<div class=\"elementor-column elementor-col-100 elementor-top-column elementor-element elementor-element-e484004\" data-id=\"e484004\" data-element_type=\"column\">\n<div class=\"elementor-widget-wrap elementor-element-populated\">\n<div class=\"elementor-element elementor-element-c8762ef elementor-widget elementor-widget-text-editor\" data-id=\"c8762ef\" data-element_type=\"widget\" data-widget_type=\"text-editor.default\">\n<div class=\"elementor-widget-container\">\n<p><strong>A m\u00e9r\u00e9si eredm\u00e9nyek<\/strong> az okul\u00e1rban jelennek meg a megfigyelt t\u00e1rgy h\u00e1tter\u00e9ben, biztos\u00edtva a maxim\u00e1lis haszn\u00e1lhat\u00f3s\u00e1got, mik\u00f6zben nem takarj\u00e1k el a c\u00e9lt. Minden lencs\u00e9t kiv\u00e1l\u00f3 oszt\u00e1ly\u00fa, t\u00f6bbr\u00e9teg\u0171 bevonatok bor\u00edtanak, a k\u00e9sz\u00fcl\u00e9k biztos\u00edtja a m\u00e9r\u00e9sek nagy pontoss\u00e1g\u00e1t \u00e9s a gyors m\u0171k\u00f6d\u00e9st.<\/p>\n<\/div>\n<\/div>\n<\/div>\n<\/div>\n<\/div>\n<\/section>\n<section class=\"elementor-section elementor-top-section elementor-element elementor-element-7f92bab0 elementor-section-boxed elementor-section-height-default elementor-section-height-default\" data-id=\"7f92bab0\" data-element_type=\"section\">\n<div class=\"elementor-container elementor-column-gap-default\">\n<div class=\"elementor-column elementor-col-100 elementor-top-column elementor-element elementor-element-70fbd798\" data-id=\"70fbd798\" data-element_type=\"column\">\n<div class=\"elementor-widget-wrap elementor-element-populated\">\n<div class=\"elementor-element elementor-element-79481c9 elementor-widget elementor-widget-heading\" data-id=\"79481c9\" data-element_type=\"widget\" data-widget_type=\"heading.default\">\n<div class=\"elementor-widget-container\">\n<h3 class=\"elementor-heading-title elementor-size-default\">Adatok:<\/h3>\n<\/div>\n<\/div>\n<div class=\"elementor-element elementor-element-f827a6 elementor-widget elementor-widget-text-editor\" data-id=\"f827a6\" data-element_type=\"widget\" data-widget_type=\"text-editor.default\">\n<div class=\"elementor-widget-container\">\n<table class=\"tableGridSt\">\n<colgroup>\n<col \/>\n<col \/><\/colgroup>\n<tbody>\n<tr>\n<td>Nagy\u00edt\u00e1s:<\/td>\n<td>6x<\/td>\n<\/tr>\n<tr>\n<td>Objekt\u00edv \u00e1tm\u00e9r\u0151je:<\/td>\n<td>23 mm<\/td>\n<\/tr>\n<tr>\n<td>L\u00e1t\u00f3mez\u0151 m\u00e9rete:<\/td>\n<td>6 \u00b0<\/td>\n<\/tr>\n<tr>\n<td>Line\u00e1ris l\u00e1t\u00f3mez\u0151 \/ 1000 m:<\/td>\n<td>105 m<\/td>\n<\/tr>\n<tr>\n<td>Dioptria korrekci\u00f3 m\u00e9rt\u00e9ke:<\/td>\n<td>+\/- 3 dpt<\/td>\n<\/tr>\n<tr>\n<td>Kijelz\u0151 t\u00edpusa:<\/td>\n<td>LCD<\/td>\n<\/tr>\n<tr>\n<td>Elem t\u00edpusa:<\/td>\n<td>1x CR2 (3V)<\/td>\n<\/tr>\n<tr>\n<td>V\u00edz\u00e1ll\u00f3s\u00e1gi oszt\u00e1ly:<\/td>\n<td>IPX4<\/td>\n<\/tr>\n<tr>\n<td>M\u00e9r\u00e9si sebess\u00e9g:<\/td>\n<td>0,3 s<\/td>\n<\/tr>\n<tr>\n<td>Maxim\u00e1lis m\u00e9r\u00e9si t\u00e1vols\u00e1g:<\/td>\n<td>1830 m<\/td>\n<\/tr>\n<tr>\n<td>Minim\u00e1lis m\u00e9r\u00e9si t\u00e1vols\u00e1g:<\/td>\n<td>4,6 m<\/td>\n<\/tr>\n<tr>\n<td>H\u0151m\u00e9rs\u00e9kleti tartom\u00e1ny:<\/td>\n<td>-10 \/ +50 \u00b0 C<\/td>\n<\/tr>\n<tr>\n<td>T\u00e1vols\u00e1gm\u00e9r\u00e9s pontoss\u00e1ga:<\/td>\n<td>+\/- 0,5 m<\/td>\n<\/tr>\n<tr>\n<td>M\u00e9r\u00e9si sz\u00f6gtartom\u00e1ny:<\/td>\n<td>+\/- 89\u00b0<\/td>\n<\/tr>\n<tr>\n<td>L\u00e9zer hull\u00e1mhossz:<\/td>\n<td>905 nm<\/td>\n<\/tr>\n<tr>\n<td>V\u00edz\u00e1ll\u00f3s\u00e1gi oszt\u00e1ly:<\/td>\n<td>IPX4<\/td>\n<\/tr>\n<tr>\n<td>M\u00e9retek:<\/td>\n<td>102x70x35 mm<\/td>\n<\/tr>\n<tr>\n<td>T\u00f6meg:<\/td>\n<td>190 g<\/td>\n<\/tr>\n<tr>\n<td>L\u00e9zeroszt\u00e1ly szabv\u00e1ny:<\/td>\n<td>IEC 60825-1: 2014 1. OSZT\u00c1LY\u00da L\u00c9ZER TERM\u00c9K<\/td>\n<\/tr>\n<tr>\n<td>J\u00f3t\u00e1ll\u00e1s:<\/td>\n<td>5 \u00e9v<\/td>\n<\/tr>\n<\/tbody>\n<\/table>\n<p>Az \u00e1rak t\u00e1j\u00e9koztat\u00f3 jelleg\u0171ek,az \u00e1rv\u00e1ltoz\u00e1s jog\u00e1t fenntartjuk!<\/p>\n<\/div>\n<\/div>\n<\/div>\n<\/div>\n<\/div>\n<\/section>\n","protected":false},"excerpt":{"rendered":"<p>Delta Titanium RF-2000 l\u00e9zeres t\u00e1vols\u00e1gm\u00e9r\u0151 A Delta Titanium RF-2000 t\u00e1vols\u00e1gm\u00e9r\u0151 kompakt eszk\u00f6z, nagyon sokf\u00e9le felhaszn\u00e1l\u00e1si lehet\u0151s\u00e9ggel \u2013 l\u00f6v\u00e9szetben, vad\u00e1szatban \u00e9s vitorl\u00e1z\u00e1sban is haszn\u00e1lj\u00e1k \u0151ket. A t\u00e1vols\u00e1gm\u00e9r\u00e9s lehets\u00e9ges \u00e1ll\u00f3 \u00e9s mozg\u00f3 t\u00e1rgy eset\u00e9ben is. A m\u00e9r\u00e9si eredm\u00e9nyek az okul\u00e1rban jelennek meg a megfigyelt t\u00e1rgy h\u00e1tter\u00e9ben, biztos\u00edtva a maxim\u00e1lis haszn\u00e1lhat\u00f3s\u00e1got, mik\u00f6zben nem takarj\u00e1k el a c\u00e9lt. Minden [&hellip;]<\/p>\n","protected":false},"featured_media":3337,"comment_status":"open","ping_status":"closed","template":"","meta":{"_et_pb_use_builder":"","_et_pb_old_content":"","_et_gb_content_width":"","om_disable_all_campaigns":false},"product_brand":[],"product_cat":[21,849],"product_tag":[],"class_list":{"0":"post-3334","1":"product","2":"type-product","3":"status-publish","4":"has-post-thumbnail","6":"product_cat-uj","7":"product_cat-delta-tavolsagmero","9":"first","10":"instock","11":"taxable","12":"shipping-taxable","13":"purchasable","14":"product-type-simple"},"_links":{"self":[{"href":"https:\/\/www.vadaszboltcsorna.hu\/index.php\/wp-json\/wp\/v2\/product\/3334","targetHints":{"allow":["GET"]}}],"collection":[{"href":"https:\/\/www.vadaszboltcsorna.hu\/index.php\/wp-json\/wp\/v2\/product"}],"about":[{"href":"https:\/\/www.vadaszboltcsorna.hu\/index.php\/wp-json\/wp\/v2\/types\/product"}],"replies":[{"embeddable":true,"href":"https:\/\/www.vadaszboltcsorna.hu\/index.php\/wp-json\/wp\/v2\/comments?post=3334"}],"wp:featuredmedia":[{"embeddable":true,"href":"https:\/\/www.vadaszboltcsorna.hu\/index.php\/wp-json\/wp\/v2\/media\/3337"}],"wp:attachment":[{"href":"https:\/\/www.vadaszboltcsorna.hu\/index.php\/wp-json\/wp\/v2\/media?parent=3334"}],"wp:term":[{"taxonomy":"product_brand","embeddable":true,"href":"https:\/\/www.vadaszboltcsorna.hu\/index.php\/wp-json\/wp\/v2\/product_brand?post=3334"},{"taxonomy":"product_cat","embeddable":true,"href":"https:\/\/www.vadaszboltcsorna.hu\/index.php\/wp-json\/wp\/v2\/product_cat?post=3334"},{"taxonomy":"product_tag","embeddable":true,"href":"https:\/\/www.vadaszboltcsorna.hu\/index.php\/wp-json\/wp\/v2\/product_tag?post=3334"}],"curies":[{"name":"wp","href":"https:\/\/api.w.org\/{rel}","templated":true}]}}