{"id":3331,"date":"2022-08-16T08:32:18","date_gmt":"2022-08-16T08:32:18","guid":{"rendered":"https:\/\/www.vadaszboltcsorna.hu\/?post_type=product&#038;p=3331"},"modified":"2024-05-29T07:18:33","modified_gmt":"2024-05-29T07:18:33","slug":"noblex-nr1000-oled","status":"publish","type":"product","link":"https:\/\/www.vadaszboltcsorna.hu\/index.php\/termek\/noblex-nr1000-oled\/","title":{"rendered":"Noblex NR1000 OLED"},"content":{"rendered":"<h2 class=\"product_title entry-title elementor-heading-title elementor-size-default\"><strong>Noblex NR1000 OLED<\/strong><\/h2>\n<h3><strong>T\u00e1vols\u00e1gm\u00e9r\u0151<\/strong><\/h3>\n<h3>M\u00e9rjen nagy t\u00e1vols\u00e1gokat is biztosan. Az \u00faj Amennyiben s\u00f6t\u00e9t fel\u00fcleteket m\u00e9r a vil\u00e1gos, piros jeles OLED kijelz\u0151n pontosan leolvashat\u00f3ak az adatok.<br \/>\nA 6x-os nagy\u00edt\u00e1s\u00e1nak k\u00f6sz\u00f6nhet\u0151en az NR1000-et haszn\u00e1lhatja egyszer\u0171 keres\u0151t\u00e1vcs\u0151k\u00e9nt is, \u00edgy nem kell pluszba azt is mag\u00e1val hordania.<\/h3>\n<h3 class=\"elementor-heading-title elementor-size-default\">A kis, kompakt m\u00e9ret\u00e9nek h\u00e1la ak\u00e1r zsebben is elf\u00e9r.<\/h3>\n<div class=\"elementor-container elementor-column-gap-default\">\n<div class=\"elementor-column elementor-col-100 elementor-top-column elementor-element elementor-element-a049347\" data-id=\"a049347\" data-element_type=\"column\">\n<div class=\"elementor-widget-wrap elementor-element-populated\">\n<div class=\"elementor-element elementor-element-5e9836c elementor-widget elementor-widget-heading\" data-id=\"5e9836c\" data-element_type=\"widget\" data-widget_type=\"heading.default\">\n<div class=\"elementor-widget-container\">\n<h3 class=\"elementor-heading-title elementor-size-default\">Adatok:<\/h3>\n<\/div>\n<\/div>\n<\/div>\n<\/div>\n<\/div>\n<div class=\"elementor-container elementor-column-gap-default\">\n<div class=\"elementor-column elementor-col-100 elementor-top-column elementor-element elementor-element-2fddf945\" data-id=\"2fddf945\" data-element_type=\"column\">\n<div class=\"elementor-widget-wrap elementor-element-populated\">\n<div class=\"elementor-element elementor-element-767e3760 elementor-widget elementor-widget-text-editor\" data-id=\"767e3760\" data-element_type=\"widget\" data-widget_type=\"text-editor.default\">\n<div class=\"elementor-widget-container\">\n<div class=\"termek-leiras\">\n<h3><strong>Nagy\u00edt\u00e1s<\/strong>: 6x<br \/>\n<strong>Objekt\u00edv\u00e1tm\u00e9r\u0151<\/strong>: 21 mm<br \/>\n<strong>L\u00e9zer oszt\u00e1ly<\/strong>: 1<br \/>\n<strong>M\u00e9r\u00e9s pontoss\u00e1ga<\/strong>: \u00b11<br \/>\n<strong>Kil\u00e9p\u0151 pupilla m\u00e9rete<\/strong>: 3.3<br \/>\n<strong>Sz\u00fcrk\u00fcleti \u00e9rt\u00e9k<\/strong>: 11<br \/>\n<strong>M\u00e9r\u00e9si t\u00e1v<\/strong>: 5 \u2013 1000 m<br \/>\n<strong>L\u00e1t\u00f3mez\u0151<\/strong> (m\/1000m): 126<br \/>\nS\u00faly (g): 161<\/h3>\n<\/div>\n<\/div>\n<\/div>\n<\/div>\n<\/div>\n<\/div>\n<h3><\/h3>\n","protected":false},"excerpt":{"rendered":"<p>Noblex NR1000 OLED T\u00e1vols\u00e1gm\u00e9r\u0151 M\u00e9rjen nagy t\u00e1vols\u00e1gokat is biztosan. Az \u00faj Amennyiben s\u00f6t\u00e9t fel\u00fcleteket m\u00e9r a vil\u00e1gos, piros jeles OLED kijelz\u0151n pontosan leolvashat\u00f3ak az adatok. A 6x-os nagy\u00edt\u00e1s\u00e1nak k\u00f6sz\u00f6nhet\u0151en az NR1000-et haszn\u00e1lhatja egyszer\u0171 keres\u0151t\u00e1vcs\u0151k\u00e9nt is, \u00edgy nem kell pluszba azt is mag\u00e1val hordania. A kis, kompakt m\u00e9ret\u00e9nek h\u00e1la ak\u00e1r zsebben is elf\u00e9r. Adatok: Nagy\u00edt\u00e1s: 6x [&hellip;]<\/p>\n","protected":false},"featured_media":3333,"comment_status":"open","ping_status":"closed","template":"","meta":{"_et_pb_use_builder":"","_et_pb_old_content":"","_et_gb_content_width":"","om_disable_all_campaigns":false},"product_brand":[],"product_cat":[21,847],"product_tag":[848,93,70,86],"class_list":{"0":"post-3331","1":"product","2":"type-product","3":"status-publish","4":"has-post-thumbnail","6":"product_cat-uj","7":"product_cat-noblex-tavolsagmero","8":"product_tag-noblex-nr1000-oled","9":"product_tag-tavolsagmero","10":"product_tag-vadaszat","11":"product_tag-vadaszoptika","13":"first","14":"instock","15":"taxable","16":"shipping-taxable","17":"purchasable","18":"product-type-simple"},"_links":{"self":[{"href":"https:\/\/www.vadaszboltcsorna.hu\/index.php\/wp-json\/wp\/v2\/product\/3331","targetHints":{"allow":["GET"]}}],"collection":[{"href":"https:\/\/www.vadaszboltcsorna.hu\/index.php\/wp-json\/wp\/v2\/product"}],"about":[{"href":"https:\/\/www.vadaszboltcsorna.hu\/index.php\/wp-json\/wp\/v2\/types\/product"}],"replies":[{"embeddable":true,"href":"https:\/\/www.vadaszboltcsorna.hu\/index.php\/wp-json\/wp\/v2\/comments?post=3331"}],"wp:featuredmedia":[{"embeddable":true,"href":"https:\/\/www.vadaszboltcsorna.hu\/index.php\/wp-json\/wp\/v2\/media\/3333"}],"wp:attachment":[{"href":"https:\/\/www.vadaszboltcsorna.hu\/index.php\/wp-json\/wp\/v2\/media?parent=3331"}],"wp:term":[{"taxonomy":"product_brand","embeddable":true,"href":"https:\/\/www.vadaszboltcsorna.hu\/index.php\/wp-json\/wp\/v2\/product_brand?post=3331"},{"taxonomy":"product_cat","embeddable":true,"href":"https:\/\/www.vadaszboltcsorna.hu\/index.php\/wp-json\/wp\/v2\/product_cat?post=3331"},{"taxonomy":"product_tag","embeddable":true,"href":"https:\/\/www.vadaszboltcsorna.hu\/index.php\/wp-json\/wp\/v2\/product_tag?post=3331"}],"curies":[{"name":"wp","href":"https:\/\/api.w.org\/{rel}","templated":true}]}}