{"id":3298,"date":"2022-08-09T12:13:56","date_gmt":"2022-08-09T12:13:56","guid":{"rendered":"https:\/\/www.vadaszboltcsorna.hu\/?post_type=product&#038;p=3298"},"modified":"2025-05-27T11:36:14","modified_gmt":"2025-05-27T11:36:14","slug":"browning-x-bolt-hunter-30-06-golyos-puska","status":"publish","type":"product","link":"https:\/\/www.vadaszboltcsorna.hu\/index.php\/termek\/browning-x-bolt-hunter-30-06-golyos-puska\/","title":{"rendered":"Browning X-Bolt Hunter .30-06 goly\u00f3s puska"},"content":{"rendered":"<div class=\"col-sm-4 reszletek-image-box\">\n<div class=\"reszletek-image-inner\"><\/div>\n<div class=\"row termek-kepek\"><\/div>\n<div class=\"clear\"><\/div>\n<\/div>\n<div class=\"col-sm-5 details-box\">\n<div class=\"r-title\">\n<h1><strong>Browning X-Bolt Hunter .30-06 goly\u00f3s puska<\/strong><\/h1>\n<div class=\"col-sm-12\">\n<h2>\u00a0A Browning X-Bolt Hunter vad\u00e1szfegyver a Browning European \u00fajra tervezett v\u00e1ltozata.<\/h2>\n<h3><strong>Balos kivitel<\/strong><\/h3>\n<h3>Biztons\u00e1gos t\u00e1raz\u00e1s<br \/>\nAranyozott els\u00fct\u0151billenty\u0171<br \/>\nDirekt els\u00fct\u0151szerkezet<br \/>\nLakkozott di\u00f3 tus<br \/>\nIr\u00e1nyz\u00e9kkal szerelt v\u00e1ltozat<br \/>\n60\u00b0 z\u00e1rfoganty\u00fa nyit\u00e1s<br \/>\nMatt fel\u00fclet barn\u00edt\u00e1s<\/h3>\n<h3>A le\u00edr\u00e1sban szerepl\u0151 adatok t\u00e1j\u00e9koztat\u00f3 jelleg\u0171ek, t\u00edpusonk\u00e9nt v\u00e1ltozhat!<br \/>\n<strong>Kaliberekr\u0151l aktu\u00e1lis \u00e1rakr\u00f3l \u00e9s egy\u00e9b inform\u00e1ci\u00f3kr\u00f3l k\u00e9rj\u00fck \u00e9rdekl\u0151dj\u00f6n!<\/strong><\/h3>\n<h3>A fegyvert\u00f6rv\u00e9ny \u00e9rtelm\u00e9ben, fegyvert, l\u0151szert kiz\u00e1r\u00f3lag szem\u00e9lyesen,az \u00fczletben fegyvertart\u00e1si enged\u00e9ly birtok\u00e1ban lehet v\u00e1s\u00e1rolni!<br \/>\nA webshopban megrendelt fegyverek \u00e9s l\u0151szerek NEM ker\u00fclnek kisz\u00e1ll\u00edt\u00e1sra!\u00a0 Tov\u00e1bbi inform\u00e1ci\u00f3\u00e9rt l\u00e1togasson el boltunkba!<\/h3>\n<h3>Az \u00e1rak t\u00e1j\u00e9koztat\u00f3 jelleg\u0171ek nem min\u0151s\u00fcl hivatalos aj\u00e1nlat t\u00e9telnek!<br \/>\nAz \u00e1rv\u00e1ltoz\u00e1s jog\u00e1t fenntartjuk!<\/h3>\n<\/div>\n<p>&nbsp;<\/p>\n<\/div>\n<\/div>\n","protected":false},"excerpt":{"rendered":"<p>Browning X-Bolt Hunter .30-06 goly\u00f3s puska \u00a0A Browning X-Bolt Hunter vad\u00e1szfegyver a Browning European \u00fajra tervezett v\u00e1ltozata. Balos kivitel Biztons\u00e1gos t\u00e1raz\u00e1s Aranyozott els\u00fct\u0151billenty\u0171 Direkt els\u00fct\u0151szerkezet Lakkozott di\u00f3 tus Ir\u00e1nyz\u00e9kkal szerelt v\u00e1ltozat 60\u00b0 z\u00e1rfoganty\u00fa nyit\u00e1s Matt fel\u00fclet barn\u00edt\u00e1s A le\u00edr\u00e1sban szerepl\u0151 adatok t\u00e1j\u00e9koztat\u00f3 jelleg\u0171ek, t\u00edpusonk\u00e9nt v\u00e1ltozhat! Kaliberekr\u0151l aktu\u00e1lis \u00e1rakr\u00f3l \u00e9s egy\u00e9b inform\u00e1ci\u00f3kr\u00f3l k\u00e9rj\u00fck \u00e9rdekl\u0151dj\u00f6n! A fegyvert\u00f6rv\u00e9ny [&hellip;]<\/p>\n","protected":false},"featured_media":3299,"comment_status":"open","ping_status":"closed","template":"","meta":{"_et_pb_use_builder":"","_et_pb_old_content":"","_et_gb_content_width":"","om_disable_all_campaigns":false},"product_brand":[],"product_cat":[21,16,17,1826],"product_tag":[836,98,835,70],"class_list":{"0":"post-3298","1":"product","2":"type-product","3":"status-publish","4":"has-post-thumbnail","6":"product_cat-uj","7":"product_cat-fegyver","8":"product_cat-golyos-fegyver","9":"product_cat-uj-golyos-fegyver","10":"product_tag-balkezes-vadaszfegyver","11":"product_tag-browning","12":"product_tag-browning-x-bolt-hunter-30-06-golyos-puska","13":"product_tag-vadaszat","15":"first","16":"instock","17":"sale","18":"taxable","19":"shipping-taxable","20":"purchasable","21":"product-type-simple"},"_links":{"self":[{"href":"https:\/\/www.vadaszboltcsorna.hu\/index.php\/wp-json\/wp\/v2\/product\/3298","targetHints":{"allow":["GET"]}}],"collection":[{"href":"https:\/\/www.vadaszboltcsorna.hu\/index.php\/wp-json\/wp\/v2\/product"}],"about":[{"href":"https:\/\/www.vadaszboltcsorna.hu\/index.php\/wp-json\/wp\/v2\/types\/product"}],"replies":[{"embeddable":true,"href":"https:\/\/www.vadaszboltcsorna.hu\/index.php\/wp-json\/wp\/v2\/comments?post=3298"}],"wp:featuredmedia":[{"embeddable":true,"href":"https:\/\/www.vadaszboltcsorna.hu\/index.php\/wp-json\/wp\/v2\/media\/3299"}],"wp:attachment":[{"href":"https:\/\/www.vadaszboltcsorna.hu\/index.php\/wp-json\/wp\/v2\/media?parent=3298"}],"wp:term":[{"taxonomy":"product_brand","embeddable":true,"href":"https:\/\/www.vadaszboltcsorna.hu\/index.php\/wp-json\/wp\/v2\/product_brand?post=3298"},{"taxonomy":"product_cat","embeddable":true,"href":"https:\/\/www.vadaszboltcsorna.hu\/index.php\/wp-json\/wp\/v2\/product_cat?post=3298"},{"taxonomy":"product_tag","embeddable":true,"href":"https:\/\/www.vadaszboltcsorna.hu\/index.php\/wp-json\/wp\/v2\/product_tag?post=3298"}],"curies":[{"name":"wp","href":"https:\/\/api.w.org\/{rel}","templated":true}]}}