{"id":3294,"date":"2022-08-09T11:39:55","date_gmt":"2022-08-09T11:39:55","guid":{"rendered":"https:\/\/www.vadaszboltcsorna.hu\/?post_type=product&#038;p=3294"},"modified":"2025-05-27T11:35:32","modified_gmt":"2025-05-27T11:35:32","slug":"browning-a-bolt-3-hunter-laminated-brown-threaded","status":"publish","type":"product","link":"https:\/\/www.vadaszboltcsorna.hu\/index.php\/termek\/browning-a-bolt-3-hunter-laminated-brown-threaded\/","title":{"rendered":"Browning A-Bolt 3 Hunter Laminated Brown Threaded"},"content":{"rendered":"<h2><strong><a aria-disabled=\"true\">Browning A-Bolt 3 Hunter Laminated Brown Threaded<\/a><\/strong><\/h2>\n<h3><strong>Goly\u00f3s vad\u00e1szfegyver<\/strong><\/h3>\n<h3 id=\"tw-target-text\" class=\"tw-data-text tw-text-large tw-ta\" dir=\"ltr\" data-placeholder=\"Ford\u00edt\u00e1s\"><span class=\"Y2IQFc\" lang=\"hu\"><strong>SZIL\u00c1RD FEL\u00c9P\u00cdT\u00c9S, ST\u00cdLUSOS \u00c9S ERGONOMIKUS<\/strong> <\/span><\/h3>\n<h3 class=\"tw-data-text tw-text-large tw-ta\" dir=\"ltr\" data-placeholder=\"Ford\u00edt\u00e1s\"><span class=\"Y2IQFc\" lang=\"hu\">Az A-Bolt 3 puska ezen modellje ugyanazokkal a k\u00fcl\u00f6nleges tulajdons\u00e1gokkal rendelkezik,<br \/>\nmint az A-Bolt 3 Hunter,\u00a0 lamin\u00e1lt fa tussal a modern st\u00edlus \u00e9rdek\u00e9ben, amely nem vesz\u00e9lyezteti a hat\u00e9konys\u00e1got.<\/span><\/h3>\n<h3>Kaliber.: 30-06<\/h3>\n<h3>A le\u00edr\u00e1sban szerepl\u0151 adatok t\u00e1j\u00e9koztat\u00f3 jelleg\u0171ek, t\u00edpusonk\u00e9nt v\u00e1ltozhat!<br \/>\n<strong>Kaliberekr\u0151l aktu\u00e1lis \u00e1rakr\u00f3l \u00e9s egy\u00e9b inform\u00e1ci\u00f3kr\u00f3l k\u00e9rj\u00fck \u00e9rdekl\u0151dj\u00f6n!<\/strong><\/h3>\n<h3>A fegyvert\u00f6rv\u00e9ny \u00e9rtelm\u00e9ben, fegyvert, l\u0151szert kiz\u00e1r\u00f3lag szem\u00e9lyesen,az \u00fczletben fegyvertart\u00e1si enged\u00e9ly birtok\u00e1ban lehet v\u00e1s\u00e1rolni!<br \/>\nA webshopban megrendelt fegyverek \u00e9s l\u0151szerek NEM ker\u00fclnek kisz\u00e1ll\u00edt\u00e1sra!\u00a0 Tov\u00e1bbi inform\u00e1ci\u00f3\u00e9rt l\u00e1togasson el boltunkba!<\/h3>\n<h3>Az \u00e1rak t\u00e1j\u00e9koztat\u00f3 jelleg\u0171ek nem min\u0151s\u00fcl hivatalos aj\u00e1nlat t\u00e9telnek!<br \/>\nAz \u00e1rv\u00e1ltoz\u00e1s jog\u00e1t fenntartjuk!<\/h3>\n<p>&nbsp;<\/p>\n<p>&nbsp;<\/p>\n","protected":false},"excerpt":{"rendered":"<p>Browning A-Bolt 3 Hunter Laminated Brown Threaded Goly\u00f3s vad\u00e1szfegyver SZIL\u00c1RD FEL\u00c9P\u00cdT\u00c9S, ST\u00cdLUSOS \u00c9S ERGONOMIKUS Az A-Bolt 3 puska ezen modellje ugyanazokkal a k\u00fcl\u00f6nleges tulajdons\u00e1gokkal rendelkezik, mint az A-Bolt 3 Hunter,\u00a0 lamin\u00e1lt fa tussal a modern st\u00edlus \u00e9rdek\u00e9ben, amely nem vesz\u00e9lyezteti a hat\u00e9konys\u00e1got. Kaliber.: 30-06 A le\u00edr\u00e1sban szerepl\u0151 adatok t\u00e1j\u00e9koztat\u00f3 jelleg\u0171ek, t\u00edpusonk\u00e9nt v\u00e1ltozhat! Kaliberekr\u0151l aktu\u00e1lis \u00e1rakr\u00f3l [&hellip;]<\/p>\n","protected":false},"featured_media":3296,"comment_status":"open","ping_status":"closed","template":"","meta":{"_et_pb_use_builder":"","_et_pb_old_content":"","_et_gb_content_width":"","om_disable_all_campaigns":false},"product_brand":[],"product_cat":[21,16,17,1826],"product_tag":[834],"class_list":{"0":"post-3294","1":"product","2":"type-product","3":"status-publish","4":"has-post-thumbnail","6":"product_cat-uj","7":"product_cat-fegyver","8":"product_cat-golyos-fegyver","9":"product_cat-uj-golyos-fegyver","10":"product_tag-browning-a-bolt-3-hunter-laminated-brown-threaded","12":"first","13":"instock","14":"taxable","15":"shipping-taxable","16":"product-type-simple"},"_links":{"self":[{"href":"https:\/\/www.vadaszboltcsorna.hu\/index.php\/wp-json\/wp\/v2\/product\/3294","targetHints":{"allow":["GET"]}}],"collection":[{"href":"https:\/\/www.vadaszboltcsorna.hu\/index.php\/wp-json\/wp\/v2\/product"}],"about":[{"href":"https:\/\/www.vadaszboltcsorna.hu\/index.php\/wp-json\/wp\/v2\/types\/product"}],"replies":[{"embeddable":true,"href":"https:\/\/www.vadaszboltcsorna.hu\/index.php\/wp-json\/wp\/v2\/comments?post=3294"}],"wp:featuredmedia":[{"embeddable":true,"href":"https:\/\/www.vadaszboltcsorna.hu\/index.php\/wp-json\/wp\/v2\/media\/3296"}],"wp:attachment":[{"href":"https:\/\/www.vadaszboltcsorna.hu\/index.php\/wp-json\/wp\/v2\/media?parent=3294"}],"wp:term":[{"taxonomy":"product_brand","embeddable":true,"href":"https:\/\/www.vadaszboltcsorna.hu\/index.php\/wp-json\/wp\/v2\/product_brand?post=3294"},{"taxonomy":"product_cat","embeddable":true,"href":"https:\/\/www.vadaszboltcsorna.hu\/index.php\/wp-json\/wp\/v2\/product_cat?post=3294"},{"taxonomy":"product_tag","embeddable":true,"href":"https:\/\/www.vadaszboltcsorna.hu\/index.php\/wp-json\/wp\/v2\/product_tag?post=3294"}],"curies":[{"name":"wp","href":"https:\/\/api.w.org\/{rel}","templated":true}]}}