{"id":3291,"date":"2022-08-09T11:23:45","date_gmt":"2022-08-09T11:23:45","guid":{"rendered":"https:\/\/www.vadaszboltcsorna.hu\/?post_type=product&#038;p=3291"},"modified":"2025-05-27T11:34:38","modified_gmt":"2025-05-27T11:34:38","slug":"browning-x-bolt-hunter-eclipse-vadaszfegyver","status":"publish","type":"product","link":"https:\/\/www.vadaszboltcsorna.hu\/index.php\/termek\/browning-x-bolt-hunter-eclipse-vadaszfegyver\/","title":{"rendered":"BROWNING X-BOLT HUNTER ECLIPSE VAD\u00c1SZFEGYVER"},"content":{"rendered":"<h2 class=\"product_title entry-title\"><strong>BROWNING X-BOLT HUNTER ECLIPSE VAD\u00c1SZFEGYVER<\/strong><\/h2>\n<h3>Term\u00e9ktulajdons\u00e1gok:<\/h3>\n<ul>\n<li>\n<h3>Biztons\u00e1gos t\u00e1raz\u00e1s<\/h3>\n<\/li>\n<li>\n<h3>Direkt els\u00fct\u0151szerkezet<\/h3>\n<\/li>\n<li>\n<h3>R\u00e9tegelt fa tus selymes matt fel\u00fclet<\/h3>\n<\/li>\n<li>\n<h3>Ir\u00e1nyz\u00e9k n\u00e9lk\u00fcli v\u00e1ltozat<\/h3>\n<\/li>\n<li>\n<h3>60\u00b0 z\u00e1rfoganty\u00fa nyit\u00e1s<\/h3>\n<\/li>\n<li>\n<h3>Cser\u00e9lhet\u0151 z\u00e1rfoganty\u00fa<\/h3>\n<\/li>\n<li>\n<h3>5mm-es tusahosszabb\u00edt\u00f3 tartoz\u00e9kk\u00e9nt<\/h3>\n<\/li>\n<li>\n<h3>Kivehet\u0151 t\u00e1r, kapacit\u00e1s 4+1<\/h3>\n<\/li>\n<li>\n<h3>Matt fel\u00fclet barn\u00edt\u00e1s<\/h3>\n<\/li>\n<li>\n<h3>Kaliber:\u00a0\u00a0 -k\u00e9szleten:30-06, 308Win<\/h3>\n<\/li>\n<li>\n<h3>\u00a0\u00a0\u00a0\u00a0\u00a0\u00a0\u00a0\u00a0\u00a0\u00a0\u00a0\u00a0\u00a0\u00a0 -rendelhet\u0151: .243 Win.<\/h3>\n<\/li>\n<li>\n<h3>Cs\u0151 hossz: 530mm 560 mm<\/h3>\n<\/li>\n<\/ul>\n<h3>A le\u00edr\u00e1sban szerepl\u0151 adatok t\u00e1j\u00e9koztat\u00f3 jelleg\u0171ek, t\u00edpusonk\u00e9nt v\u00e1ltozhat!<br \/>\n<strong>Kaliberekr\u0151l aktu\u00e1lis \u00e1rakr\u00f3l \u00e9s egy\u00e9b inform\u00e1ci\u00f3kr\u00f3l k\u00e9rj\u00fck \u00e9rdekl\u0151dj\u00f6n!<\/strong><\/h3>\n<h3>A fegyvert\u00f6rv\u00e9ny \u00e9rtelm\u00e9ben, fegyvert, l\u0151szert kiz\u00e1r\u00f3lag szem\u00e9lyesen,az \u00fczletben fegyvertart\u00e1si enged\u00e9ly birtok\u00e1ban lehet v\u00e1s\u00e1rolni!<br \/>\nA webshopban megrendelt fegyverek \u00e9s l\u0151szerek NEM ker\u00fclnek kisz\u00e1ll\u00edt\u00e1sra!\u00a0 Tov\u00e1bbi inform\u00e1ci\u00f3\u00e9rt l\u00e1togasson el boltunkba!<\/h3>\n<h3>Az \u00e1rak t\u00e1j\u00e9koztat\u00f3 jelleg\u0171ek nem min\u0151s\u00fcl hivatalos aj\u00e1nlat t\u00e9telnek!<br \/>\n<strong>Az \u00e1rv\u00e1ltoz\u00e1s jog\u00e1t fenntartjuk!<\/strong><\/h3>\n<h3><\/h3>\n","protected":false},"excerpt":{"rendered":"<p>BROWNING X-BOLT HUNTER ECLIPSE VAD\u00c1SZFEGYVER Term\u00e9ktulajdons\u00e1gok: Biztons\u00e1gos t\u00e1raz\u00e1s Direkt els\u00fct\u0151szerkezet R\u00e9tegelt fa tus selymes matt fel\u00fclet Ir\u00e1nyz\u00e9k n\u00e9lk\u00fcli v\u00e1ltozat 60\u00b0 z\u00e1rfoganty\u00fa nyit\u00e1s Cser\u00e9lhet\u0151 z\u00e1rfoganty\u00fa 5mm-es tusahosszabb\u00edt\u00f3 tartoz\u00e9kk\u00e9nt Kivehet\u0151 t\u00e1r, kapacit\u00e1s 4+1 Matt fel\u00fclet barn\u00edt\u00e1s Kaliber:\u00a0\u00a0 -k\u00e9szleten:30-06, 308Win \u00a0\u00a0\u00a0\u00a0\u00a0\u00a0\u00a0\u00a0\u00a0\u00a0\u00a0\u00a0\u00a0\u00a0 -rendelhet\u0151: .243 Win. Cs\u0151 hossz: 530mm 560 mm A le\u00edr\u00e1sban szerepl\u0151 adatok t\u00e1j\u00e9koztat\u00f3 jelleg\u0171ek, t\u00edpusonk\u00e9nt v\u00e1ltozhat! Kaliberekr\u0151l [&hellip;]<\/p>\n","protected":false},"featured_media":3292,"comment_status":"open","ping_status":"closed","template":"","meta":{"_et_pb_use_builder":"","_et_pb_old_content":"","_et_gb_content_width":"","om_disable_all_campaigns":false},"product_brand":[],"product_cat":[21,16,17,1826],"product_tag":[98,833,70],"class_list":{"0":"post-3291","1":"product","2":"type-product","3":"status-publish","4":"has-post-thumbnail","6":"product_cat-uj","7":"product_cat-fegyver","8":"product_cat-golyos-fegyver","9":"product_cat-uj-golyos-fegyver","10":"product_tag-browning","11":"product_tag-browning-x-bolt-hunter-eclipse-vadaszfegyver","12":"product_tag-vadaszat","14":"first","15":"instock","16":"sale","17":"taxable","18":"shipping-taxable","19":"purchasable","20":"product-type-simple"},"_links":{"self":[{"href":"https:\/\/www.vadaszboltcsorna.hu\/index.php\/wp-json\/wp\/v2\/product\/3291","targetHints":{"allow":["GET"]}}],"collection":[{"href":"https:\/\/www.vadaszboltcsorna.hu\/index.php\/wp-json\/wp\/v2\/product"}],"about":[{"href":"https:\/\/www.vadaszboltcsorna.hu\/index.php\/wp-json\/wp\/v2\/types\/product"}],"replies":[{"embeddable":true,"href":"https:\/\/www.vadaszboltcsorna.hu\/index.php\/wp-json\/wp\/v2\/comments?post=3291"}],"wp:featuredmedia":[{"embeddable":true,"href":"https:\/\/www.vadaszboltcsorna.hu\/index.php\/wp-json\/wp\/v2\/media\/3292"}],"wp:attachment":[{"href":"https:\/\/www.vadaszboltcsorna.hu\/index.php\/wp-json\/wp\/v2\/media?parent=3291"}],"wp:term":[{"taxonomy":"product_brand","embeddable":true,"href":"https:\/\/www.vadaszboltcsorna.hu\/index.php\/wp-json\/wp\/v2\/product_brand?post=3291"},{"taxonomy":"product_cat","embeddable":true,"href":"https:\/\/www.vadaszboltcsorna.hu\/index.php\/wp-json\/wp\/v2\/product_cat?post=3291"},{"taxonomy":"product_tag","embeddable":true,"href":"https:\/\/www.vadaszboltcsorna.hu\/index.php\/wp-json\/wp\/v2\/product_tag?post=3291"}],"curies":[{"name":"wp","href":"https:\/\/api.w.org\/{rel}","templated":true}]}}