{"id":3275,"date":"2022-08-09T09:15:15","date_gmt":"2022-08-09T09:15:15","guid":{"rendered":"https:\/\/www.vadaszboltcsorna.hu\/?post_type=product&#038;p=3275"},"modified":"2025-05-27T13:21:44","modified_gmt":"2025-05-27T13:21:44","slug":"gpo-passion-hd-85x50-keresotavcso","status":"publish","type":"product","link":"https:\/\/www.vadaszboltcsorna.hu\/index.php\/termek\/gpo-passion-hd-85x50-keresotavcso\/","title":{"rendered":"GPO Passion\u2122 HD 8,5&#215;50 keres\u0151t\u00e1vcs\u0151"},"content":{"rendered":"<h2><strong>GPO Passion\u2122 HD 8,5&#215;50 keres\u0151t\u00e1vcs\u0151<\/strong><\/h2>\n<h3>(50125.000)<\/h3>\n<h4><em><strong>AZ AKTU\u00c1LIS \u00c1RR\u00d3L,K\u00c9RJ\u00dcK \u00c9RDEKL\u0150DJ\u00d6N!<\/strong><\/em><\/h4>\n<h4 class=\"tw-data-text tw-text-large tw-ta\" dir=\"ltr\" data-placeholder=\"Ford\u00edt\u00e1s\"><span class=\"Y2IQFc\" lang=\"hu\">A PASSION\u2122 HD 8,5x\/10x\/12,5x 50 mm-es modelleket nagy m\u00e9ret\u0171 objekt\u00edvlencs\u00e9k jellemzik, amelyek<br \/>\nm\u00e9g a legnehezebb f\u00e9nyviszonyok k\u00f6z\u00f6tt is nagyobb f\u00e9ny\u00e1tereszt\u00e9st tesznek lehet\u0151v\u00e9.<br \/>\n<\/span><\/h4>\n<h4 id=\"tw-target-text\" class=\"tw-data-text tw-text-large tw-ta\" dir=\"ltr\" data-placeholder=\"Ford\u00edt\u00e1s\"><span class=\"Y2IQFc\" lang=\"hu\">A PASSION\u2122 HD term\u00e9kek a GPO (German Precision Optics) abszol\u00fat pr\u00e9mium oszt\u00e1ly\u00e1t k\u00e9pviselik. A HD optika kialak\u00edt\u00e1sa a legmodernebb t\u00f6bbr\u00e9teg\u0171 bevonattal kombin\u00e1lva cs\u00facsmin\u0151s\u00e9g\u0171 optikai kateg\u00f3ri\u00e1t hoz l\u00e9tre az \u00e1tvitel, a l\u00e1t\u00f3mez\u0151, az \u00e9l\u00e9less\u00e9g, a k\u00f6zeli f\u00f3kusz\u00e1l\u00e1s \u00e9s a sz\u00ednvisszaad\u00e1s ter\u00e9n. A v\u00edzleperget\u0151 PASSION drop\u2122 bevonatnak k\u00f6sz\u00f6nhet\u0151en minden optika szennyez\u0151d\u00e9s- \u00e9s v\u00edztasz\u00edt\u00f3. Az innovat\u00edv mikroh\u00edd kiv\u00e1l\u00f3 min\u0151s\u00e9get \u00e9s rendk\u00edv\u00fcl ergonomikus kialak\u00edt\u00e1st k\u00edn\u00e1l. A magn\u00e9ziumh\u00e1z, a bevonatos magn\u00e9ziumh\u00edd \u00e9s az alum\u00ednium forg\u00f3 szemkagyl\u00f3k maxim\u00e1lis robusztuss\u00e1got biztos\u00edtanak minim\u00e1lis s\u00faly mellett. A dioptria-be\u00e1ll\u00edt\u00e1s a k\u00f6zponti \u00e9less\u00e9g\u00e1ll\u00edt\u00f3 ker\u00e9kbe ker\u00fclt a k\u00e9nyelmes kezel\u00e9s \u00e9rdek\u00e9ben. Ha nem szeretne kompromisszumot k\u00f6tni t\u00e1vcs\u00f6vei min\u0151s\u00e9g\u00e9t illet\u0151en, \u00e9s rendk\u00edv\u00fcl korrekt \u00e1r-teljes\u00edtm\u00e9ny ar\u00e1nyt keres, itt biztosan megtal\u00e1lja, amit keres.<\/span><\/h4>\n<h4 class=\"tw-data-text tw-text-large tw-ta\" dir=\"ltr\" data-placeholder=\"Ford\u00edt\u00e1s\"><span class=\"Y2IQFc\" lang=\"hu\"> Lencse \u00e1tm\u00e9r\u0151 [mm]: 50 <\/span><\/h4>\n<h4 class=\"tw-data-text tw-text-large tw-ta\" dir=\"ltr\" data-placeholder=\"Ford\u00edt\u00e1s\"><span class=\"Y2IQFc\" lang=\"hu\">Kil\u00e9p\u0151 pupilla \u00d8 [mm]: 5,88 <\/span><\/h4>\n<h4 class=\"tw-data-text tw-text-large tw-ta\" dir=\"ltr\" data-placeholder=\"Ford\u00edt\u00e1s\"><span class=\"Y2IQFc\" lang=\"hu\">L\u00e1t\u00f3mez\u0151 1000 m-en: 105 HxSz [mm]: 175 x 135<\/span><\/h4>\n<h4 class=\"tw-data-text tw-text-large tw-ta\" dir=\"ltr\" data-placeholder=\"Ford\u00edt\u00e1s\"><span class=\"Y2IQFc\" lang=\"hu\"> S\u00faly [g]: 950<\/span><\/h4>\n<h4 class=\"tw-data-text tw-text-large tw-ta\" dir=\"ltr\" data-placeholder=\"Ford\u00edt\u00e1s\"><em><span class=\"Y2IQFc\" lang=\"hu\"> Az \u00e1rak t\u00e1j\u00e9koztat\u00f3 jelleg\u0171ek, az \u00e1rv\u00e1ltoz\u00e1s jog\u00e1t fenntartjuk! <\/span> <span class=\"Y2IQFc\" lang=\"hu\">\u00a0<\/span><\/em><\/h4>\n<h4><\/h4>\n","protected":false},"excerpt":{"rendered":"<p>GPO Passion\u2122 HD 8,5&#215;50 keres\u0151t\u00e1vcs\u0151 (50125.000) AZ AKTU\u00c1LIS \u00c1RR\u00d3L,K\u00c9RJ\u00dcK \u00c9RDEKL\u0150DJ\u00d6N! A PASSION\u2122 HD 8,5x\/10x\/12,5x 50 mm-es modelleket nagy m\u00e9ret\u0171 objekt\u00edvlencs\u00e9k jellemzik, amelyek m\u00e9g a legnehezebb f\u00e9nyviszonyok k\u00f6z\u00f6tt is nagyobb f\u00e9ny\u00e1tereszt\u00e9st tesznek lehet\u0151v\u00e9. A PASSION\u2122 HD term\u00e9kek a GPO (German Precision Optics) abszol\u00fat pr\u00e9mium oszt\u00e1ly\u00e1t k\u00e9pviselik. A HD optika kialak\u00edt\u00e1sa a legmodernebb t\u00f6bbr\u00e9teg\u0171 bevonattal kombin\u00e1lva cs\u00facsmin\u0151s\u00e9g\u0171 [&hellip;]<\/p>\n","protected":false},"featured_media":3279,"comment_status":"open","ping_status":"closed","template":"","meta":{"_et_pb_use_builder":"","_et_pb_old_content":"","_et_gb_content_width":"","om_disable_all_campaigns":false},"product_brand":[],"product_cat":[21,65],"product_tag":[831,67,632,70],"class_list":{"0":"post-3275","1":"product","2":"type-product","3":"status-publish","4":"has-post-thumbnail","6":"product_cat-uj","7":"product_cat-keresotavcso","8":"product_tag-gpo-passion-hd","9":"product_tag-keresotavcso","10":"product_tag-optika","11":"product_tag-vadaszat","13":"first","14":"instock","15":"taxable","16":"shipping-taxable","17":"product-type-simple"},"_links":{"self":[{"href":"https:\/\/www.vadaszboltcsorna.hu\/index.php\/wp-json\/wp\/v2\/product\/3275","targetHints":{"allow":["GET"]}}],"collection":[{"href":"https:\/\/www.vadaszboltcsorna.hu\/index.php\/wp-json\/wp\/v2\/product"}],"about":[{"href":"https:\/\/www.vadaszboltcsorna.hu\/index.php\/wp-json\/wp\/v2\/types\/product"}],"replies":[{"embeddable":true,"href":"https:\/\/www.vadaszboltcsorna.hu\/index.php\/wp-json\/wp\/v2\/comments?post=3275"}],"wp:featuredmedia":[{"embeddable":true,"href":"https:\/\/www.vadaszboltcsorna.hu\/index.php\/wp-json\/wp\/v2\/media\/3279"}],"wp:attachment":[{"href":"https:\/\/www.vadaszboltcsorna.hu\/index.php\/wp-json\/wp\/v2\/media?parent=3275"}],"wp:term":[{"taxonomy":"product_brand","embeddable":true,"href":"https:\/\/www.vadaszboltcsorna.hu\/index.php\/wp-json\/wp\/v2\/product_brand?post=3275"},{"taxonomy":"product_cat","embeddable":true,"href":"https:\/\/www.vadaszboltcsorna.hu\/index.php\/wp-json\/wp\/v2\/product_cat?post=3275"},{"taxonomy":"product_tag","embeddable":true,"href":"https:\/\/www.vadaszboltcsorna.hu\/index.php\/wp-json\/wp\/v2\/product_tag?post=3275"}],"curies":[{"name":"wp","href":"https:\/\/api.w.org\/{rel}","templated":true}]}}