{"id":3265,"date":"2022-08-09T08:39:01","date_gmt":"2022-08-09T08:39:01","guid":{"rendered":"https:\/\/www.vadaszboltcsorna.hu\/?post_type=product&#038;p=3265"},"modified":"2024-06-24T08:56:23","modified_gmt":"2024-06-24T08:56:23","slug":"tell-220-composite-legpuska-szett-22107-045","status":"publish","type":"product","link":"https:\/\/www.vadaszboltcsorna.hu\/index.php\/termek\/tell-220-composite-legpuska-szett-22107-045\/","title":{"rendered":"TELL 220 Composite l\u00e9gpuska szett (22107.045)"},"content":{"rendered":"<h2><strong>TELL 220 Composite l\u00e9gpuska szett (22107.045)<\/strong><\/h2>\n<h4 class=\"tw-data-text tw-text-large tw-ta\" dir=\"ltr\" data-placeholder=\"Ford\u00edt\u00e1s\"><span class=\"Y2IQFc\" lang=\"hu\">HUBERTUS 4&#215;32 t\u00e1vcs\u0151vel a szettben.<\/span><\/h4>\n<h4 id=\"tw-target-text\" class=\"tw-data-text tw-text-large tw-ta\" dir=\"ltr\" data-placeholder=\"Ford\u00edt\u00e1s\"><span class=\"Y2IQFc\" lang=\"hu\">Kaliber: 4,5 mm<br \/>\nSzintetikus fekete tus.<\/span><\/h4>\n<h4>A l\u00e9gfegyvereket 7,5 joule alatt \u00e1ruljuk. V\u00e1s\u00e1rl\u00e1suk csak szem\u00e9lyesen, 18 \u00e9v felett lehets\u00e9ges. Helysz\u00edn: Hanyi Vad\u00e1szbolt, 9300 Csorna, Arany J\u00e1nos utca 8. Telefonsz\u00e1m: 06 96 261 847. K\u00e9szletinform\u00e1ci\u00f3: telefonon vagy e-mailben az info@magyarvadaszbolt.hu c\u00edmen.<\/h4>\n<h4 class=\"tw-data-text tw-text-large tw-ta\" dir=\"ltr\" data-placeholder=\"Ford\u00edt\u00e1s\"><span class=\"Y2IQFc\" lang=\"hu\"><br \/>\nAz \u00e1rak t\u00e1j\u00e9koztat\u00f3 jelleg\u0171ek,az \u00e1r v\u00e1ltozt\u00e1s jog\u00e1t fenntartjuk!<br \/>\n<\/span><\/h4>\n","protected":false},"excerpt":{"rendered":"<p>TELL 220 Composite l\u00e9gpuska szett (22107.045) HUBERTUS 4&#215;32 t\u00e1vcs\u0151vel a szettben. Kaliber: 4,5 mm Szintetikus fekete tus. A l\u00e9gfegyvereket 7,5 joule alatt \u00e1ruljuk. V\u00e1s\u00e1rl\u00e1suk csak szem\u00e9lyesen, 18 \u00e9v felett lehets\u00e9ges. Helysz\u00edn: Hanyi Vad\u00e1szbolt, 9300 Csorna, Arany J\u00e1nos utca 8. Telefonsz\u00e1m: 06 96 261 847. K\u00e9szletinform\u00e1ci\u00f3: telefonon vagy e-mailben az info@magyarvadaszbolt.hu c\u00edmen. Az \u00e1rak t\u00e1j\u00e9koztat\u00f3 jelleg\u0171ek,az [&hellip;]<\/p>\n","protected":false},"featured_media":3266,"comment_status":"open","ping_status":"closed","template":"","meta":{"_et_pb_use_builder":"","_et_pb_old_content":"","_et_gb_content_width":"","om_disable_all_campaigns":false},"product_brand":[],"product_cat":[21,566,827],"product_tag":[829,828],"class_list":{"0":"post-3265","1":"product","2":"type-product","3":"status-publish","4":"has-post-thumbnail","6":"product_cat-uj","7":"product_cat-engedelymentes-fegyverek","8":"product_cat-legpuska","9":"product_tag-engedelymenets-fegyverek","10":"product_tag-tell-220-composite-legpuska-szett","12":"first","13":"instock","14":"taxable","15":"shipping-taxable","16":"product-type-simple"},"_links":{"self":[{"href":"https:\/\/www.vadaszboltcsorna.hu\/index.php\/wp-json\/wp\/v2\/product\/3265","targetHints":{"allow":["GET"]}}],"collection":[{"href":"https:\/\/www.vadaszboltcsorna.hu\/index.php\/wp-json\/wp\/v2\/product"}],"about":[{"href":"https:\/\/www.vadaszboltcsorna.hu\/index.php\/wp-json\/wp\/v2\/types\/product"}],"replies":[{"embeddable":true,"href":"https:\/\/www.vadaszboltcsorna.hu\/index.php\/wp-json\/wp\/v2\/comments?post=3265"}],"wp:featuredmedia":[{"embeddable":true,"href":"https:\/\/www.vadaszboltcsorna.hu\/index.php\/wp-json\/wp\/v2\/media\/3266"}],"wp:attachment":[{"href":"https:\/\/www.vadaszboltcsorna.hu\/index.php\/wp-json\/wp\/v2\/media?parent=3265"}],"wp:term":[{"taxonomy":"product_brand","embeddable":true,"href":"https:\/\/www.vadaszboltcsorna.hu\/index.php\/wp-json\/wp\/v2\/product_brand?post=3265"},{"taxonomy":"product_cat","embeddable":true,"href":"https:\/\/www.vadaszboltcsorna.hu\/index.php\/wp-json\/wp\/v2\/product_cat?post=3265"},{"taxonomy":"product_tag","embeddable":true,"href":"https:\/\/www.vadaszboltcsorna.hu\/index.php\/wp-json\/wp\/v2\/product_tag?post=3265"}],"curies":[{"name":"wp","href":"https:\/\/api.w.org\/{rel}","templated":true}]}}