{"id":3259,"date":"2022-08-09T08:01:09","date_gmt":"2022-08-09T08:01:09","guid":{"rendered":"https:\/\/www.vadaszboltcsorna.hu\/?post_type=product&#038;p=3259"},"modified":"2022-08-09T08:25:15","modified_gmt":"2022-08-09T08:25:15","slug":"puskatus-hosszabito-67591-125","status":"publish","type":"product","link":"https:\/\/www.vadaszboltcsorna.hu\/index.php\/termek\/puskatus-hosszabito-67591-125\/","title":{"rendered":"Puskatus hosszab\u00edt\u00f3 (67591.125)"},"content":{"rendered":"<h2 id=\"tw-target-text\" class=\"tw-data-text tw-text-large tw-ta\" dir=\"ltr\" data-placeholder=\"Ford\u00edt\u00e1s\"><span class=\"Y2IQFc\" lang=\"hu\"><strong>Puskatus hosszab\u00edt\u00f3 (67591.125)<\/strong><\/span><\/h2>\n<h2 class=\"tw-data-text tw-text-large tw-ta\" dir=\"ltr\" data-placeholder=\"Ford\u00edt\u00e1s\"><span class=\"Y2IQFc\" lang=\"hu\"><br \/>\nA legjobb marhab\u0151rb\u0151l k\u00e9sz\u00fclt. Vastag elasztikus filcp\u00e1rna bel\u00fcl a visszar\u00fag\u00e1s elnyel\u00e9s\u00e9re.<\/span><\/h2>\n<h3>Az \u00e1rak t\u00e1j\u00e9koztat\u00f3 jelleg\u0171ek,az \u00e1rv\u00e1ltoz\u00e1s jog\u00e1t fenntartjuk!<\/h3>\n","protected":false},"excerpt":{"rendered":"<p>Puskatus hosszab\u00edt\u00f3 (67591.125) A legjobb marhab\u0151rb\u0151l k\u00e9sz\u00fclt. Vastag elasztikus filcp\u00e1rna bel\u00fcl a visszar\u00fag\u00e1s elnyel\u00e9s\u00e9re. Az \u00e1rak t\u00e1j\u00e9koztat\u00f3 jelleg\u0171ek,az \u00e1rv\u00e1ltoz\u00e1s jog\u00e1t fenntartjuk!<\/p>\n","protected":false},"featured_media":3260,"comment_status":"open","ping_status":"closed","template":"","meta":{"_et_pb_use_builder":"","_et_pb_old_content":"","_et_gb_content_width":"","om_disable_all_campaigns":false},"product_brand":[],"product_cat":[21,825,486],"product_tag":[826,70],"class_list":{"0":"post-3259","1":"product","2":"type-product","3":"status-publish","4":"has-post-thumbnail","6":"product_cat-uj","7":"product_cat-boraruk","8":"product_cat-fegyverkiegeszitok","9":"product_tag-puskatus-hosszabito","10":"product_tag-vadaszat","12":"first","13":"instock","14":"taxable","15":"shipping-taxable","16":"purchasable","17":"product-type-simple"},"_links":{"self":[{"href":"https:\/\/www.vadaszboltcsorna.hu\/index.php\/wp-json\/wp\/v2\/product\/3259","targetHints":{"allow":["GET"]}}],"collection":[{"href":"https:\/\/www.vadaszboltcsorna.hu\/index.php\/wp-json\/wp\/v2\/product"}],"about":[{"href":"https:\/\/www.vadaszboltcsorna.hu\/index.php\/wp-json\/wp\/v2\/types\/product"}],"replies":[{"embeddable":true,"href":"https:\/\/www.vadaszboltcsorna.hu\/index.php\/wp-json\/wp\/v2\/comments?post=3259"}],"wp:featuredmedia":[{"embeddable":true,"href":"https:\/\/www.vadaszboltcsorna.hu\/index.php\/wp-json\/wp\/v2\/media\/3260"}],"wp:attachment":[{"href":"https:\/\/www.vadaszboltcsorna.hu\/index.php\/wp-json\/wp\/v2\/media?parent=3259"}],"wp:term":[{"taxonomy":"product_brand","embeddable":true,"href":"https:\/\/www.vadaszboltcsorna.hu\/index.php\/wp-json\/wp\/v2\/product_brand?post=3259"},{"taxonomy":"product_cat","embeddable":true,"href":"https:\/\/www.vadaszboltcsorna.hu\/index.php\/wp-json\/wp\/v2\/product_cat?post=3259"},{"taxonomy":"product_tag","embeddable":true,"href":"https:\/\/www.vadaszboltcsorna.hu\/index.php\/wp-json\/wp\/v2\/product_tag?post=3259"}],"curies":[{"name":"wp","href":"https:\/\/api.w.org\/{rel}","templated":true}]}}