{"id":3257,"date":"2022-08-09T07:44:17","date_gmt":"2022-08-09T07:44:17","guid":{"rendered":"https:\/\/www.vadaszboltcsorna.hu\/?post_type=product&#038;p=3257"},"modified":"2023-01-13T11:16:12","modified_gmt":"2023-01-13T11:16:12","slug":"akah-fegyvertarto-javorszarvasborbol","status":"publish","type":"product","link":"https:\/\/www.vadaszboltcsorna.hu\/index.php\/termek\/akah-fegyvertarto-javorszarvasborbol\/","title":{"rendered":"AKAH fegyvertart\u00f3 j\u00e1vorszarvasb\u0151rb\u0151l (67593)"},"content":{"rendered":"<div id=\"tw-target-text-container\" class=\"tw-ta-container F0azHf tw-nfl\" tabindex=\"0\">\n<h2 id=\"tw-target-text\" class=\"tw-data-text tw-text-large tw-ta\" dir=\"ltr\" data-placeholder=\"Ford\u00edt\u00e1s\"><span class=\"Y2IQFc\" lang=\"hu\"><strong> AKAH fegyvertart\u00f3 j\u00e1vorszarvasb\u0151rb\u0151l (67593)<\/strong><\/span><\/h2>\n<h4 class=\"tw-data-text tw-text-large tw-ta\" dir=\"ltr\" data-placeholder=\"Ford\u00edt\u00e1s\"><span class=\"Y2IQFc\" lang=\"hu\"><br \/>\nPuha j\u00e1vorszarvasb\u0151rb\u0151l k\u00e9sz\u00fclt! <\/span><\/h4>\n<h4 class=\"tw-data-text tw-text-large tw-ta\" dir=\"ltr\" data-placeholder=\"Ford\u00edt\u00e1s\"><span class=\"Y2IQFc\" lang=\"hu\">A j\u00e1vorszarvas b\u0151r impregn\u00e1lt \u2192 nem sz\u00edvja fel az es\u0151t az als\u00f3 r\u00e9sze d\u00facgumi \u2192 abszol\u00fat cs\u00fasz\u00e1smentes az oldals\u00f3 stabilit\u00e1si sz\u00e1rnyak \u00f3lomzsin\u00f3rral vannak s\u00falyozva \u2192 tov\u00e1bbi seg\u00edts\u00e9g a cs\u00fasz\u00e1sg\u00e1tl\u00f3hoz a d\u00f6rzs\u00f6lt gumiburkolat t\u00e9p\u0151z\u00e1rral elt\u00e1vol\u00edthat\u00f3 \u2192 a r\u00e1t\u00e9t kit\u00f6lt\u00e9s\u00e9t ez\u00e9rt maga a vad\u00e1sz megv\u00e1ltoztathatja.<\/span><\/h4>\n<\/div>\n<h4>Az \u00e1rak t\u00e1j\u00e9koztat\u00f3 jelleg\u0171ek,az \u00e1rv\u00e1ltoz\u00e1s jog\u00e1t fenntartjuk!<\/h4>\n<div id=\"tw-target-rmn-container\" class=\"tw-target-rmn tw-ta-container F0azHf tw-nfl\">\n<pre id=\"tw-target-rmn\" class=\"tw-data-placeholder tw-text-small tw-ta\" dir=\"ltr\" data-placeholder=\"\"><\/pre>\n<\/div>\n","protected":false},"excerpt":{"rendered":"<p>AKAH fegyvertart\u00f3 j\u00e1vorszarvasb\u0151rb\u0151l (67593) Puha j\u00e1vorszarvasb\u0151rb\u0151l k\u00e9sz\u00fclt! A j\u00e1vorszarvas b\u0151r impregn\u00e1lt \u2192 nem sz\u00edvja fel az es\u0151t az als\u00f3 r\u00e9sze d\u00facgumi \u2192 abszol\u00fat cs\u00fasz\u00e1smentes az oldals\u00f3 stabilit\u00e1si sz\u00e1rnyak \u00f3lomzsin\u00f3rral vannak s\u00falyozva \u2192 tov\u00e1bbi seg\u00edts\u00e9g a cs\u00fasz\u00e1sg\u00e1tl\u00f3hoz a d\u00f6rzs\u00f6lt gumiburkolat t\u00e9p\u0151z\u00e1rral elt\u00e1vol\u00edthat\u00f3 \u2192 a r\u00e1t\u00e9t kit\u00f6lt\u00e9s\u00e9t ez\u00e9rt maga a vad\u00e1sz megv\u00e1ltoztathatja. Az \u00e1rak t\u00e1j\u00e9koztat\u00f3 jelleg\u0171ek,az \u00e1rv\u00e1ltoz\u00e1s [&hellip;]<\/p>\n","protected":false},"featured_media":3255,"comment_status":"open","ping_status":"closed","template":"","meta":{"_et_pb_use_builder":"","_et_pb_old_content":"","_et_gb_content_width":"","om_disable_all_campaigns":false},"product_brand":[],"product_cat":[21,736,722],"product_tag":[824,70],"class_list":{"0":"post-3257","1":"product","2":"type-product","3":"status-publish","4":"has-post-thumbnail","6":"product_cat-uj","7":"product_cat-lozsak","8":"product_cat-vadasz-felszereles","9":"product_tag-akah-fegyvertarto-javorszarvasborbol","10":"product_tag-vadaszat","12":"first","13":"instock","14":"taxable","15":"shipping-taxable","16":"purchasable","17":"product-type-simple"},"_links":{"self":[{"href":"https:\/\/www.vadaszboltcsorna.hu\/index.php\/wp-json\/wp\/v2\/product\/3257","targetHints":{"allow":["GET"]}}],"collection":[{"href":"https:\/\/www.vadaszboltcsorna.hu\/index.php\/wp-json\/wp\/v2\/product"}],"about":[{"href":"https:\/\/www.vadaszboltcsorna.hu\/index.php\/wp-json\/wp\/v2\/types\/product"}],"replies":[{"embeddable":true,"href":"https:\/\/www.vadaszboltcsorna.hu\/index.php\/wp-json\/wp\/v2\/comments?post=3257"}],"wp:featuredmedia":[{"embeddable":true,"href":"https:\/\/www.vadaszboltcsorna.hu\/index.php\/wp-json\/wp\/v2\/media\/3255"}],"wp:attachment":[{"href":"https:\/\/www.vadaszboltcsorna.hu\/index.php\/wp-json\/wp\/v2\/media?parent=3257"}],"wp:term":[{"taxonomy":"product_brand","embeddable":true,"href":"https:\/\/www.vadaszboltcsorna.hu\/index.php\/wp-json\/wp\/v2\/product_brand?post=3257"},{"taxonomy":"product_cat","embeddable":true,"href":"https:\/\/www.vadaszboltcsorna.hu\/index.php\/wp-json\/wp\/v2\/product_cat?post=3257"},{"taxonomy":"product_tag","embeddable":true,"href":"https:\/\/www.vadaszboltcsorna.hu\/index.php\/wp-json\/wp\/v2\/product_tag?post=3257"}],"curies":[{"name":"wp","href":"https:\/\/api.w.org\/{rel}","templated":true}]}}