{"id":3212,"date":"2022-07-27T14:41:10","date_gmt":"2022-07-27T14:41:10","guid":{"rendered":"https:\/\/www.vadaszboltcsorna.hu\/?post_type=product&#038;p=3212"},"modified":"2023-01-13T11:23:06","modified_gmt":"2023-01-13T11:23:06","slug":"akah-teljesen-fonott-fegyverszij-67262000","status":"publish","type":"product","link":"https:\/\/www.vadaszboltcsorna.hu\/index.php\/termek\/akah-teljesen-fonott-fegyverszij-67262000\/","title":{"rendered":"AKAH teljesen fonott fegyversz\u00edj( 67262000)"},"content":{"rendered":"<h2><strong>AKAH teljesen fonott fegyversz\u00edj( 67262000)<\/strong><\/h2>\n<h3>Barna, \u00f6kol\u00f3giailag cserzett marhab\u0151rb\u0151l k\u00e9sz\u00fclt, kiv\u00e1l\u00f3 min\u0151s\u00e9g\u0171 AKAH puskaheveder\u00fcnk leny\u0171g\u00f6z min\u0151s\u00e9g\u00e9vel!<\/h3>\n<h3>Tapasztalt AKAH k\u00e1rpitosaink k\u00e9zzel sz\u0151tt\u00e9k hat egyedi p\u00e1ntb\u00f3l, \u00e9s rendk\u00edv\u00fcl szakad\u00e1s\u00e1ll\u00f3. B\u0151rbor\u00edt\u00e1s\u00fa csatja is van.<\/h3>\n<h3>Hossz\u00fas\u00e1g: 101 cm | Sz\u00e9less\u00e9g: 25mm<\/h3>\n<h3>Az AKAH marhab\u0151r a marhab\u0151r legdr\u00e1g\u00e1bb \u00e9s legjobb min\u0151s\u00e9g\u0171 alkatr\u00e9sze. Ennek a b\u0151rnek az az el\u0151nye, hogy nem ny\u00fajthat\u00f3. Ez biztos\u00edtja a magas szint\u0171 visel\u00e9si k\u00e9nyelmet, mivel a fegyver nem tud fel-le ringatni zavar\u00f3 m\u00f3don.<\/h3>\n<h3>Az \u00e1rak t\u00e1j\u00e9koztat\u00f3 jelleg\u0171ek, az \u00e1rv\u00e1ltoz\u00e1s jog\u00e1t fenntartjuk!<\/h3>\n<div class=\"wrapper bot-border\"><\/div>\n","protected":false},"excerpt":{"rendered":"<p>AKAH teljesen fonott fegyversz\u00edj( 67262000) Barna, \u00f6kol\u00f3giailag cserzett marhab\u0151rb\u0151l k\u00e9sz\u00fclt, kiv\u00e1l\u00f3 min\u0151s\u00e9g\u0171 AKAH puskaheveder\u00fcnk leny\u0171g\u00f6z min\u0151s\u00e9g\u00e9vel! Tapasztalt AKAH k\u00e1rpitosaink k\u00e9zzel sz\u0151tt\u00e9k hat egyedi p\u00e1ntb\u00f3l, \u00e9s rendk\u00edv\u00fcl szakad\u00e1s\u00e1ll\u00f3. B\u0151rbor\u00edt\u00e1s\u00fa csatja is van. Hossz\u00fas\u00e1g: 101 cm | Sz\u00e9less\u00e9g: 25mm Az AKAH marhab\u0151r a marhab\u0151r legdr\u00e1g\u00e1bb \u00e9s legjobb min\u0151s\u00e9g\u0171 alkatr\u00e9sze. Ennek a b\u0151rnek az az el\u0151nye, hogy nem [&hellip;]<\/p>\n","protected":false},"featured_media":3214,"comment_status":"open","ping_status":"closed","template":"","meta":{"_et_pb_use_builder":"","_et_pb_old_content":"","_et_gb_content_width":"","om_disable_all_campaigns":false},"product_brand":[],"product_cat":[21,486,817],"product_tag":[821,70],"class_list":{"0":"post-3212","1":"product","2":"type-product","3":"status-publish","4":"has-post-thumbnail","6":"product_cat-uj","7":"product_cat-fegyverkiegeszitok","8":"product_cat-fegyverszij","9":"product_tag-akah-teljesen-fonott-fegyverszij","10":"product_tag-vadaszat","12":"first","13":"instock","14":"taxable","15":"shipping-taxable","16":"purchasable","17":"product-type-simple"},"_links":{"self":[{"href":"https:\/\/www.vadaszboltcsorna.hu\/index.php\/wp-json\/wp\/v2\/product\/3212","targetHints":{"allow":["GET"]}}],"collection":[{"href":"https:\/\/www.vadaszboltcsorna.hu\/index.php\/wp-json\/wp\/v2\/product"}],"about":[{"href":"https:\/\/www.vadaszboltcsorna.hu\/index.php\/wp-json\/wp\/v2\/types\/product"}],"replies":[{"embeddable":true,"href":"https:\/\/www.vadaszboltcsorna.hu\/index.php\/wp-json\/wp\/v2\/comments?post=3212"}],"wp:featuredmedia":[{"embeddable":true,"href":"https:\/\/www.vadaszboltcsorna.hu\/index.php\/wp-json\/wp\/v2\/media\/3214"}],"wp:attachment":[{"href":"https:\/\/www.vadaszboltcsorna.hu\/index.php\/wp-json\/wp\/v2\/media?parent=3212"}],"wp:term":[{"taxonomy":"product_brand","embeddable":true,"href":"https:\/\/www.vadaszboltcsorna.hu\/index.php\/wp-json\/wp\/v2\/product_brand?post=3212"},{"taxonomy":"product_cat","embeddable":true,"href":"https:\/\/www.vadaszboltcsorna.hu\/index.php\/wp-json\/wp\/v2\/product_cat?post=3212"},{"taxonomy":"product_tag","embeddable":true,"href":"https:\/\/www.vadaszboltcsorna.hu\/index.php\/wp-json\/wp\/v2\/product_tag?post=3212"}],"curies":[{"name":"wp","href":"https:\/\/api.w.org\/{rel}","templated":true}]}}