{"id":3196,"date":"2022-07-27T12:45:01","date_gmt":"2022-07-27T12:45:01","guid":{"rendered":"https:\/\/www.vadaszboltcsorna.hu\/?post_type=product&#038;p=3196"},"modified":"2023-01-13T11:26:55","modified_gmt":"2023-01-13T11:26:55","slug":"akah-fegyverszij-67271000","status":"publish","type":"product","link":"https:\/\/www.vadaszboltcsorna.hu\/index.php\/termek\/akah-fegyverszij-67271000\/","title":{"rendered":"Akah fegyversz\u00edj (67271000)"},"content":{"rendered":"<h2><strong>Akah fegyversz\u00edj (67271000)<\/strong><\/h2>\n<h3 id=\"tw-target-text\" class=\"tw-data-text tw-text-large tw-ta\" dir=\"ltr\" data-placeholder=\"Ford\u00edt\u00e1s\"><span class=\"Y2IQFc\" lang=\"hu\">A legjobb marhab\u0151rb\u0151l k\u00e9sz\u00fclt AKAH puskaheveder\u00fcnk leny\u0171g\u00f6z klasszikus, id\u0151t\u00e1ll\u00f3 kialak\u00edt\u00e1s\u00e1val! 2 b\u0151rbevonat\u00fa csattal rendelkezik, \u00e9s praktikus cs\u00fasz\u00e1sg\u00e1tl\u00f3 bevonattal van ell\u00e1tva. <\/span><\/h3>\n<h3 class=\"tw-data-text tw-text-large tw-ta\" dir=\"ltr\" data-placeholder=\"Ford\u00edt\u00e1s\"><span class=\"Y2IQFc\" lang=\"hu\">Hossz\u00fas\u00e1g: 105 cm | Sz\u00e9less\u00e9g: 25mm <\/span><\/h3>\n<h3 class=\"tw-data-text tw-text-large tw-ta\" dir=\"ltr\" data-placeholder=\"Ford\u00edt\u00e1s\"><span class=\"Y2IQFc\" lang=\"hu\">Val\u00f3di k\u00e9zi varr\u00e1s: Ahol a sz\u00edjnak meg kell tartania a fegyver s\u00faly\u00e1t, ott k\u00e9zzel varrj\u00e1k az \u0151si nyerges hagyom\u00e1nyok szerint.<\/span><\/h3>\n<h3 class=\"tw-data-text tw-text-large tw-ta\" dir=\"ltr\" data-placeholder=\"Ford\u00edt\u00e1s\"><span class=\"Y2IQFc\" lang=\"hu\">B\u0151r: Csak n\u00f6v\u00e9nyi cserz\u00e9sb\u0151l sz\u00e1rmaz\u00f3 b\u0151rt haszn\u00e1lunk, azaz vegyszerek n\u00e9lk\u00fcl, allergiavesz\u00e9ly n\u00e9lk\u00fcl, szennyez\u0151d\u00e9s n\u00e9lk\u00fcl \u2013 tiszta term\u00e9szet! <\/span><\/h3>\n<h3>Az \u00e1rak t\u00e1j\u00e9koztat\u00f3 jelleg\u0171ek, az \u00e1rv\u00e1ltoz\u00e1s jog\u00e1t fenntartjuk!<\/h3>\n","protected":false},"excerpt":{"rendered":"<p>Akah fegyversz\u00edj (67271000) A legjobb marhab\u0151rb\u0151l k\u00e9sz\u00fclt AKAH puskaheveder\u00fcnk leny\u0171g\u00f6z klasszikus, id\u0151t\u00e1ll\u00f3 kialak\u00edt\u00e1s\u00e1val! 2 b\u0151rbevonat\u00fa csattal rendelkezik, \u00e9s praktikus cs\u00fasz\u00e1sg\u00e1tl\u00f3 bevonattal van ell\u00e1tva. Hossz\u00fas\u00e1g: 105 cm | Sz\u00e9less\u00e9g: 25mm Val\u00f3di k\u00e9zi varr\u00e1s: Ahol a sz\u00edjnak meg kell tartania a fegyver s\u00faly\u00e1t, ott k\u00e9zzel varrj\u00e1k az \u0151si nyerges hagyom\u00e1nyok szerint. B\u0151r: Csak n\u00f6v\u00e9nyi cserz\u00e9sb\u0151l sz\u00e1rmaz\u00f3 b\u0151rt [&hellip;]<\/p>\n","protected":false},"featured_media":3229,"comment_status":"open","ping_status":"closed","template":"","meta":{"_et_pb_use_builder":"","_et_pb_old_content":"","_et_gb_content_width":"","om_disable_all_campaigns":false},"product_brand":[],"product_cat":[21,486,817],"product_tag":[819,70],"class_list":{"0":"post-3196","1":"product","2":"type-product","3":"status-publish","4":"has-post-thumbnail","6":"product_cat-uj","7":"product_cat-fegyverkiegeszitok","8":"product_cat-fegyverszij","9":"product_tag-akah-fegyverszij-67271000","10":"product_tag-vadaszat","12":"first","13":"instock","14":"taxable","15":"shipping-taxable","16":"purchasable","17":"product-type-simple"},"_links":{"self":[{"href":"https:\/\/www.vadaszboltcsorna.hu\/index.php\/wp-json\/wp\/v2\/product\/3196","targetHints":{"allow":["GET"]}}],"collection":[{"href":"https:\/\/www.vadaszboltcsorna.hu\/index.php\/wp-json\/wp\/v2\/product"}],"about":[{"href":"https:\/\/www.vadaszboltcsorna.hu\/index.php\/wp-json\/wp\/v2\/types\/product"}],"replies":[{"embeddable":true,"href":"https:\/\/www.vadaszboltcsorna.hu\/index.php\/wp-json\/wp\/v2\/comments?post=3196"}],"wp:featuredmedia":[{"embeddable":true,"href":"https:\/\/www.vadaszboltcsorna.hu\/index.php\/wp-json\/wp\/v2\/media\/3229"}],"wp:attachment":[{"href":"https:\/\/www.vadaszboltcsorna.hu\/index.php\/wp-json\/wp\/v2\/media?parent=3196"}],"wp:term":[{"taxonomy":"product_brand","embeddable":true,"href":"https:\/\/www.vadaszboltcsorna.hu\/index.php\/wp-json\/wp\/v2\/product_brand?post=3196"},{"taxonomy":"product_cat","embeddable":true,"href":"https:\/\/www.vadaszboltcsorna.hu\/index.php\/wp-json\/wp\/v2\/product_cat?post=3196"},{"taxonomy":"product_tag","embeddable":true,"href":"https:\/\/www.vadaszboltcsorna.hu\/index.php\/wp-json\/wp\/v2\/product_tag?post=3196"}],"curies":[{"name":"wp","href":"https:\/\/api.w.org\/{rel}","templated":true}]}}