{"id":3192,"date":"2022-07-27T11:55:41","date_gmt":"2022-07-27T11:55:41","guid":{"rendered":"https:\/\/www.vadaszboltcsorna.hu\/?post_type=product&#038;p=3192"},"modified":"2022-12-13T10:02:34","modified_gmt":"2022-12-13T10:02:34","slug":"akah-fegyverszij-67274000","status":"publish","type":"product","link":"https:\/\/www.vadaszboltcsorna.hu\/index.php\/termek\/akah-fegyverszij-67274000\/","title":{"rendered":"Akah fegyversz\u00edj (67274000)"},"content":{"rendered":"<h2><strong>Akah fegyversz\u00edj (67274000)<\/strong><\/h2>\n<h3 id=\"tw-target-text\" class=\"tw-data-text tw-text-large tw-ta\" dir=\"ltr\" data-placeholder=\"Ford\u00edt\u00e1s\"><span class=\"Y2IQFc\" lang=\"hu\">K\u00e9zzel varrott, cs\u00fasz\u00e1smentes fegyversz\u00edj b\u0151rb\u0151l. Val\u00f3di k\u00e9zi varr\u00e1s: Ahol a sz\u00edjnak meg kell tartania a fegyver s\u00faly\u00e1t, ott k\u00e9zzel varrj\u00e1k az \u0151si nyerges hagyom\u00e1nyok szerint. B\u0151r: Csak n\u00f6v\u00e9nyi cserz\u00e9sb\u0151l sz\u00e1rmaz\u00f3 b\u0151rt haszn\u00e1lunk, azaz vegyszerek n\u00e9lk\u00fcl, allergiavesz\u00e9ly n\u00e9lk\u00fcl, k\u00f6rnyezetszennyez\u00e9s n\u00e9lk\u00fcl,<br \/>\ntiszta term\u00e9szet! <\/span><\/h3>\n<h3 class=\"tw-data-text tw-text-large tw-ta\" dir=\"ltr\" data-placeholder=\"Ford\u00edt\u00e1s\"><span class=\"Y2IQFc\" lang=\"hu\">Modell: Hossz\u00fas\u00e1g: 105 cm | Sz\u00e9less\u00e9g: 50 mm <\/span><\/h3>\n<h3>Az \u00e1rak t\u00e1j\u00e9koztat\u00f3 jelleg\u0171ek , az \u00e1rv\u00e1ltoz\u00e1s jog\u00e1t fenntartjuk!<\/h3>\n","protected":false},"excerpt":{"rendered":"<p>Akah fegyversz\u00edj (67274000) K\u00e9zzel varrott, cs\u00fasz\u00e1smentes fegyversz\u00edj b\u0151rb\u0151l. Val\u00f3di k\u00e9zi varr\u00e1s: Ahol a sz\u00edjnak meg kell tartania a fegyver s\u00faly\u00e1t, ott k\u00e9zzel varrj\u00e1k az \u0151si nyerges hagyom\u00e1nyok szerint. B\u0151r: Csak n\u00f6v\u00e9nyi cserz\u00e9sb\u0151l sz\u00e1rmaz\u00f3 b\u0151rt haszn\u00e1lunk, azaz vegyszerek n\u00e9lk\u00fcl, allergiavesz\u00e9ly n\u00e9lk\u00fcl, k\u00f6rnyezetszennyez\u00e9s n\u00e9lk\u00fcl, tiszta term\u00e9szet! Modell: Hossz\u00fas\u00e1g: 105 cm | Sz\u00e9less\u00e9g: 50 mm Az \u00e1rak t\u00e1j\u00e9koztat\u00f3 [&hellip;]<\/p>\n","protected":false},"featured_media":3193,"comment_status":"open","ping_status":"closed","template":"","meta":{"_et_pb_use_builder":"","_et_pb_old_content":"","_et_gb_content_width":"","om_disable_all_campaigns":false},"product_brand":[],"product_cat":[21,486,817],"product_tag":[818,70],"class_list":{"0":"post-3192","1":"product","2":"type-product","3":"status-publish","4":"has-post-thumbnail","6":"product_cat-uj","7":"product_cat-fegyverkiegeszitok","8":"product_cat-fegyverszij","9":"product_tag-akah-fegyverszij-67274000","10":"product_tag-vadaszat","12":"first","13":"instock","14":"taxable","15":"shipping-taxable","16":"purchasable","17":"product-type-simple"},"_links":{"self":[{"href":"https:\/\/www.vadaszboltcsorna.hu\/index.php\/wp-json\/wp\/v2\/product\/3192","targetHints":{"allow":["GET"]}}],"collection":[{"href":"https:\/\/www.vadaszboltcsorna.hu\/index.php\/wp-json\/wp\/v2\/product"}],"about":[{"href":"https:\/\/www.vadaszboltcsorna.hu\/index.php\/wp-json\/wp\/v2\/types\/product"}],"replies":[{"embeddable":true,"href":"https:\/\/www.vadaszboltcsorna.hu\/index.php\/wp-json\/wp\/v2\/comments?post=3192"}],"wp:featuredmedia":[{"embeddable":true,"href":"https:\/\/www.vadaszboltcsorna.hu\/index.php\/wp-json\/wp\/v2\/media\/3193"}],"wp:attachment":[{"href":"https:\/\/www.vadaszboltcsorna.hu\/index.php\/wp-json\/wp\/v2\/media?parent=3192"}],"wp:term":[{"taxonomy":"product_brand","embeddable":true,"href":"https:\/\/www.vadaszboltcsorna.hu\/index.php\/wp-json\/wp\/v2\/product_brand?post=3192"},{"taxonomy":"product_cat","embeddable":true,"href":"https:\/\/www.vadaszboltcsorna.hu\/index.php\/wp-json\/wp\/v2\/product_cat?post=3192"},{"taxonomy":"product_tag","embeddable":true,"href":"https:\/\/www.vadaszboltcsorna.hu\/index.php\/wp-json\/wp\/v2\/product_tag?post=3192"}],"curies":[{"name":"wp","href":"https:\/\/api.w.org\/{rel}","templated":true}]}}