{"id":3180,"date":"2022-07-25T12:26:59","date_gmt":"2022-07-25T12:26:59","guid":{"rendered":"https:\/\/www.vadaszboltcsorna.hu\/?post_type=product&#038;p=3180"},"modified":"2022-12-06T08:31:49","modified_gmt":"2022-12-06T08:31:49","slug":"akah-irattarto-785665001","status":"publish","type":"product","link":"https:\/\/www.vadaszboltcsorna.hu\/index.php\/termek\/akah-irattarto-785665001\/","title":{"rendered":"Akah irattart\u00f3 (785665001)"},"content":{"rendered":"<h2><strong>Akah irattart\u00f3 (785665001)<\/strong><\/h2>\n<div id=\"tw-target-text-container\" class=\"tw-ta-container F0azHf tw-nfl\" tabindex=\"0\">\n<h3 id=\"tw-target-text\" class=\"tw-data-text tw-text-large tw-ta\" dir=\"ltr\" data-placeholder=\"Ford\u00edt\u00e1s\"><span class=\"Y2IQFc\" lang=\"hu\">A j\u00e1vorszarvasb\u0151rb\u0151l k\u00e9sz\u00fclt AKAH vad\u00e1szenged\u00e9ly-tokunkban vad\u00e1szenged\u00e9lye \u00e9s fegyvertart\u00e1si k\u00e1rty\u00e1ja j\u00f3 kezekben van! A finom, b\u00e1rsonyosan puha j\u00e1vorszarvasb\u0151rb\u0151l k\u00e9sz\u00fclt tok k\u00e9t rekesszel rendelkezik a fegyvertart\u00e1si k\u00e1rty\u00e1k<br \/>\n\u00e9s a fegyvertart\u00e1si enged\u00e9ly sz\u00e1m\u00e1ra. M\u00e9retek: 12 x 16 cm<\/span><\/h3>\n<h3 class=\"tw-data-text tw-text-large tw-ta\" dir=\"ltr\" data-placeholder=\"Ford\u00edt\u00e1s\"><span class=\"Y2IQFc\" lang=\"hu\"><br \/>\nAz \u00e1rak t\u00e1j\u00e9koztat\u00f3 jelleg\u0171ek,az \u00e1rv\u00e1ltoz\u00e1s jog\u00e1t fenntartjuk!<br \/>\n<\/span><\/h3>\n<\/div>\n<div id=\"tw-target-rmn-container\" class=\"tw-target-rmn tw-ta-container F0azHf tw-nfl\">\n<pre id=\"tw-target-rmn\" class=\"tw-data-placeholder tw-text-small tw-ta\" dir=\"ltr\" data-placeholder=\"\"><\/pre>\n<\/div>\n","protected":false},"excerpt":{"rendered":"<p>Akah irattart\u00f3 (785665001) A j\u00e1vorszarvasb\u0151rb\u0151l k\u00e9sz\u00fclt AKAH vad\u00e1szenged\u00e9ly-tokunkban vad\u00e1szenged\u00e9lye \u00e9s fegyvertart\u00e1si k\u00e1rty\u00e1ja j\u00f3 kezekben van! A finom, b\u00e1rsonyosan puha j\u00e1vorszarvasb\u0151rb\u0151l k\u00e9sz\u00fclt tok k\u00e9t rekesszel rendelkezik a fegyvertart\u00e1si k\u00e1rty\u00e1k \u00e9s a fegyvertart\u00e1si enged\u00e9ly sz\u00e1m\u00e1ra. M\u00e9retek: 12 x 16 cm Az \u00e1rak t\u00e1j\u00e9koztat\u00f3 jelleg\u0171ek,az \u00e1rv\u00e1ltoz\u00e1s jog\u00e1t fenntartjuk!<\/p>\n","protected":false},"featured_media":3185,"comment_status":"open","ping_status":"closed","template":"","meta":{"_et_pb_use_builder":"","_et_pb_old_content":"","_et_gb_content_width":"","om_disable_all_campaigns":false},"product_brand":[],"product_cat":[21,169,764],"product_tag":[58,815],"class_list":{"0":"post-3180","1":"product","2":"type-product","3":"status-publish","4":"has-post-thumbnail","6":"product_cat-uj","7":"product_cat-vadasz-ajandek","8":"product_cat-vadaszjegy-irat-loszertarto","9":"product_tag-akah","10":"product_tag-irattarto","12":"first","13":"instock","14":"taxable","15":"shipping-taxable","16":"purchasable","17":"product-type-simple"},"_links":{"self":[{"href":"https:\/\/www.vadaszboltcsorna.hu\/index.php\/wp-json\/wp\/v2\/product\/3180","targetHints":{"allow":["GET"]}}],"collection":[{"href":"https:\/\/www.vadaszboltcsorna.hu\/index.php\/wp-json\/wp\/v2\/product"}],"about":[{"href":"https:\/\/www.vadaszboltcsorna.hu\/index.php\/wp-json\/wp\/v2\/types\/product"}],"replies":[{"embeddable":true,"href":"https:\/\/www.vadaszboltcsorna.hu\/index.php\/wp-json\/wp\/v2\/comments?post=3180"}],"wp:featuredmedia":[{"embeddable":true,"href":"https:\/\/www.vadaszboltcsorna.hu\/index.php\/wp-json\/wp\/v2\/media\/3185"}],"wp:attachment":[{"href":"https:\/\/www.vadaszboltcsorna.hu\/index.php\/wp-json\/wp\/v2\/media?parent=3180"}],"wp:term":[{"taxonomy":"product_brand","embeddable":true,"href":"https:\/\/www.vadaszboltcsorna.hu\/index.php\/wp-json\/wp\/v2\/product_brand?post=3180"},{"taxonomy":"product_cat","embeddable":true,"href":"https:\/\/www.vadaszboltcsorna.hu\/index.php\/wp-json\/wp\/v2\/product_cat?post=3180"},{"taxonomy":"product_tag","embeddable":true,"href":"https:\/\/www.vadaszboltcsorna.hu\/index.php\/wp-json\/wp\/v2\/product_tag?post=3180"}],"curies":[{"name":"wp","href":"https:\/\/api.w.org\/{rel}","templated":true}]}}