{"id":3165,"date":"2022-07-25T11:00:48","date_gmt":"2022-07-25T11:00:48","guid":{"rendered":"https:\/\/www.vadaszboltcsorna.hu\/?post_type=product&#038;p=3165"},"modified":"2023-01-13T10:27:36","modified_gmt":"2023-01-13T10:27:36","slug":"akah-taska-60131001","status":"publish","type":"product","link":"https:\/\/www.vadaszboltcsorna.hu\/index.php\/termek\/akah-taska-60131001\/","title":{"rendered":"Akah t\u00e1ska (60131001)"},"content":{"rendered":"<h2><strong>Akah t\u00e1ska (60131001)<\/strong><\/h2>\n<h3 class=\"tw-data-text tw-text-large tw-ta\" dir=\"ltr\" data-placeholder=\"Ford\u00edt\u00e1s\"><span class=\"Y2IQFc\" lang=\"hu\">Kiv\u00e1l\u00f3 min\u0151s\u00e9g\u0171 bivalyb\u0151rb\u0151l k\u00e9sz\u00fclt AKAH erd\u00e9szt\u00e1sk\u00e1nk klasszikus, id\u0151t\u00e1ll\u00f3 kialak\u00edt\u00e1s\u00e1val ny\u0171g\u00f6z le. Ez a t\u00e1skaforma 1853 \u00f3ta l\u00e9tezik. Az id\u0151k sor\u00e1n vad\u00e1szok nemzed\u00e9kei tudt\u00e1k t\u00f6k\u00e9letes\u00edteni praktikumukat \u00e9s bels\u0151 elrendez\u00e9s\u00fcket \u2013 ezek a modellek ma m\u00e1r nagyon n\u00e9pszer\u0171 klasszikusok a divattudatos n\u0151k k\u00f6r\u00e9ben. \u00d6t k\u00fcl\u00f6n\u00e1ll\u00f3 bels\u0151 rekesszel \u00e9s k\u00e9zzel k\u00e9sz\u00edtett hordsz\u00edjjal ez a t\u00e1ska a legkelend\u0151bb modell\u00fcnk &#8211; abszol\u00fat bestseller! M\u00e9retei: 26x23x13 cm Ez a k\u00e9zzel olajozott AKAH b\u0151r tiszta term\u00e9szetes von\u00e1sokat \u00e9s \u00e9rdekes sz\u00edn\u00e1rnyalatokat mutat minden egyes b\u0151r\u00f6n. Ha meghajl\u00edtod vagy gy\u0171r\u00f6d a b\u0151rt, vil\u00e1gosabb sz\u00ednt kap, ami egy id\u0151 ut\u00e1n ism\u00e9t elt\u0171nik (felh\u00faz\u00f3 hat\u00e1s). Az er\u0151s zs\u00edroz\u00e1snak k\u00f6sz\u00f6nhet\u0151en a b\u0151r k\u00fcl\u00f6n\u00f6sen id\u0151j\u00e1r\u00e1s\u00e1ll\u00f3. A haszn\u00e1lat sor\u00e1n ez a b\u0151r \u00f6sszet\u00e9veszthetetlen, egyedi b\u0151rpatin\u00e1t fejleszt ki.<\/span><\/h3>\n<h3>Az \u00e1rak t\u00e1j\u00e9koztat\u00f3 jelleg\u0171ek, az \u00e1rv\u00e1ltoz\u00e1s jog\u00e1t fenntartjuk!<\/h3>\n","protected":false},"excerpt":{"rendered":"<p>Akah t\u00e1ska (60131001) Kiv\u00e1l\u00f3 min\u0151s\u00e9g\u0171 bivalyb\u0151rb\u0151l k\u00e9sz\u00fclt AKAH erd\u00e9szt\u00e1sk\u00e1nk klasszikus, id\u0151t\u00e1ll\u00f3 kialak\u00edt\u00e1s\u00e1val ny\u0171g\u00f6z le. Ez a t\u00e1skaforma 1853 \u00f3ta l\u00e9tezik. Az id\u0151k sor\u00e1n vad\u00e1szok nemzed\u00e9kei tudt\u00e1k t\u00f6k\u00e9letes\u00edteni praktikumukat \u00e9s bels\u0151 elrendez\u00e9s\u00fcket \u2013 ezek a modellek ma m\u00e1r nagyon n\u00e9pszer\u0171 klasszikusok a divattudatos n\u0151k k\u00f6r\u00e9ben. \u00d6t k\u00fcl\u00f6n\u00e1ll\u00f3 bels\u0151 rekesszel \u00e9s k\u00e9zzel k\u00e9sz\u00edtett hordsz\u00edjjal ez a t\u00e1ska [&hellip;]<\/p>\n","protected":false},"featured_media":3167,"comment_status":"open","ping_status":"closed","template":"","meta":{"_et_pb_use_builder":"","_et_pb_old_content":"","_et_gb_content_width":"","om_disable_all_campaigns":false},"product_brand":[],"product_cat":[21,741],"product_tag":[813],"class_list":{"0":"post-3165","1":"product","2":"type-product","3":"status-publish","4":"has-post-thumbnail","6":"product_cat-uj","7":"product_cat-vadasz-hatizsakok-taskak","8":"product_tag-akah-taska-60131001","10":"first","11":"instock","12":"taxable","13":"shipping-taxable","14":"purchasable","15":"product-type-simple"},"_links":{"self":[{"href":"https:\/\/www.vadaszboltcsorna.hu\/index.php\/wp-json\/wp\/v2\/product\/3165","targetHints":{"allow":["GET"]}}],"collection":[{"href":"https:\/\/www.vadaszboltcsorna.hu\/index.php\/wp-json\/wp\/v2\/product"}],"about":[{"href":"https:\/\/www.vadaszboltcsorna.hu\/index.php\/wp-json\/wp\/v2\/types\/product"}],"replies":[{"embeddable":true,"href":"https:\/\/www.vadaszboltcsorna.hu\/index.php\/wp-json\/wp\/v2\/comments?post=3165"}],"wp:featuredmedia":[{"embeddable":true,"href":"https:\/\/www.vadaszboltcsorna.hu\/index.php\/wp-json\/wp\/v2\/media\/3167"}],"wp:attachment":[{"href":"https:\/\/www.vadaszboltcsorna.hu\/index.php\/wp-json\/wp\/v2\/media?parent=3165"}],"wp:term":[{"taxonomy":"product_brand","embeddable":true,"href":"https:\/\/www.vadaszboltcsorna.hu\/index.php\/wp-json\/wp\/v2\/product_brand?post=3165"},{"taxonomy":"product_cat","embeddable":true,"href":"https:\/\/www.vadaszboltcsorna.hu\/index.php\/wp-json\/wp\/v2\/product_cat?post=3165"},{"taxonomy":"product_tag","embeddable":true,"href":"https:\/\/www.vadaszboltcsorna.hu\/index.php\/wp-json\/wp\/v2\/product_tag?post=3165"}],"curies":[{"name":"wp","href":"https:\/\/api.w.org\/{rel}","templated":true}]}}