{"id":3131,"date":"2022-06-13T13:03:08","date_gmt":"2022-06-13T13:03:08","guid":{"rendered":"https:\/\/www.vadaszboltcsorna.hu\/?post_type=product&#038;p=3131"},"modified":"2025-12-10T15:28:06","modified_gmt":"2025-12-10T15:28:06","slug":"winchester-xpr-243-win","status":"publish","type":"product","link":"https:\/\/www.vadaszboltcsorna.hu\/index.php\/termek\/winchester-xpr-243-win\/","title":{"rendered":"Winchester XPR Sporter"},"content":{"rendered":"<h2><strong>Winchester XPR Sporter<\/strong><\/h2>\n<h2>\u00a0A Winchester XPR egy stabil, megb\u00edzhat\u00f3 \u00e9s pontos vad\u00e1szpuska a Winchester vad\u00e1szok k\u00f6vetkez\u0151 gener\u00e1ci\u00f3ja sz\u00e1m\u00e1ra. Kiv\u00e1l\u00f3 vad\u00e1szpuska, megfizethet\u0151 \u00e1ron!<\/h2>\n<div class=\"col-sm-12\">\n<h2><strong>Term\u00e9ktulajdons\u00e1gok:<\/strong><\/h2>\n<h3>&#8211; Barn\u00edtott cs\u0151<br \/>\n&#8211; Kivehet\u0151 t\u00e1r<br \/>\n&#8211; Sz\u00edjkengyel el\u0151k\u00e9sz\u00edt\u00e9s<br \/>\n&#8211; Gumi tusatalp<\/h3>\n<h3>Kaliberek. : 30-06 Spr.<\/h3>\n<h3>\u00a0 \u00a0 \u00a0 \u00a0 \u00a0 \u00a0 \u00a0 \u00a0 \u00a0 .308 Win.<\/h3>\n<h3>\u00a0 \u00a0 \u00a0 \u00a0 \u00a0 \u00a0 \u00a0 \u00a0 \u00a0 .243 Rem.<\/h3>\n<h3>A le\u00edr\u00e1sban szerepl\u0151 adatok t\u00e1j\u00e9koztat\u00f3 jelleg\u0171ek, t\u00edpusonk\u00e9nt v\u00e1ltozhat!<\/h3>\n<h3><em><strong>Kaliberekr\u0151l aktu\u00e1lis \u00e1rakr\u00f3l \u00e9s egy\u00e9b inform\u00e1ci\u00f3kr\u00f3l k\u00e9rj\u00fck \u00e9rdekl\u0151dj\u00f6n!<\/strong><\/em><\/h3>\n<h3>A fegyvert\u00f6rv\u00e9ny \u00e9rtelm\u00e9ben, fegyvert, l\u0151szert kiz\u00e1r\u00f3lag szem\u00e9lyesen,az \u00fczletben fegyvertart\u00e1si enged\u00e9ly birtok\u00e1ban lehet v\u00e1s\u00e1rolni!<br \/>\nA webshopban megrendelt fegyverek \u00e9s l\u0151szerek NEM ker\u00fclnek kisz\u00e1ll\u00edt\u00e1sra!\u00a0 Tov\u00e1bbi inform\u00e1ci\u00f3\u00e9rt l\u00e1togasson el boltunkba!<\/h3>\n<h3>Az \u00e1rak t\u00e1j\u00e9koztat\u00f3 jelleg\u0171ek nem min\u0151s\u00fcl hivatalos aj\u00e1nlat t\u00e9telnek!<br \/>\nAz \u00e1rv\u00e1ltoz\u00e1s jog\u00e1t fenntartjuk!<\/h3>\n<\/div>\n","protected":false},"excerpt":{"rendered":"<p>Winchester XPR Sporter \u00a0A Winchester XPR egy stabil, megb\u00edzhat\u00f3 \u00e9s pontos vad\u00e1szpuska a Winchester vad\u00e1szok k\u00f6vetkez\u0151 gener\u00e1ci\u00f3ja sz\u00e1m\u00e1ra. Kiv\u00e1l\u00f3 vad\u00e1szpuska, megfizethet\u0151 \u00e1ron! Term\u00e9ktulajdons\u00e1gok: &#8211; Barn\u00edtott cs\u0151 &#8211; Kivehet\u0151 t\u00e1r &#8211; Sz\u00edjkengyel el\u0151k\u00e9sz\u00edt\u00e9s &#8211; Gumi tusatalp Kaliberek. : 30-06 Spr. \u00a0 \u00a0 \u00a0 \u00a0 \u00a0 \u00a0 \u00a0 \u00a0 \u00a0 .308 Win. \u00a0 \u00a0 \u00a0 \u00a0 \u00a0 [&hellip;]<\/p>\n","protected":false},"featured_media":3132,"comment_status":"open","ping_status":"closed","template":"","meta":{"_et_pb_use_builder":"","_et_pb_old_content":"","_et_gb_content_width":"","om_disable_all_campaigns":false},"product_brand":[],"product_cat":[21,16,17,1826],"product_tag":[48,70,495,1604],"class_list":{"0":"post-3131","1":"product","2":"type-product","3":"status-publish","4":"has-post-thumbnail","6":"product_cat-uj","7":"product_cat-fegyver","8":"product_cat-golyos-fegyver","9":"product_cat-uj-golyos-fegyver","10":"product_tag-golyos-fegyver","11":"product_tag-vadaszat","12":"product_tag-winchester-xpr-243-win","13":"product_tag-winchester-xpr-sporter","15":"first","16":"instock","17":"taxable","18":"shipping-taxable","19":"purchasable","20":"product-type-simple"},"_links":{"self":[{"href":"https:\/\/www.vadaszboltcsorna.hu\/index.php\/wp-json\/wp\/v2\/product\/3131","targetHints":{"allow":["GET"]}}],"collection":[{"href":"https:\/\/www.vadaszboltcsorna.hu\/index.php\/wp-json\/wp\/v2\/product"}],"about":[{"href":"https:\/\/www.vadaszboltcsorna.hu\/index.php\/wp-json\/wp\/v2\/types\/product"}],"replies":[{"embeddable":true,"href":"https:\/\/www.vadaszboltcsorna.hu\/index.php\/wp-json\/wp\/v2\/comments?post=3131"}],"wp:featuredmedia":[{"embeddable":true,"href":"https:\/\/www.vadaszboltcsorna.hu\/index.php\/wp-json\/wp\/v2\/media\/3132"}],"wp:attachment":[{"href":"https:\/\/www.vadaszboltcsorna.hu\/index.php\/wp-json\/wp\/v2\/media?parent=3131"}],"wp:term":[{"taxonomy":"product_brand","embeddable":true,"href":"https:\/\/www.vadaszboltcsorna.hu\/index.php\/wp-json\/wp\/v2\/product_brand?post=3131"},{"taxonomy":"product_cat","embeddable":true,"href":"https:\/\/www.vadaszboltcsorna.hu\/index.php\/wp-json\/wp\/v2\/product_cat?post=3131"},{"taxonomy":"product_tag","embeddable":true,"href":"https:\/\/www.vadaszboltcsorna.hu\/index.php\/wp-json\/wp\/v2\/product_tag?post=3131"}],"curies":[{"name":"wp","href":"https:\/\/api.w.org\/{rel}","templated":true}]}}