{"id":31,"date":"2021-04-09T09:41:25","date_gmt":"2021-04-09T09:41:25","guid":{"rendered":"http:\/\/www.vadaszboltcsorna.hu\/?post_type=product&#038;p=31"},"modified":"2026-04-13T05:46:51","modified_gmt":"2026-04-13T05:46:51","slug":"haenel-jaeger-10-standard","status":"publish","type":"product","link":"https:\/\/www.vadaszboltcsorna.hu\/index.php\/termek\/haenel-jaeger-10-standard\/","title":{"rendered":"Haenel Jager 10 Standard"},"content":{"rendered":"<p><img loading=\"lazy\" decoding=\"async\" class=\"size-medium wp-image-37 aligncenter\" src=\"https:\/\/www.vadaszboltcsorna.hu\/wp-content\/uploads\/2021\/04\/haenel-jager-10-standart-300x169.jpg\" alt=\"\" width=\"300\" height=\"169\" \/><\/p>\n<div class=\"flex max-w-full flex-col flex-grow\">\n<div class=\"min-h-8 text-message relative flex w-full flex-col items-end gap-2 whitespace-normal break-words text-start [.text-message+&amp;]:mt-5\" dir=\"auto\" data-message-author-role=\"assistant\" data-message-id=\"819ac133-f11e-47a8-805c-aa0bc8c4479a\" data-message-model-slug=\"gpt-4o\">\n<div class=\"flex w-full flex-col gap-1 empty:hidden first:pt-[3px]\">\n<div class=\"markdown prose w-full break-words dark:prose-invert light\">\n<h3 data-start=\"0\" data-end=\"81\"><strong data-start=\"4\" data-end=\"79\">Haenel Jager 10 Standard \u2013 Kifinomult vad\u00e1szat, kompromisszumok n\u00e9lk\u00fcl!<\/strong><\/h3>\n<p data-start=\"83\" data-end=\"140\">\ud83d\udd38 <strong data-start=\"86\" data-end=\"135\">Elegancia \u00e9s precizit\u00e1s \u2013 minden vad\u00e1sz \u00e1lma!<\/strong> \ud83d\udd38<\/p>\n<p data-start=\"142\" data-end=\"373\">A <strong data-start=\"144\" data-end=\"172\">Haenel Jager 10 Standard<\/strong> egy olyan vad\u00e1szpuska, amely t\u00f6k\u00e9letesen \u00f6tv\u00f6zi a klasszikus form\u00e1t \u00e9s a modern technol\u00f3gi\u00e1t. Legyen sz\u00f3 hajt\u00f3vad\u00e1szatr\u00f3l vagy prec\u00edzi\u00f3s l\u00f6v\u00e9sekr\u0151l, ez a fegyver minden helyzetben meg\u00e1llja a hely\u00e9t.<\/p>\n<p data-start=\"375\" data-end=\"965\">\ud83d\udc8e <strong data-start=\"378\" data-end=\"397\">F\u0151bb jellemz\u0151k:<\/strong><br data-start=\"397\" data-end=\"400\" \/>\u2714 <strong data-start=\"402\" data-end=\"430\">Pr\u00e9mium min\u0151s\u00e9g\u0171 anyagok<\/strong> \u2013 Kiv\u00e1l\u00f3 min\u0151s\u00e9g\u0171 ac\u00e9l \u00e9s 1. oszt\u00e1ly\u00fa fa tus<br data-start=\"475\" data-end=\"478\" \/>\u2714 <strong data-start=\"480\" data-end=\"510\">Hidegen kov\u00e1csolt Suhl cs\u0151<\/strong> \u2013 Maxim\u00e1lis pontoss\u00e1g minden l\u00f6v\u00e9sn\u00e9l<br data-start=\"548\" data-end=\"551\" \/>\u2714 <strong data-start=\"553\" data-end=\"593\">Er\u0151teljes \u00e9s megb\u00edzhat\u00f3 z\u00e1rszerkezet<\/strong> \u2013 H\u00e1romk\u00f6rm\u0171 z\u00e1r a sima \u00e9s stabil m\u0171k\u00f6d\u00e9s \u00e9rdek\u00e9ben<br data-start=\"645\" data-end=\"648\" \/>\u2714 <strong data-start=\"650\" data-end=\"682\">Gyors \u00e9s hat\u00e9kony \u00fajrat\u00f6lt\u00e9s<\/strong> \u2013 60\u00b0-os nyit\u00e1si sz\u00f6g a gyors ism\u00e9tl\u0151 l\u00f6v\u00e9sekhez<br data-start=\"731\" data-end=\"734\" \/>\u2714 <strong data-start=\"736\" data-end=\"786\">K\u00e9t\u00e1ll\u00e1s\u00fa biztos\u00edt\u00e1s \u00e9s megvil\u00e1g\u00edtott ir\u00e1nyz\u00e9k<\/strong> \u2013 Maxim\u00e1lis biztons\u00e1g \u00e9s pontoss\u00e1g<br data-start=\"821\" data-end=\"824\" \/>\u2714 <strong data-start=\"826\" data-end=\"858\">K\u00e9nyelmes \u00e9s \u00e1ll\u00edthat\u00f3 s\u00fct\u00e9s<\/strong> \u2013 Egy\u00e9nileg be\u00e1ll\u00edthat\u00f3 els\u00fct\u0151 billenty\u0171<br data-start=\"899\" data-end=\"902\" \/>\u2714 <strong data-start=\"904\" data-end=\"920\">Kivehet\u0151 t\u00e1r<\/strong> \u2013 Praktikus \u00e9s gyors \u00fajrat\u00f6lt\u00e9si lehet\u0151s\u00e9g<\/p>\n<p data-start=\"967\" data-end=\"1293\">\ud83d\udccc <strong data-start=\"970\" data-end=\"989\">M\u0171szaki adatok:<\/strong><br data-start=\"989\" data-end=\"992\" \/>\ud83d\udd39 <strong data-start=\"995\" data-end=\"1012\">Teljes hossz:<\/strong> 1100 mm<br data-start=\"1020\" data-end=\"1023\" \/>\ud83d\udd39 <strong data-start=\"1026\" data-end=\"1039\">Cs\u0151hossz:<\/strong> 560 mm vagy 610 mm kalibert\u0151l f\u00fcgg\u0151en<br data-start=\"1077\" data-end=\"1080\" \/>\ud83d\udd39 <strong data-start=\"1083\" data-end=\"1092\">S\u00faly:<\/strong> kb. 3,2 kg<br data-start=\"1103\" data-end=\"1106\" \/>\ud83d\udd39 <strong data-start=\"1109\" data-end=\"1126\">T\u00e1rkapacit\u00e1s:<\/strong> 3+1 db<br data-start=\"1133\" data-end=\"1136\" \/>\ud83d\udd39 <strong data-start=\"1139\" data-end=\"1153\">Kaliberek:<\/strong> .223 Rem., .243 Win., .270 Win., .30-06, .308 Win., 6,5&#215;55, 7&#215;64, 8&#215;57 JS, 9,3&#215;62<br data-start=\"1235\" data-end=\"1238\" \/>\ud83d\udd39 <strong data-start=\"1241\" data-end=\"1249\">Tus:<\/strong> 1. oszt\u00e1ly\u00fa fa, Monte Carlo kialak\u00edt\u00e1ssal<\/p>\n<hr data-start=\"1295\" data-end=\"1298\" \/>\n<p data-start=\"1300\" data-end=\"1558\">\u26a0 <strong data-start=\"1302\" data-end=\"1324\">Fontos tudnival\u00f3k:<\/strong><br data-start=\"1324\" data-end=\"1327\" \/>\u2714 <strong data-start=\"1329\" data-end=\"1422\">Fegyver \u00e9s l\u0151szer v\u00e1s\u00e1rl\u00e1sa kiz\u00e1r\u00f3lag szem\u00e9lyesen, fegyvertart\u00e1si enged\u00e9llyel lehets\u00e9ges!<\/strong><br data-start=\"1422\" data-end=\"1425\" \/>\u2714 <strong data-start=\"1427\" data-end=\"1503\" data-is-only-node=\"\">A webshopban megrendelt fegyvereket \u00e9s l\u0151szereket nem sz\u00e1ll\u00edtjuk h\u00e1zhoz!<\/strong><br data-start=\"1503\" data-end=\"1506\" \/>\u2714 <strong data-start=\"1508\" data-end=\"1556\">Az \u00e1rak t\u00e1j\u00e9koztat\u00f3 jelleg\u0171ek, v\u00e1ltozhatnak!<\/strong><\/p>\n<p data-start=\"1560\" data-end=\"1749\" data-is-last-node=\"\" data-is-only-node=\"\">\ud83d\udca5 <strong data-start=\"1563\" data-end=\"1651\">Fedezd fel a Haenel Jager 10 Standard fegyver t\u00f6k\u00e9letes egyens\u00faly\u00e1t \u00e9s precizit\u00e1s\u00e1t!<\/strong> L\u00e1togass el boltunkba \u00e9s tudd meg, mi\u00e9rt v\u00e1lasztj\u00e1k ezt a pusk\u00e1t olyan sok vad\u00e1sz vil\u00e1gszerte! \ud83c\udfaf<\/p>\n<p><iframe loading=\"lazy\" title=\"Jaeger 10 Timber | Back To The Woods\" width=\"1080\" height=\"608\" src=\"https:\/\/www.youtube.com\/embed\/ijMdbT2hjgg?list=PLi6qL3TkYJyGFIbekzRHqrB47h_4BNw8N\"  allow=\"accelerometer; autoplay; clipboard-write; encrypted-media; gyroscope; picture-in-picture; web-share\" referrerpolicy=\"strict-origin-when-cross-origin\" allowfullscreen><\/iframe><\/p>\n<\/div>\n<\/div>\n<\/div>\n<\/div>\n<section class=\"_3Bc-c\">\n<div dir=\"ltr\"><\/div>\n<\/section>\n<section class=\"_3GNyR\">\n<div class=\"fggS- cell\">\n<div data-hook=\"product-prices-wrapper\">\n<div class=\"_2POY8 _1qzak\" data-hook=\"product-price\">\n<h3 class=\"_26qxh\"><\/h3>\n<div>\n<h3><\/h3>\n<\/div>\n<\/div>\n<\/div>\n<\/div>\n<\/section>\n","protected":false},"excerpt":{"rendered":"<p>https:\/\/www.youtube.com\/watch?v=ttJWczp1Kyk<\/p>\n","protected":false},"featured_media":34,"comment_status":"open","ping_status":"closed","template":"","meta":{"_et_pb_use_builder":"","_et_pb_old_content":"","_et_gb_content_width":"","om_disable_all_campaigns":false},"product_brand":[],"product_cat":[21,16,17,1826],"product_tag":[44,696,45,46,70,40],"class_list":{"0":"post-31","1":"product","2":"type-product","3":"status-publish","4":"has-post-thumbnail","6":"product_cat-uj","7":"product_cat-fegyver","8":"product_cat-golyos-fegyver","9":"product_cat-uj-golyos-fegyver","10":"product_tag-golyospuska","11":"product_tag-haenel-jager-10-standard","12":"product_tag-hajtaspuska","13":"product_tag-ujfegyver","14":"product_tag-vadaszat","15":"product_tag-vadaszfegyver","17":"first","18":"instock","19":"sale","20":"taxable","21":"shipping-taxable","22":"purchasable","23":"product-type-simple"},"_links":{"self":[{"href":"https:\/\/www.vadaszboltcsorna.hu\/index.php\/wp-json\/wp\/v2\/product\/31","targetHints":{"allow":["GET"]}}],"collection":[{"href":"https:\/\/www.vadaszboltcsorna.hu\/index.php\/wp-json\/wp\/v2\/product"}],"about":[{"href":"https:\/\/www.vadaszboltcsorna.hu\/index.php\/wp-json\/wp\/v2\/types\/product"}],"replies":[{"embeddable":true,"href":"https:\/\/www.vadaszboltcsorna.hu\/index.php\/wp-json\/wp\/v2\/comments?post=31"}],"wp:featuredmedia":[{"embeddable":true,"href":"https:\/\/www.vadaszboltcsorna.hu\/index.php\/wp-json\/wp\/v2\/media\/34"}],"wp:attachment":[{"href":"https:\/\/www.vadaszboltcsorna.hu\/index.php\/wp-json\/wp\/v2\/media?parent=31"}],"wp:term":[{"taxonomy":"product_brand","embeddable":true,"href":"https:\/\/www.vadaszboltcsorna.hu\/index.php\/wp-json\/wp\/v2\/product_brand?post=31"},{"taxonomy":"product_cat","embeddable":true,"href":"https:\/\/www.vadaszboltcsorna.hu\/index.php\/wp-json\/wp\/v2\/product_cat?post=31"},{"taxonomy":"product_tag","embeddable":true,"href":"https:\/\/www.vadaszboltcsorna.hu\/index.php\/wp-json\/wp\/v2\/product_tag?post=31"}],"curies":[{"name":"wp","href":"https:\/\/api.w.org\/{rel}","templated":true}]}}