{"id":3083,"date":"2022-05-27T08:27:14","date_gmt":"2022-05-27T08:27:14","guid":{"rendered":"https:\/\/www.vadaszboltcsorna.hu\/?post_type=product&#038;p=3083"},"modified":"2023-07-21T08:41:33","modified_gmt":"2023-07-21T08:41:33","slug":"3m-peltor-sporttac-elektronikus-zajszintf-hallasvedo","status":"publish","type":"product","link":"https:\/\/www.vadaszboltcsorna.hu\/index.php\/termek\/3m-peltor-sporttac-elektronikus-zajszintf-hallasvedo\/","title":{"rendered":"3M Peltor SportTac elektronikus zajszintf.hall\u00e1sv\u00e9d\u0151"},"content":{"rendered":"<h2><strong>3M Peltor SportTac elektronikus zajszintf.hall\u00e1sv\u00e9d\u0151<\/strong><\/h2>\n<h3>Kifejezetten vad\u00e1szok \u00e9s mesterl\u00f6v\u00e9szek sz\u00e1m\u00e1ra kifejlesztve<\/h3>\n<h3>\u2022 Fokozatos zajszintf\u00fcgg\u0151 funkci\u00f3, amely megakad\u00e1lyozza a hirtelen hangmegszakad\u00e1st<\/h3>\n<h3>\u2022 Cser\u00e9lhet\u0151 f\u00fclp\u00e1rn\u00e1k, k\u00fcl\u00f6nb\u00f6z\u0151 sz\u00ednben<\/h3>\n<h3>\u2022 Automatikus kikapcsol\u00e1s funkci\u00f3val<\/h3>\n<h3>\u2022 \u00d6sszecsukhat\u00f3, k\u00f6nnyen t\u00e1rolhat\u00f3<\/h3>\n<h3>\u2022 3 gombos kivitel (ki\/be, hanger\u0151)<\/h3>\n<h3>\u2022 Kb. 600 \u00f3ra m\u0171k\u00f6d\u00e9si id\u0151<\/h3>\n<h3>\u2022 \u00e1tlagos zajcsillap\u00edt\u00e1si \u00e9rt\u00e9ke (SNR) 26 dB<\/h3>\n<h3>\u00a0 A harc\u00e1szati \u00e9s sportol\u00e1si c\u00e9l\u00fa headsettek a k\u00f6vetkez\u0151 tulajdons\u00e1gokkal rendelkeznek:<\/h3>\n<h3>&#8211; Mindk\u00e9t f\u00fclp\u00e1rna 1-1 be\u00e9p\u00edtett mikrofonnal rendelkezik<\/h3>\n<h3>&#8211; A bels\u0151 elektronika analiz\u00e1lja \u00e9s feldolgozza a mikrofonon kereszt\u00fcl kapott hangot m\u00e9g miel\u0151tt azt reproduk\u00e1ln\u00e1<\/h3>\n<h3>&#8211; A bels\u0151 hangsz\u00f3r\u00f3k \u00e1ltal keltett hang maximum 82dB(A) hanger\u0151ss\u00e9g\u0171<\/h3>\n<h3>&#8211; Csendes k\u00f6rnyezetben a k\u00fcls\u0151 zajokat 15dB(A) hanger\u0151ss\u00e9ggel feler\u0151s\u00edti.<\/h3>\n<h3>&#8211; A hirtelen nagy er\u0151ss\u00e9g\u0171 hangot (pl.: l\u00f6v\u00e9s) lev\u00e1gja.<\/h3>\n<h3>&#8211; 2 db AAA elemmel vagy akkumul\u00e1torral \u00fczemeltethet\u0151.<\/h3>\n<h3>Az \u00e1rak t\u00e1j\u00e9kozta\u00f3 jelleg\u0171ek, az \u00e1rv\u00e1ltoz\u00e1s jog\u00e1t fenntartjuk!<\/h3>\n","protected":false},"excerpt":{"rendered":"<p>3M Peltor SportTac elektronikus zajszintf.hall\u00e1sv\u00e9d\u0151 Kifejezetten vad\u00e1szok \u00e9s mesterl\u00f6v\u00e9szek sz\u00e1m\u00e1ra kifejlesztve \u2022 Fokozatos zajszintf\u00fcgg\u0151 funkci\u00f3, amely megakad\u00e1lyozza a hirtelen hangmegszakad\u00e1st \u2022 Cser\u00e9lhet\u0151 f\u00fclp\u00e1rn\u00e1k, k\u00fcl\u00f6nb\u00f6z\u0151 sz\u00ednben \u2022 Automatikus kikapcsol\u00e1s funkci\u00f3val \u2022 \u00d6sszecsukhat\u00f3, k\u00f6nnyen t\u00e1rolhat\u00f3 \u2022 3 gombos kivitel (ki\/be, hanger\u0151) \u2022 Kb. 600 \u00f3ra m\u0171k\u00f6d\u00e9si id\u0151 \u2022 \u00e1tlagos zajcsillap\u00edt\u00e1si \u00e9rt\u00e9ke (SNR) 26 dB \u00a0 A harc\u00e1szati [&hellip;]<\/p>\n","protected":false},"featured_media":3084,"comment_status":"open","ping_status":"closed","template":"","meta":{"_et_pb_use_builder":"","_et_pb_old_content":"","_et_gb_content_width":"","om_disable_all_campaigns":false},"product_brand":[],"product_cat":[21,644],"product_tag":[802,646,62,70],"class_list":{"0":"post-3083","1":"product","2":"type-product","3":"status-publish","4":"has-post-thumbnail","6":"product_cat-uj","7":"product_cat-hallasvedo","8":"product_tag-3m-peltor-sporttac-elektronikus-zajszintf-hallasvedo","9":"product_tag-hallasvedo","10":"product_tag-sportloveszet","11":"product_tag-vadaszat","13":"first","14":"instock","15":"taxable","16":"shipping-taxable","17":"product-type-simple"},"_links":{"self":[{"href":"https:\/\/www.vadaszboltcsorna.hu\/index.php\/wp-json\/wp\/v2\/product\/3083","targetHints":{"allow":["GET"]}}],"collection":[{"href":"https:\/\/www.vadaszboltcsorna.hu\/index.php\/wp-json\/wp\/v2\/product"}],"about":[{"href":"https:\/\/www.vadaszboltcsorna.hu\/index.php\/wp-json\/wp\/v2\/types\/product"}],"replies":[{"embeddable":true,"href":"https:\/\/www.vadaszboltcsorna.hu\/index.php\/wp-json\/wp\/v2\/comments?post=3083"}],"wp:featuredmedia":[{"embeddable":true,"href":"https:\/\/www.vadaszboltcsorna.hu\/index.php\/wp-json\/wp\/v2\/media\/3084"}],"wp:attachment":[{"href":"https:\/\/www.vadaszboltcsorna.hu\/index.php\/wp-json\/wp\/v2\/media?parent=3083"}],"wp:term":[{"taxonomy":"product_brand","embeddable":true,"href":"https:\/\/www.vadaszboltcsorna.hu\/index.php\/wp-json\/wp\/v2\/product_brand?post=3083"},{"taxonomy":"product_cat","embeddable":true,"href":"https:\/\/www.vadaszboltcsorna.hu\/index.php\/wp-json\/wp\/v2\/product_cat?post=3083"},{"taxonomy":"product_tag","embeddable":true,"href":"https:\/\/www.vadaszboltcsorna.hu\/index.php\/wp-json\/wp\/v2\/product_tag?post=3083"}],"curies":[{"name":"wp","href":"https:\/\/api.w.org\/{rel}","templated":true}]}}