{"id":3075,"date":"2022-05-27T07:48:55","date_gmt":"2022-05-27T07:48:55","guid":{"rendered":"https:\/\/www.vadaszboltcsorna.hu\/?post_type=product&#038;p=3075"},"modified":"2023-07-21T08:38:17","modified_gmt":"2023-07-21T08:38:17","slug":"peltor-sport-tactical-300-hallasvedo","status":"publish","type":"product","link":"https:\/\/www.vadaszboltcsorna.hu\/index.php\/termek\/peltor-sport-tactical-300-hallasvedo\/","title":{"rendered":"Peltor Sport Tactical 300 hall\u00e1sv\u00e9d\u0151"},"content":{"rendered":"<h2><strong>Peltor Sport Tactical 300 hall\u00e1sv\u00e9d\u0151<\/strong><\/h2>\n<h3>Optimaliz\u00e1lt v\u00e9delem, tiszta kommunik\u00e1ci\u00f3, egyszer\u0171 kezelhet\u0151s\u00e9g \u00e9s v\u00e9kony kialak\u00edt\u00e1s. Enn\u00e9l az akt\u00edv hall\u00e1sv\u00e9d\u0151n\u00e9l SMART technol\u00f3gi\u00e1kat alkalmaztak, hogy tomp\u00edts\u00e1k a k\u00e1ros puskad\u00f6rej zajokat \u00e9s feler\u0151s\u00edts\u00e9k a halk hangokat. Ezen k\u00edv\u00fcl k\u00f6nnyen kezelhet\u0151, k\u00f6nny\u0171 \u00e9s el\u00e9g k\u00e9nyelmes az eg\u00e9sz napos haszn\u00e1lathoz.<\/h3>\n<h3>A dinamikus tomp\u00edt\u00e1si id\u0151 (Dynamic Suppression Time) alkalmazkodik a l\u0151fegyverhez \u00e9s a k\u00f6rnyezethez az optim\u00e1lis l\u00f6v\u00e9szeti \u00e9lm\u00e9ny\u00e9rt.<\/h3>\n<h3>A tiszta hang keres\u0151 (Clear Voice Tracking) keresi a zajon bel\u00fcli hangokat a m\u00e9g jobb besz\u00e9d \u00e9rthet\u0151s\u00e9g\u00e9rt.<\/h3>\n<ul>\n<li>\n<h3>24 db zajszint cs\u00f6kkent\u00e9si oszt\u00e1ly (NRR &#8211; Noise Reduction Rating)<\/h3>\n<\/li>\n<li>\n<h3>Az \u00e1ll\u00edthat\u00f3 \u00e9s szell\u0151z\u0151 fejp\u00e1nt n\u00f6veli a k\u00e9nyelmet, sapkavisel\u00e9sn\u00e9l.<\/h3>\n<\/li>\n<li>\n<h3>A tart\u00f3s, s\u00fcllyesztett mikrofonokat a sz\u00e9l \u00e9s ventill\u00e1torok zaj\u00e1nak cs\u00f6kkent\u00e9s\u00e9re tervezt\u00e9k<\/h3>\n<\/li>\n<li>\n<h3>Automatikus kikapcsol\u00e1s<\/h3>\n<\/li>\n<li>\n<h3>Eg\u00e9sz napos k\u00e9nyelem &#8211; puha, k\u00e9nyelmes p\u00e1rn\u00e1k<\/h3>\n<\/li>\n<li>\n<h3>Egyszer\u0171 be\u00e1ll\u00edt\u00e1s \u00e9s haszn\u00e1lat &#8211; az intuit\u00edv gomboknak k\u00f6sz\u00f6nhet\u0151en lev\u00e9tel n\u00e9lk\u00fcl haszn\u00e1lhatjuk a hall\u00e1sv\u00e9d\u0151t<\/h3>\n<\/li>\n<li>\n<h3>V\u00e9kony f\u00fcltokok &#8211; kiv\u00e1g\u00e1sokkal a hossz\u00fa pusk\u00e1k haszn\u00e1lat\u00e1hoz<\/h3>\n<\/li>\n<li>\n<h3>3,5 mm jack csatlakoz\u00e1s &#8211; kompatibilis a legt\u00f6bb mobil k\u00e9sz\u00fcl\u00e9kkel \u00e9s 2 utas r\u00e1di\u00f3val<\/h3>\n<\/li>\n<li>\n<h3>2xAA elemmel m\u0171k\u00f6dik (nem tartalmazza a csomag)<\/h3>\n<\/li>\n<\/ul>\n<h3>Az \u00e1rak t\u00e1j\u00e9koztat\u00f3 jelleg\u0171ek,az \u00e1rv\u00e1ltoz\u00e1s jog\u00e1t fenntartjuk!<\/h3>\n<p>&nbsp;<\/p>\n","protected":false},"excerpt":{"rendered":"<p>Peltor Sport Tactical 300 hall\u00e1sv\u00e9d\u0151 Optimaliz\u00e1lt v\u00e9delem, tiszta kommunik\u00e1ci\u00f3, egyszer\u0171 kezelhet\u0151s\u00e9g \u00e9s v\u00e9kony kialak\u00edt\u00e1s. Enn\u00e9l az akt\u00edv hall\u00e1sv\u00e9d\u0151n\u00e9l SMART technol\u00f3gi\u00e1kat alkalmaztak, hogy tomp\u00edts\u00e1k a k\u00e1ros puskad\u00f6rej zajokat \u00e9s feler\u0151s\u00edts\u00e9k a halk hangokat. Ezen k\u00edv\u00fcl k\u00f6nnyen kezelhet\u0151, k\u00f6nny\u0171 \u00e9s el\u00e9g k\u00e9nyelmes az eg\u00e9sz napos haszn\u00e1lathoz. A dinamikus tomp\u00edt\u00e1si id\u0151 (Dynamic Suppression Time) alkalmazkodik a l\u0151fegyverhez \u00e9s [&hellip;]<\/p>\n","protected":false},"featured_media":3076,"comment_status":"open","ping_status":"closed","template":"","meta":{"_et_pb_use_builder":"","_et_pb_old_content":"","_et_gb_content_width":"","om_disable_all_campaigns":false},"product_brand":[],"product_cat":[21,644],"product_tag":[646,800,62,70],"class_list":{"0":"post-3075","1":"product","2":"type-product","3":"status-publish","4":"has-post-thumbnail","6":"product_cat-uj","7":"product_cat-hallasvedo","8":"product_tag-hallasvedo","9":"product_tag-peltor-sport-tactical-300-hallasvedo","10":"product_tag-sportloveszet","11":"product_tag-vadaszat","13":"first","14":"instock","15":"taxable","16":"shipping-taxable","17":"product-type-simple"},"_links":{"self":[{"href":"https:\/\/www.vadaszboltcsorna.hu\/index.php\/wp-json\/wp\/v2\/product\/3075","targetHints":{"allow":["GET"]}}],"collection":[{"href":"https:\/\/www.vadaszboltcsorna.hu\/index.php\/wp-json\/wp\/v2\/product"}],"about":[{"href":"https:\/\/www.vadaszboltcsorna.hu\/index.php\/wp-json\/wp\/v2\/types\/product"}],"replies":[{"embeddable":true,"href":"https:\/\/www.vadaszboltcsorna.hu\/index.php\/wp-json\/wp\/v2\/comments?post=3075"}],"wp:featuredmedia":[{"embeddable":true,"href":"https:\/\/www.vadaszboltcsorna.hu\/index.php\/wp-json\/wp\/v2\/media\/3076"}],"wp:attachment":[{"href":"https:\/\/www.vadaszboltcsorna.hu\/index.php\/wp-json\/wp\/v2\/media?parent=3075"}],"wp:term":[{"taxonomy":"product_brand","embeddable":true,"href":"https:\/\/www.vadaszboltcsorna.hu\/index.php\/wp-json\/wp\/v2\/product_brand?post=3075"},{"taxonomy":"product_cat","embeddable":true,"href":"https:\/\/www.vadaszboltcsorna.hu\/index.php\/wp-json\/wp\/v2\/product_cat?post=3075"},{"taxonomy":"product_tag","embeddable":true,"href":"https:\/\/www.vadaszboltcsorna.hu\/index.php\/wp-json\/wp\/v2\/product_tag?post=3075"}],"curies":[{"name":"wp","href":"https:\/\/api.w.org\/{rel}","templated":true}]}}