{"id":3069,"date":"2022-05-27T07:31:12","date_gmt":"2022-05-27T07:31:12","guid":{"rendered":"https:\/\/www.vadaszboltcsorna.hu\/?post_type=product&#038;p=3069"},"modified":"2026-04-29T13:21:25","modified_gmt":"2026-04-29T13:21:25","slug":"3m-peltor-kid-gyermek-hallasvedo","status":"publish","type":"product","link":"https:\/\/www.vadaszboltcsorna.hu\/index.php\/termek\/3m-peltor-kid-gyermek-hallasvedo\/","title":{"rendered":"3M Peltor KID gyermek hall\u00e1sv\u00e9d\u0151"},"content":{"rendered":"<h2><strong>3M Peltor KID gyermek hall\u00e1sv\u00e9d\u0151<\/strong><\/h2>\n<h3>(neon z\u00f6ld)<\/h3>\n<div id=\"productDescription\" class=\"description biggerText\">\n<h3><strong>Le\u00edr\u00e1s: <\/strong><\/h3>\n<h3>\u2022 Hall\u00e1sv\u00e9d\u0151 gyermekek sz\u00e1m\u00e1ra 7 \u00e9ves korig<\/h3>\n<h3>\u2022 Norm\u00e1k: EN 352-1<\/h3>\n<h3>\u2022 SNR \u00e9rt\u00e9k: 27 dB<\/h3>\n<h3>\u2022 Sz\u00edn: Neon-z\u00f6ld<\/h3>\n<h3>\u2022 S\u00faly: 180 g<\/h3>\n<h3>A Peltor KID hall\u00e1sv\u00e9d\u0151k csillap\u00edtj\u00e1k a nagy zajszintet an\u00e9lk\u00fcl, hogy a visel\u0151j\u00fcket elhat\u00e1roln\u00e1k a k\u00f6rnyezet\u00fckt\u0151l. K\u00e9nyelmes viselet \u00e9s sz\u00e9les, habanyaggal t\u00f6lt\u00f6tt t\u00f6m\u00edt\u0151gy\u0171r\u0171k gondoskodnak a k\u00edm\u00e9letes felhelyez\u00e9sr\u0151l. S\u00falya csak 140 g. CE tanus\u00edtv\u00e1nnyal. Gyermekek sz\u00e1m\u00e1ra 7 \u00e9ves korig.<\/h3>\n<h3>Az \u00e1rak t\u00e1j\u00e9koztat\u00f3 jelleg\u0171ek,az \u00e1rv\u00e1ltoz\u00e1s jog\u00e1t fenntartjuk.<\/h3>\n<\/div>\n","protected":false},"excerpt":{"rendered":"<p>3M Peltor KID gyermek hall\u00e1sv\u00e9d\u0151 (neon z\u00f6ld) Le\u00edr\u00e1s: \u2022 Hall\u00e1sv\u00e9d\u0151 gyermekek sz\u00e1m\u00e1ra 7 \u00e9ves korig \u2022 Norm\u00e1k: EN 352-1 \u2022 SNR \u00e9rt\u00e9k: 27 dB \u2022 Sz\u00edn: Neon-z\u00f6ld \u2022 S\u00faly: 180 g A Peltor KID hall\u00e1sv\u00e9d\u0151k csillap\u00edtj\u00e1k a nagy zajszintet an\u00e9lk\u00fcl, hogy a visel\u0151j\u00fcket elhat\u00e1roln\u00e1k a k\u00f6rnyezet\u00fckt\u0151l. K\u00e9nyelmes viselet \u00e9s sz\u00e9les, habanyaggal t\u00f6lt\u00f6tt t\u00f6m\u00edt\u0151gy\u0171r\u0171k gondoskodnak a [&hellip;]<\/p>\n","protected":false},"featured_media":3070,"comment_status":"open","ping_status":"closed","template":"","meta":{"_et_pb_use_builder":"","_et_pb_old_content":"","_et_gb_content_width":"","om_disable_all_campaigns":false},"product_brand":[],"product_cat":[21,644],"product_tag":[799,646],"class_list":{"0":"post-3069","1":"product","2":"type-product","3":"status-publish","4":"has-post-thumbnail","6":"product_cat-uj","7":"product_cat-hallasvedo","8":"product_tag-3m-peltor-kid-gyermek-hallasvedo","9":"product_tag-hallasvedo","11":"first","12":"instock","13":"taxable","14":"shipping-taxable","15":"purchasable","16":"product-type-simple"},"_links":{"self":[{"href":"https:\/\/www.vadaszboltcsorna.hu\/index.php\/wp-json\/wp\/v2\/product\/3069","targetHints":{"allow":["GET"]}}],"collection":[{"href":"https:\/\/www.vadaszboltcsorna.hu\/index.php\/wp-json\/wp\/v2\/product"}],"about":[{"href":"https:\/\/www.vadaszboltcsorna.hu\/index.php\/wp-json\/wp\/v2\/types\/product"}],"replies":[{"embeddable":true,"href":"https:\/\/www.vadaszboltcsorna.hu\/index.php\/wp-json\/wp\/v2\/comments?post=3069"}],"wp:featuredmedia":[{"embeddable":true,"href":"https:\/\/www.vadaszboltcsorna.hu\/index.php\/wp-json\/wp\/v2\/media\/3070"}],"wp:attachment":[{"href":"https:\/\/www.vadaszboltcsorna.hu\/index.php\/wp-json\/wp\/v2\/media?parent=3069"}],"wp:term":[{"taxonomy":"product_brand","embeddable":true,"href":"https:\/\/www.vadaszboltcsorna.hu\/index.php\/wp-json\/wp\/v2\/product_brand?post=3069"},{"taxonomy":"product_cat","embeddable":true,"href":"https:\/\/www.vadaszboltcsorna.hu\/index.php\/wp-json\/wp\/v2\/product_cat?post=3069"},{"taxonomy":"product_tag","embeddable":true,"href":"https:\/\/www.vadaszboltcsorna.hu\/index.php\/wp-json\/wp\/v2\/product_tag?post=3069"}],"curies":[{"name":"wp","href":"https:\/\/api.w.org\/{rel}","templated":true}]}}