{"id":3048,"date":"2022-05-23T08:52:19","date_gmt":"2022-05-23T08:52:19","guid":{"rendered":"https:\/\/www.vadaszboltcsorna.hu\/?post_type=product&#038;p=3048"},"modified":"2023-03-04T10:25:02","modified_gmt":"2023-03-04T10:25:02","slug":"grisport-turabakancs-14511-s14g","status":"publish","type":"product","link":"https:\/\/www.vadaszboltcsorna.hu\/index.php\/termek\/grisport-turabakancs-14511-s14g\/","title":{"rendered":"Grisport t\u00farabakancs 14511 S14G"},"content":{"rendered":"<h2><strong>Grisport t\u00farabakancs 14511 S14G<\/strong><\/h2>\n<h3>Ez a cip\u0151 az eredeti Gritex\u00ae m\u00e9rs\u00e9kelten viz\u00e1ll\u00f3 v\u00e9d\u0151b\u00e9l\u00e9ssel van ell\u00e1tva. Az anyag szerkezete ellen\u00e1ll a v\u00edznek, es\u0151nek, a h\u00f3nak \u00e9s a hidegnek. Garant\u00e1lja a meleg l\u00e1bakat a leghidegebb \u00e9s es\u0151sebb napokon is.<br \/>\nA l\u00e1b k\u00e9nyelm\u00e9t szolg\u00e1l\u00f3 Gritex\u00ae b\u00e9l\u00e9s kiz\u00e1r\u00f3lag a Grisportn\u00e1l.<\/h3>\n<h3 id=\"page_artdet_product_param_title_1647460\" class=\"page_artdet_param_title\">M\u00e1rka:Grisport<\/h3>\n<h3 class=\"page_artdet_data_title\">Membr\u00e1n:Gritex<\/h3>\n<h3 class=\"page_artdet_data_title\">Fels\u0151r\u00e9sz:Vel\u00farb\u0151r<\/h3>\n<h3 class=\"page_artdet_data_title\">Talp:P<\/h3>\n<h3 class=\"page_artdet_data_title\">Cikksz\u00e1m:Grisport_horgasz-turabakancs_14511_S14G<\/h3>\n<h3 class=\"page_artdet_data_title\">St\u00e1tusz : <span class=\"text_color_fault\"><strong>\u00daJ<\/strong><\/span><\/h3>\n<div id=\"page_artdet_status\" class=\"page_artdet_dataline\">\n<h3 class=\"page_artdet_data_value\"><\/h3>\n<h3><strong>A rendszeres tisztit\u00e1s \u00e9s \u00e1pol\u00e1s a rendeltet\u00e9s szerinti haszn\u00e1lat r\u00e9sz\u00e9t k\u00e9pezi!<\/strong><\/h3>\n<h3>A l\u00e1bbeli \u00e9lettartam\u00e1t, a min\u0151s\u00e9g\u00e9n k\u00edv\u00fcl nagym\u00e9rt\u00e9kben befoly\u00e1solja a visel\u00e9s ut\u00e1ni rendszeres tiszt\u00edt\u00e1s, \u00e1pol\u00e1s.<\/h3>\n<h3>Fontos! A szakszer\u0171, gondos \u00e1pol\u00e1s hi\u00e1nya az eszt\u00e9tikai k\u00e1rosod\u00e1s mellett a l\u00e1bbeli fels\u0151r\u00e9sz \u00e9s egy\u00e9b anyagainak term\u00e9szetes \u00f6reged\u00e9s\u00e9t is meggyors\u00edtja, a l\u00e1bbeli id\u0151 el\u0151tti elhaszn\u00e1l\u00f3d\u00e1s\u00e1hoz vezet!<br \/>\nTerm\u00e9keink d\u00f6nt\u0151 t\u00f6bbs\u00e9ge term\u00e9szetes b\u0151rb\u0151l k\u00e9sz\u00fcl.<\/h3>\n<h3>A b\u0151r term\u00e9szetes tulajdons\u00e1g\u00e1b\u00f3l, rostszerkezet\u00e9b\u0151l ad\u00f3d\u00f3an egy id\u0151 ut\u00e1n be\u00e1zhat. A k\u00fcl\u00f6nb\u00f6z\u0151 t\u00edpus\u00fa membr\u00e1ntechnol\u00f3gi\u00e1val k\u00e9sz\u00fclt \u00fan. \u201eTEX\u201d-es, Gritex, Sympatex,Spotex stb. l\u00e1bbelikkel az \u00e9vszaknak megfelel\u0151 technikai zokni k\u00f6zrem\u0171k\u00f6d\u00e9s\u00e9vel sz\u00e1raz l\u00e1bbal \u00e9rhet\u00fcnk c\u00e9lba es\u0151s, havas id\u0151ben.<\/h3>\n<h3>A technol\u00f3gia egy v\u00edz\u00e1ll\u00f3 \u00e9s egyben l\u00e9g\u00e1tereszt\u0151 anyag-lamin\u00e1tumon alapul. Ha ki akarjuk akn\u00e1zni a b\u00e9l\u00e9sben rejl\u0151 lehet\u0151s\u00e9geket, mindenk\u00e9ppen ford\u00edtson gondot a k\u00fcls\u0151 h\u00e9j id\u0151nk\u00e9nti \u00e1pol\u00e1s\u00e1ra. A cip\u0151 k\u00fcls\u0151 r\u00e9sz\u00e9nek \u00e1pol\u00e1sa-impregn\u00e1l\u00e1sa azonban itt is n\u00e9lk\u00fcl\u00f6zhetetlen a j\u00f3 tulajdons\u00e1gok \u00e9vekig tart\u00f3 meg\u0151rz\u00e9s\u00e9hez.<\/h3>\n<h3>M\u00e9retek.: 41, 43, 44, 45<\/h3>\n<h3>A k\u00edv\u00e1nt m\u00e9retet k\u00e9rj\u00fck t\u00fcntesse fel a megjegyz\u00e9s rovatban!<\/h3>\n<\/div>\n","protected":false},"excerpt":{"rendered":"<p>Grisport t\u00farabakancs 14511 S14G Ez a cip\u0151 az eredeti Gritex\u00ae m\u00e9rs\u00e9kelten viz\u00e1ll\u00f3 v\u00e9d\u0151b\u00e9l\u00e9ssel van ell\u00e1tva. Az anyag szerkezete ellen\u00e1ll a v\u00edznek, es\u0151nek, a h\u00f3nak \u00e9s a hidegnek. Garant\u00e1lja a meleg l\u00e1bakat a leghidegebb \u00e9s es\u0151sebb napokon is. A l\u00e1b k\u00e9nyelm\u00e9t szolg\u00e1l\u00f3 Gritex\u00ae b\u00e9l\u00e9s kiz\u00e1r\u00f3lag a Grisportn\u00e1l. M\u00e1rka:Grisport Membr\u00e1n:Gritex Fels\u0151r\u00e9sz:Vel\u00farb\u0151r Talp:P Cikksz\u00e1m:Grisport_horgasz-turabakancs_14511_S14G St\u00e1tusz : \u00daJ A [&hellip;]<\/p>\n","protected":false},"featured_media":3050,"comment_status":"open","ping_status":"closed","template":"","meta":{"_et_pb_use_builder":"","_et_pb_old_content":"","_et_gb_content_width":"","om_disable_all_campaigns":false},"product_brand":[],"product_cat":[21,163,160],"product_tag":[536,798,540,70],"class_list":{"0":"post-3048","1":"product","2":"type-product","3":"status-publish","4":"has-post-thumbnail","6":"product_cat-uj","7":"product_cat-bakancs","8":"product_cat-labbelik","9":"product_tag-bakancs","10":"product_tag-grisport-turabakancs-14511-s14g","11":"product_tag-szabadido","12":"product_tag-vadaszat","14":"first","15":"instock","16":"sale","17":"taxable","18":"shipping-taxable","19":"purchasable","20":"product-type-variable"},"_links":{"self":[{"href":"https:\/\/www.vadaszboltcsorna.hu\/index.php\/wp-json\/wp\/v2\/product\/3048","targetHints":{"allow":["GET"]}}],"collection":[{"href":"https:\/\/www.vadaszboltcsorna.hu\/index.php\/wp-json\/wp\/v2\/product"}],"about":[{"href":"https:\/\/www.vadaszboltcsorna.hu\/index.php\/wp-json\/wp\/v2\/types\/product"}],"replies":[{"embeddable":true,"href":"https:\/\/www.vadaszboltcsorna.hu\/index.php\/wp-json\/wp\/v2\/comments?post=3048"}],"wp:featuredmedia":[{"embeddable":true,"href":"https:\/\/www.vadaszboltcsorna.hu\/index.php\/wp-json\/wp\/v2\/media\/3050"}],"wp:attachment":[{"href":"https:\/\/www.vadaszboltcsorna.hu\/index.php\/wp-json\/wp\/v2\/media?parent=3048"}],"wp:term":[{"taxonomy":"product_brand","embeddable":true,"href":"https:\/\/www.vadaszboltcsorna.hu\/index.php\/wp-json\/wp\/v2\/product_brand?post=3048"},{"taxonomy":"product_cat","embeddable":true,"href":"https:\/\/www.vadaszboltcsorna.hu\/index.php\/wp-json\/wp\/v2\/product_cat?post=3048"},{"taxonomy":"product_tag","embeddable":true,"href":"https:\/\/www.vadaszboltcsorna.hu\/index.php\/wp-json\/wp\/v2\/product_tag?post=3048"}],"curies":[{"name":"wp","href":"https:\/\/api.w.org\/{rel}","templated":true}]}}