{"id":2935,"date":"2022-05-19T10:21:28","date_gmt":"2022-05-19T10:21:28","guid":{"rendered":"https:\/\/www.vadaszboltcsorna.hu\/?post_type=product&#038;p=2935"},"modified":"2025-04-10T08:45:48","modified_gmt":"2025-04-10T08:45:48","slug":"akah-lobot","status":"publish","type":"product","link":"https:\/\/www.vadaszboltcsorna.hu\/index.php\/termek\/akah-lobot\/","title":{"rendered":"Akah l\u0151bot"},"content":{"rendered":"<h2><strong>Akah l\u0151bot<\/strong><\/h2>\n<h4>Cikksz\u00e1m: 68176000<\/h4>\n<h2 class=\"\" data-start=\"170\" data-end=\"219\"><strong data-start=\"173\" data-end=\"219\">Quick-Lock alum\u00ednium c\u00e9lt\u00e1blatart\u00f3 \u00e1llv\u00e1ny<\/strong><\/h2>\n<p class=\"\" data-start=\"221\" data-end=\"496\">A <strong data-start=\"223\" data-end=\"251\">Quick-Lock c\u00e9lt\u00e1blatart\u00f3<\/strong> egy strapab\u00edr\u00f3, pr\u00e9mium min\u0151s\u00e9g\u0171 eszk\u00f6z, amely stabil \u00e9s sokoldal\u00fa megold\u00e1st k\u00edn\u00e1l l\u00f6v\u00e9szeti edz\u00e9sekhez, versenyekhez vagy gyakorl\u00e1shoz. Alum\u00edniumb\u00f3l k\u00e9sz\u00fclt, \u00edgy <strong data-start=\"415\" data-end=\"449\">k\u00f6nny\u0171, m\u00e9gis rendk\u00edv\u00fcl tart\u00f3s<\/strong> \u2013 ide\u00e1lis mind hobbi-, mind profi haszn\u00e1latra.<\/p>\n<h3 class=\"\" data-start=\"498\" data-end=\"519\">\u2705 F\u0151bb jellemz\u0151k:<\/h3>\n<ul data-start=\"521\" data-end=\"1005\">\n<li class=\"\" data-start=\"521\" data-end=\"605\">\n<p class=\"\" data-start=\"523\" data-end=\"605\"><strong data-start=\"523\" data-end=\"558\">3-szorosra b\u0151v\u00edthet\u0151 kialak\u00edt\u00e1s<\/strong> \u2013 t\u00f6bbf\u00e9le felv\u00e9teli poz\u00edci\u00f3hoz alkalmazhat\u00f3<\/p>\n<\/li>\n<li class=\"\" data-start=\"606\" data-end=\"671\">\n<p class=\"\" data-start=\"608\" data-end=\"671\"><strong data-start=\"608\" data-end=\"628\">Stabil szerkezet<\/strong> \u2013 kiv\u00e1l\u00f3an ellen\u00e1ll a k\u00fcls\u0151 behat\u00e1soknak<\/p>\n<\/li>\n<li class=\"\" data-start=\"672\" data-end=\"748\">\n<p class=\"\" data-start=\"674\" data-end=\"748\"><strong data-start=\"674\" data-end=\"710\">Gyorsr\u00f6gz\u00edt\u0151s (Quick-Lock) l\u00e1bak<\/strong> \u2013 egyszer\u0171 \u00e9s gyors magass\u00e1g\u00e1ll\u00edt\u00e1s<\/p>\n<\/li>\n<li class=\"\" data-start=\"749\" data-end=\"813\">\n<p class=\"\" data-start=\"751\" data-end=\"813\"><strong data-start=\"751\" data-end=\"784\">3 ir\u00e1nyban \u00e1ll\u00edthat\u00f3 magass\u00e1g<\/strong>: <strong data-start=\"786\" data-end=\"804\">95 cm \u2013 175 cm<\/strong> k\u00f6z\u00f6tt<\/p>\n<\/li>\n<li class=\"\" data-start=\"814\" data-end=\"889\">\n<p class=\"\" data-start=\"816\" data-end=\"889\"><strong data-start=\"816\" data-end=\"850\">P\u00e1rn\u00e1zott habszivacs foganty\u00fak<\/strong> \u2013 halkabb sz\u00e1ll\u00edt\u00e1s \u00e9s \u00f6sszeszerel\u00e9s<\/p>\n<\/li>\n<li class=\"\" data-start=\"890\" data-end=\"957\">\n<p class=\"\" data-start=\"892\" data-end=\"957\"><strong data-start=\"892\" data-end=\"923\">Hornyolt rudak alum\u00edniumb\u00f3l<\/strong> \u2013 extra stabilit\u00e1s \u00e9s tart\u00f3ss\u00e1g<\/p>\n<\/li>\n<li class=\"\" data-start=\"958\" data-end=\"1005\">\n<p class=\"\" data-start=\"960\" data-end=\"1005\"><strong data-start=\"960\" data-end=\"972\">Tartoz\u00e9k<\/strong>: praktikus nylon sz\u00e1ll\u00edt\u00f3t\u00e1ska<\/p>\n<\/li>\n<\/ul>\n<hr class=\"\" data-start=\"1007\" data-end=\"1010\" \/>\n<h3 class=\"\" data-start=\"1012\" data-end=\"1039\">\ud83d\udce6 <strong data-start=\"1019\" data-end=\"1039\">M\u00e9retek \u00e9s s\u00faly:<\/strong><\/h3>\n<ul data-start=\"1041\" data-end=\"1168\">\n<li class=\"\" data-start=\"1041\" data-end=\"1087\">\n<p class=\"\" data-start=\"1043\" data-end=\"1087\"><strong data-start=\"1043\" data-end=\"1063\">Sz\u00e1ll\u00edt\u00e1si m\u00e9ret<\/strong>: 111,5 \u00d7 27,5 \u00d7 19 cm<\/p>\n<\/li>\n<li class=\"\" data-start=\"1088\" data-end=\"1110\">\n<p class=\"\" data-start=\"1090\" data-end=\"1110\"><strong data-start=\"1090\" data-end=\"1098\">S\u00faly<\/strong>: kb. 1 kg<\/p>\n<\/li>\n<li class=\"\" data-start=\"1111\" data-end=\"1168\">\n<p class=\"\" data-start=\"1113\" data-end=\"1168\"><strong data-start=\"1113\" data-end=\"1140\">R\u00fad hossza (Stockl\u00e4nge)<\/strong>: min. 109 cm, max. 180 cm<\/p>\n<\/li>\n<\/ul>\n<hr class=\"\" data-start=\"1170\" data-end=\"1173\" \/>\n<h3 class=\"\" data-start=\"1175\" data-end=\"1201\">\ud83c\udfaf <strong data-start=\"1182\" data-end=\"1201\">Kinek aj\u00e1nljuk?<\/strong><\/h3>\n<p class=\"\" data-start=\"1203\" data-end=\"1242\">Ez a c\u00e9lt\u00e1blatart\u00f3 t\u00f6k\u00e9letes v\u00e1laszt\u00e1s:<\/p>\n<ul data-start=\"1244\" data-end=\"1359\">\n<li class=\"\" data-start=\"1244\" data-end=\"1264\">\n<p class=\"\" data-start=\"1246\" data-end=\"1264\">sportl\u00f6v\u00e9szeknek<\/p>\n<\/li>\n<li class=\"\" data-start=\"1265\" data-end=\"1294\">\n<p class=\"\" data-start=\"1267\" data-end=\"1294\">c\u00e9ll\u00f6v\u00e9szet gyakorl\u00e1s\u00e1hoz<\/p>\n<\/li>\n<li class=\"\" data-start=\"1295\" data-end=\"1325\">\n<p class=\"\" data-start=\"1297\" data-end=\"1325\">vad\u00e1szoknak<\/p>\n<\/li>\n<li class=\"\" data-start=\"1326\" data-end=\"1359\">\n<p class=\"\" data-start=\"1328\" data-end=\"1359\">edz\u0151knek vagy l\u00f6v\u00e9szkluboknak<\/p>\n<\/li>\n<\/ul>\n<h3 class=\"tw-data-text tw-text-large tw-ta\" dir=\"ltr\" data-placeholder=\"Ford\u00edt\u00e1s\"><\/h3>\n<h4 class=\"tw-data-text tw-text-large tw-ta\" dir=\"ltr\" style=\"text-align: center;\" data-placeholder=\"Ford\u00edt\u00e1s\"><span class=\"Y2IQFc\" lang=\"hu\"><em><strong>Az \u00e1rak t\u00e1j\u00e9koztat\u00f3 jelleg\u0171ek, az \u00e1rv\u00e1ltoz\u00e1s jog\u00e1t fenntartjuk!<\/strong><\/em><br \/>\n<\/span><\/h4>\n","protected":false},"excerpt":{"rendered":"<p>Akah l\u0151bot Cikksz\u00e1m: 68176000 Quick-Lock alum\u00ednium c\u00e9lt\u00e1blatart\u00f3 \u00e1llv\u00e1ny A Quick-Lock c\u00e9lt\u00e1blatart\u00f3 egy strapab\u00edr\u00f3, pr\u00e9mium min\u0151s\u00e9g\u0171 eszk\u00f6z, amely stabil \u00e9s sokoldal\u00fa megold\u00e1st k\u00edn\u00e1l l\u00f6v\u00e9szeti edz\u00e9sekhez, versenyekhez vagy gyakorl\u00e1shoz. Alum\u00edniumb\u00f3l k\u00e9sz\u00fclt, \u00edgy k\u00f6nny\u0171, m\u00e9gis rendk\u00edv\u00fcl tart\u00f3s \u2013 ide\u00e1lis mind hobbi-, mind profi haszn\u00e1latra. \u2705 F\u0151bb jellemz\u0151k: 3-szorosra b\u0151v\u00edthet\u0151 kialak\u00edt\u00e1s \u2013 t\u00f6bbf\u00e9le felv\u00e9teli poz\u00edci\u00f3hoz alkalmazhat\u00f3 Stabil szerkezet \u2013 [&hellip;]<\/p>\n","protected":false},"featured_media":7394,"comment_status":"open","ping_status":"closed","template":"","meta":{"_et_pb_use_builder":"","_et_pb_old_content":"","_et_gb_content_width":"","om_disable_all_campaigns":false},"product_brand":[],"product_cat":[21,479],"product_tag":[796,497,481,70],"class_list":{"0":"post-2935","1":"product","2":"type-product","3":"status-publish","4":"has-post-thumbnail","6":"product_cat-uj","7":"product_cat-lobot","8":"product_tag-akah-lobot","9":"product_tag-hunting","10":"product_tag-lobot","11":"product_tag-vadaszat","13":"first","14":"instock","15":"sale","16":"taxable","17":"shipping-taxable","18":"purchasable","19":"product-type-simple"},"_links":{"self":[{"href":"https:\/\/www.vadaszboltcsorna.hu\/index.php\/wp-json\/wp\/v2\/product\/2935","targetHints":{"allow":["GET"]}}],"collection":[{"href":"https:\/\/www.vadaszboltcsorna.hu\/index.php\/wp-json\/wp\/v2\/product"}],"about":[{"href":"https:\/\/www.vadaszboltcsorna.hu\/index.php\/wp-json\/wp\/v2\/types\/product"}],"replies":[{"embeddable":true,"href":"https:\/\/www.vadaszboltcsorna.hu\/index.php\/wp-json\/wp\/v2\/comments?post=2935"}],"wp:featuredmedia":[{"embeddable":true,"href":"https:\/\/www.vadaszboltcsorna.hu\/index.php\/wp-json\/wp\/v2\/media\/7394"}],"wp:attachment":[{"href":"https:\/\/www.vadaszboltcsorna.hu\/index.php\/wp-json\/wp\/v2\/media?parent=2935"}],"wp:term":[{"taxonomy":"product_brand","embeddable":true,"href":"https:\/\/www.vadaszboltcsorna.hu\/index.php\/wp-json\/wp\/v2\/product_brand?post=2935"},{"taxonomy":"product_cat","embeddable":true,"href":"https:\/\/www.vadaszboltcsorna.hu\/index.php\/wp-json\/wp\/v2\/product_cat?post=2935"},{"taxonomy":"product_tag","embeddable":true,"href":"https:\/\/www.vadaszboltcsorna.hu\/index.php\/wp-json\/wp\/v2\/product_tag?post=2935"}],"curies":[{"name":"wp","href":"https:\/\/api.w.org\/{rel}","templated":true}]}}