{"id":2925,"date":"2022-05-11T10:49:02","date_gmt":"2022-05-11T10:49:02","guid":{"rendered":"https:\/\/www.vadaszboltcsorna.hu\/?post_type=product&#038;p=2925"},"modified":"2022-05-11T10:58:37","modified_gmt":"2022-05-11T10:58:37","slug":"szunyoghalo-delphin-shield-c2g","status":"publish","type":"product","link":"https:\/\/www.vadaszboltcsorna.hu\/index.php\/termek\/szunyoghalo-delphin-shield-c2g\/","title":{"rendered":"Sz\u00fanyogh\u00e1l\u00f3 Delphin SHIELD C2G"},"content":{"rendered":"<h2><strong>Sz\u00fanyogh\u00e1l\u00f3 Delphin SHIELD C2G<\/strong><\/h2>\n<h3>A Delphin SHIELD egy praktikus univerz\u00e1lis eszk\u00f6z minden horg\u00e1sz, vad\u00e1sz vagy szabadid\u0151-kedvel\u0151 sz\u00e1m\u00e1ra, akik gyakran mozognak olyan ter\u00fcleteken, ahol magas a sz\u00fanyogok el\u0151fordul\u00e1sa. Az extra finom h\u00e1l\u00f3nak k\u00f6sz\u00f6nhet\u0151en, amelyb\u0151l a sz\u00fanyogh\u00e1l\u00f3 k\u00e9sz\u00fcl, m\u00e9g a legkisebb sz\u00fanyog vagy m\u00e1s rovar sem tud \u00e1thatolni rajta. A term\u00e9szetben val\u00f3 tart\u00f3zkod\u00e1sa alatt alaposan meg lesz v\u00e9dve a nem k\u00edv\u00e1nt cs\u00edp\u00e9sekt\u0151l, amelyek nagyon kellemetlenn\u00e9 tehetik a kellemes pillanatokat.<\/h3>\n<h3>M\u00e9rete: 100 x 50 cm<\/h3>\n<h3>Az \u00e1rak t\u00e1j\u00e9koztat\u00f3 jelleg\u0171ek, az \u00e1rv\u00e1ltoz\u00e1s jog\u00e1t fenntartjuk!<\/h3>\n<h3><\/h3>\n","protected":false},"excerpt":{"rendered":"<p>Sz\u00fanyogh\u00e1l\u00f3 Delphin SHIELD C2G A Delphin SHIELD egy praktikus univerz\u00e1lis eszk\u00f6z minden horg\u00e1sz, vad\u00e1sz vagy szabadid\u0151-kedvel\u0151 sz\u00e1m\u00e1ra, akik gyakran mozognak olyan ter\u00fcleteken, ahol magas a sz\u00fanyogok el\u0151fordul\u00e1sa. Az extra finom h\u00e1l\u00f3nak k\u00f6sz\u00f6nhet\u0151en, amelyb\u0151l a sz\u00fanyogh\u00e1l\u00f3 k\u00e9sz\u00fcl, m\u00e9g a legkisebb sz\u00fanyog vagy m\u00e1s rovar sem tud \u00e1thatolni rajta. A term\u00e9szetben val\u00f3 tart\u00f3zkod\u00e1sa alatt alaposan meg lesz [&hellip;]<\/p>\n","protected":false},"featured_media":2928,"comment_status":"open","ping_status":"closed","template":"","meta":{"_et_pb_use_builder":"","_et_pb_old_content":"","_et_gb_content_width":"","om_disable_all_campaigns":false},"product_brand":[],"product_cat":[21,423],"product_tag":[540,794,70],"class_list":{"0":"post-2925","1":"product","2":"type-product","3":"status-publish","4":"has-post-thumbnail","6":"product_cat-uj","7":"product_cat-szunyogriaszto","8":"product_tag-szabadido","9":"product_tag-szunyoghalo-delphin-shield-c2g","10":"product_tag-vadaszat","12":"first","13":"instock","14":"sale","15":"taxable","16":"shipping-taxable","17":"purchasable","18":"product-type-simple"},"_links":{"self":[{"href":"https:\/\/www.vadaszboltcsorna.hu\/index.php\/wp-json\/wp\/v2\/product\/2925","targetHints":{"allow":["GET"]}}],"collection":[{"href":"https:\/\/www.vadaszboltcsorna.hu\/index.php\/wp-json\/wp\/v2\/product"}],"about":[{"href":"https:\/\/www.vadaszboltcsorna.hu\/index.php\/wp-json\/wp\/v2\/types\/product"}],"replies":[{"embeddable":true,"href":"https:\/\/www.vadaszboltcsorna.hu\/index.php\/wp-json\/wp\/v2\/comments?post=2925"}],"wp:featuredmedia":[{"embeddable":true,"href":"https:\/\/www.vadaszboltcsorna.hu\/index.php\/wp-json\/wp\/v2\/media\/2928"}],"wp:attachment":[{"href":"https:\/\/www.vadaszboltcsorna.hu\/index.php\/wp-json\/wp\/v2\/media?parent=2925"}],"wp:term":[{"taxonomy":"product_brand","embeddable":true,"href":"https:\/\/www.vadaszboltcsorna.hu\/index.php\/wp-json\/wp\/v2\/product_brand?post=2925"},{"taxonomy":"product_cat","embeddable":true,"href":"https:\/\/www.vadaszboltcsorna.hu\/index.php\/wp-json\/wp\/v2\/product_cat?post=2925"},{"taxonomy":"product_tag","embeddable":true,"href":"https:\/\/www.vadaszboltcsorna.hu\/index.php\/wp-json\/wp\/v2\/product_tag?post=2925"}],"curies":[{"name":"wp","href":"https:\/\/api.w.org\/{rel}","templated":true}]}}