{"id":2884,"date":"2022-05-04T11:57:50","date_gmt":"2022-05-04T11:57:50","guid":{"rendered":"https:\/\/www.vadaszboltcsorna.hu\/?post_type=product&#038;p=2884"},"modified":"2023-01-30T10:08:49","modified_gmt":"2023-01-30T10:08:49","slug":"dorr-futterstreuer-x12m-kompakt-2","status":"publish","type":"product","link":"https:\/\/www.vadaszboltcsorna.hu\/index.php\/termek\/dorr-futterstreuer-x12m-kompakt-2\/","title":{"rendered":"D\u00f6rr Futterstreuer X12M Kompakt"},"content":{"rendered":"<h2><strong>D\u00f6rr Futterstreuer X12M Kompakt<\/strong><\/h2>\n<h3 class=\"description biggerText\">Az automatikus takarm\u00e1nysz\u00f3r\u00f3k hasznosak az adagol\u00e1skezel\u00e9sben. Ez azt jelenti, hogy a takarm\u00e1nyt, p\u00e9ld\u00e1ul a kukoric\u00e1t, megb\u00edzhat\u00f3an \u00e9s meghat\u00e1rozott id\u0151pontokban lehet elosztani. Ide\u00e1lis a vadk\u00e1rok elker\u00fcl\u00e9s\u00e9re . A digit\u00e1lis id\u0151z\u00edt\u0151 naponta legfeljebb 16 adagol\u00e1sra programozhat\u00f3. K\u00e9rj\u00fck, vegye figyelembe a hat\u00e1lyos vad\u00e1szati \u200b\u200bt\u00f6rv\u00e9nyt!<\/h3>\n<h3>Digit\u00e1lis id\u0151z\u00edt\u0151 napi 16 adagol\u00e1si programoz\u00e1shoz<br \/>\nKb. 0,5 liter kukoric\u00e1t \u00e9s hasonl\u00f3kat ter\u00edt. (teljes ki\u0151rl\u00e9s\u0171 gabona) m\u00e1sodpercenk\u00e9nt<br \/>\nKiter\u00edt\u00e9si sz\u00e9less\u00e9g kb. 6 m\u00e9ter, az \u00e9teldarabok m\u00e9ret\u00e9t\u0151l \u00e9s s\u00faly\u00e1t\u00f3l, valamint a pozicion\u00e1l\u00e1si magass\u00e1gt\u00f3l f\u00fcgg\u0151en.<br \/>\nM\u0171k\u00f6d\u00e9s 6V 4.5Ah \u00fajrat\u00f6lthet\u0151 \u00f3lomakkumul\u00e1torral (opcion\u00e1lis, l\u00e1sd al\u00e1bb)<br \/>\nAlternat\u00edv megold\u00e1sk\u00e9nt napelemen kereszt\u00fcl \u00fczemeltethet\u0151 \u00fajrat\u00f6lthet\u0151 akkumul\u00e1torral (nem tartoz\u00e9k)<\/h3>\n<h3>A legelterjedtebb takarm\u00e1nykont\u00e9nerekre t\u00f6rt\u00e9n\u0151 felszerel\u00e9shez (boltokban opcion\u00e1lis); bele\u00e9rtve 4 csavarany\u00e1t al\u00e1t\u00e9tekkel a r\u00f6gz\u00edt\u00e9shez.<\/h3>\n<h3>S\u00faly akkumul\u00e1tor n\u00e9lk\u00fcl: kb. 710 g;<br \/>\nS\u00faly 6 V-os akkumul\u00e1torral egy\u00fctt: kb. 1490 g<br \/>\nM\u00e9retek: kb. 210 x 155 x 180 m<\/h3>\n<p>&nbsp;<\/p>\n<h3>Az \u00e1rak t\u00e1j\u00e9koztat\u00f3 jelleg\u0171ek,az \u00e1rv\u00e1ltoz\u00e1s jog\u00e1t fenntartjuk!<\/h3>\n<h3 class=\"wrapper bot-border\"><\/h3>\n<p>&nbsp;<\/p>\n","protected":false},"excerpt":{"rendered":"<p>D\u00f6rr Futterstreuer X12M Kompakt Az automatikus takarm\u00e1nysz\u00f3r\u00f3k hasznosak az adagol\u00e1skezel\u00e9sben. Ez azt jelenti, hogy a takarm\u00e1nyt, p\u00e9ld\u00e1ul a kukoric\u00e1t, megb\u00edzhat\u00f3an \u00e9s meghat\u00e1rozott id\u0151pontokban lehet elosztani. Ide\u00e1lis a vadk\u00e1rok elker\u00fcl\u00e9s\u00e9re . A digit\u00e1lis id\u0151z\u00edt\u0151 naponta legfeljebb 16 adagol\u00e1sra programozhat\u00f3. K\u00e9rj\u00fck, vegye figyelembe a hat\u00e1lyos vad\u00e1szati \u200b\u200bt\u00f6rv\u00e9nyt! Digit\u00e1lis id\u0151z\u00edt\u0151 napi 16 adagol\u00e1si programoz\u00e1shoz Kb. 0,5 liter kukoric\u00e1t [&hellip;]<\/p>\n","protected":false},"featured_media":2885,"comment_status":"open","ping_status":"closed","template":"","meta":{"_et_pb_use_builder":"","_et_pb_old_content":"","_et_gb_content_width":"","om_disable_all_campaigns":false},"product_brand":[],"product_cat":[21,131],"product_tag":[133,132,70],"class_list":{"0":"post-2884","1":"product","2":"type-product","3":"status-publish","4":"has-post-thumbnail","6":"product_cat-uj","7":"product_cat-vadeteto","8":"product_tag-automata-vadeteto","9":"product_tag-dorr-futterstreuer-x12m-kompakt","10":"product_tag-vadaszat","12":"first","13":"onbackorder","14":"taxable","15":"shipping-taxable","16":"purchasable","17":"product-type-simple"},"_links":{"self":[{"href":"https:\/\/www.vadaszboltcsorna.hu\/index.php\/wp-json\/wp\/v2\/product\/2884","targetHints":{"allow":["GET"]}}],"collection":[{"href":"https:\/\/www.vadaszboltcsorna.hu\/index.php\/wp-json\/wp\/v2\/product"}],"about":[{"href":"https:\/\/www.vadaszboltcsorna.hu\/index.php\/wp-json\/wp\/v2\/types\/product"}],"replies":[{"embeddable":true,"href":"https:\/\/www.vadaszboltcsorna.hu\/index.php\/wp-json\/wp\/v2\/comments?post=2884"}],"wp:featuredmedia":[{"embeddable":true,"href":"https:\/\/www.vadaszboltcsorna.hu\/index.php\/wp-json\/wp\/v2\/media\/2885"}],"wp:attachment":[{"href":"https:\/\/www.vadaszboltcsorna.hu\/index.php\/wp-json\/wp\/v2\/media?parent=2884"}],"wp:term":[{"taxonomy":"product_brand","embeddable":true,"href":"https:\/\/www.vadaszboltcsorna.hu\/index.php\/wp-json\/wp\/v2\/product_brand?post=2884"},{"taxonomy":"product_cat","embeddable":true,"href":"https:\/\/www.vadaszboltcsorna.hu\/index.php\/wp-json\/wp\/v2\/product_cat?post=2884"},{"taxonomy":"product_tag","embeddable":true,"href":"https:\/\/www.vadaszboltcsorna.hu\/index.php\/wp-json\/wp\/v2\/product_tag?post=2884"}],"curies":[{"name":"wp","href":"https:\/\/api.w.org\/{rel}","templated":true}]}}