{"id":2850,"date":"2022-04-27T10:10:33","date_gmt":"2022-04-27T10:10:33","guid":{"rendered":"https:\/\/www.vadaszboltcsorna.hu\/?post_type=product&#038;p=2850"},"modified":"2025-05-27T11:28:43","modified_gmt":"2025-05-27T11:28:43","slug":"browning-bl-22-long-r-golyos-fegyver","status":"publish","type":"product","link":"https:\/\/www.vadaszboltcsorna.hu\/index.php\/termek\/browning-bl-22-long-r-golyos-fegyver\/","title":{"rendered":"Browning BL .22 Long R. goly\u00f3s fegyver"},"content":{"rendered":"<h2><strong>Browning BL .22 Long R. goly\u00f3s fegyver<\/strong><\/h2>\n<h3>\u00daj.<\/h3>\n<h3>Kaliber.: .22 Long<\/h3>\n<h3><span id=\"page1R_mcid86\" class=\"markedContent\"><span dir=\"ltr\" role=\"presentation\">A kis BL\u201322 letagadhatatlanul a<\/span><\/span><span id=\"page1R_mcid87\" class=\"markedContent\"><br role=\"presentation\" \/><span dir=\"ltr\" role=\"presentation\">western romatik\u00e1ra \u00e9p\u00edt, holott a vad<\/span><\/span><span id=\"page1R_mcid88\" class=\"markedContent\"><span dir=\"ltr\" role=\"presentation\">&#8211;<\/span><\/span><span id=\"page1R_mcid89\" class=\"markedContent\"><br role=\"presentation\" \/><span dir=\"ltr\" role=\"presentation\">nyugat f\u00e9nykora ut\u00e1n majdnem 100 \u00e9vvel<\/span><\/span><span id=\"page1R_mcid90\" class=\"markedContent\"><br role=\"presentation\" \/><span dir=\"ltr\" role=\"presentation\">sz\u00fcletett, \u00e9s persze sok ezer m\u00e9rf\u00f6ldre<\/span><\/span><span id=\"page1R_mcid91\" class=\"markedContent\"><br role=\"presentation\" \/><span dir=\"ltr\" role=\"presentation\">onnan. <\/span><\/span><\/h3>\n<h3><span id=\"page17R_mcid122\" class=\"markedContent\"><span dir=\"ltr\" role=\"presentation\">A fegyver k\u00fcls\u0151 kakasos, csak single<\/span><\/span><span id=\"page17R_mcid123\" class=\"markedContent\"><br role=\"presentation\" \/><span dir=\"ltr\" role=\"presentation\">action els\u00fct\u0151szerkezet\u0171. A kakasnak<\/span><\/span><span id=\"page17R_mcid124\" class=\"markedContent\"><br role=\"presentation\" \/><span dir=\"ltr\" role=\"presentation\">biztons\u00e1gi \u00e1ll\u00e1sa is van, \u00edgy ak\u00e1r cs\u0151re<\/span><\/span><span id=\"page17R_mcid125\" class=\"markedContent\"><br role=\"presentation\" \/><span dir=\"ltr\" role=\"presentation\">t\u00f6ltve is hordhat\u00f3.<\/span><\/span><span id=\"page17R_mcid126\" class=\"markedContent\"><br role=\"presentation\" \/><span dir=\"ltr\" role=\"presentation\">Ami megk\u00fcl\u00f6nb\u00f6zteti sz\u00e1mos vet\u00e9ly<\/span><\/span><span id=\"page17R_mcid127\" class=\"markedContent\"><span dir=\"ltr\" role=\"presentation\">&#8211;<\/span><\/span><span id=\"page17R_mcid128\" class=\"markedContent\"><br role=\"presentation\" \/><span dir=\"ltr\" role=\"presentation\">t\u00e1rs\u00e1t\u00f3l, az a nagyon kicsi, 33 fokos<\/span><\/span><span id=\"page17R_mcid129\" class=\"markedContent\"><br role=\"presentation\" \/><span dir=\"ltr\" role=\"presentation\">sz\u00f6gben lenyithat\u00f3 als\u00f3 kar. <\/span><\/span><\/h3>\n<h3><span id=\"page17R_mcid136\" class=\"markedContent\"><span dir=\"ltr\" role=\"presentation\">Ami ugyancsak pozit\u00edv von\u00e1s<\/span><\/span><span id=\"page17R_mcid137\" class=\"markedContent\"><br role=\"presentation\" \/><span dir=\"ltr\" role=\"presentation\">\u2013 b\u00e1r ez m\u00e1s gy\u00e1rt\u00f3k nagyobb kaliber\u0171<\/span><\/span><span id=\"page17R_mcid138\" class=\"markedContent\"><br role=\"presentation\" \/><span dir=\"ltr\" role=\"presentation\">\u201elever action\u201d fegyverein\u00e9l sem ritka \u2013,<\/span><\/span><span id=\"page17R_mcid139\" class=\"markedContent\"><br role=\"presentation\" \/><span dir=\"ltr\" role=\"presentation\">hogy az els\u00fct\u0151billenty\u0171 egy\u00fctt mozog<\/span><\/span><span id=\"page17R_mcid140\" class=\"markedContent\"><br role=\"presentation\" \/><span dir=\"ltr\" role=\"presentation\">a s\u00e1torvas\u2013kengyelkulcs egys\u00e9ggel, \u00edgy,<\/span><\/span><span id=\"page17R_mcid141\" class=\"markedContent\"><br role=\"presentation\" \/><span dir=\"ltr\" role=\"presentation\">ha valaki bent felejten\u00e9 az ujj\u00e1t, sem<\/span><\/span><span id=\"page17R_mcid142\" class=\"markedContent\"><br role=\"presentation\" \/><span dir=\"ltr\" role=\"presentation\">tudja az els\u00fct\u0151billenty\u0171vel \u00e1tsz\u00farni azt.<\/span><\/span><span id=\"page17R_mcid143\" class=\"markedContent\"><br role=\"presentation\" \/><span dir=\"ltr\" role=\"presentation\">Egyben ez a megold\u00e1s mindaddig g\u00e1tolja<\/span><\/span><span id=\"page17R_mcid144\" class=\"markedContent\"><br role=\"presentation\" \/><span dir=\"ltr\" role=\"presentation\">az els\u00fct\u00e9st, am\u00edg a s\u00e1torvas (\u00e9s vele a<\/span><\/span><span id=\"page17R_mcid145\" class=\"markedContent\"><br role=\"presentation\" \/><span dir=\"ltr\" role=\"presentation\">z\u00e1r) nincs teljesen csukott \u00e1llapotban.<\/span><\/span><span id=\"page17R_mcid146\" class=\"markedContent\"><br role=\"presentation\" \/><span dir=\"ltr\" role=\"presentation\">Maga a tok egy\u00e9bk\u00e9nt fel\u00fcl z\u00e1rt, jobb<\/span><\/span><span id=\"page17R_mcid147\" class=\"markedContent\"><br role=\"presentation\" \/><span dir=\"ltr\" role=\"presentation\">oldalon van egy kis m\u00e9ret\u0171 h\u00fcvelykivet\u0151<\/span><\/span><span id=\"page17R_mcid148\" class=\"markedContent\"><br role=\"presentation\" \/><span dir=\"ltr\" role=\"presentation\">ny\u00edl\u00e1s, a z\u00e1r egyenesen mozog el\u0151re-h\u00e1tra.<\/span><\/span><span id=\"page17R_mcid150\" class=\"markedContent\"><br role=\"presentation\" \/><span dir=\"ltr\" role=\"presentation\">K\u00f6nny\u0171 t\u00e1vcs\u00f6vet szerelni a tok tetej\u00e9<\/span><\/span><span id=\"page17R_mcid151\" class=\"markedContent\"><span dir=\"ltr\" role=\"presentation\">&#8211;<\/span><\/span><span id=\"page17R_mcid152\" class=\"markedContent\"><br role=\"presentation\" \/><span dir=\"ltr\" role=\"presentation\">re, van is ott egy erre a c\u00e9lra szolg\u00e1l\u00f3<\/span><\/span><span id=\"page17R_mcid153\" class=\"markedContent\"><br role=\"presentation\" \/><span dir=\"ltr\" role=\"presentation\">t\u00e1vcs\u0151prizma.<\/span><\/span><span id=\"page17R_mcid154\" class=\"markedContent\"><\/span><span id=\"page35R_mcid192\" class=\"markedContent\"><span dir=\"ltr\" role=\"presentation\">A Browning BL\u201322 pusk\u00e1ba a peremgy\u00fajt\u00e1s\u00fa .22<\/span><\/span><span id=\"page35R_mcid193\" class=\"markedContent\"><br role=\"presentation\" \/><span dir=\"ltr\" role=\"presentation\">Short, Long, Long Rifle l\u0151szereket<\/span><\/span><span id=\"page35R_mcid194\" class=\"markedContent\"><br role=\"presentation\" \/><span dir=\"ltr\" role=\"presentation\">lehet bet\u00e1razni, az LR-b\u0151l 15 db f\u00e9r<\/span><\/span><span id=\"page35R_mcid195\" class=\"markedContent\"><br role=\"presentation\" \/><span dir=\"ltr\" role=\"presentation\">bele, a t\u00f6bbib\u0151l t\u00f6bb.<\/span><\/span><\/h3>\n<h3><span id=\"page35R_mcid246\" class=\"markedContent\"><span dir=\"ltr\" role=\"presentation\">A fa\u00e1gyaz\u00e1s anyaga <span id=\"page35R_mcid247\" class=\"markedContent\">alapkivitelben amerikai di\u00f3<\/span>. <\/span><\/span><span id=\"page35R_mcid247\" class=\"markedContent\"><span id=\"page35R_mcid251\" class=\"markedContent\"><span dir=\"ltr\" role=\"presentation\">Ezen t\u00fal<\/span><\/span><span id=\"page35R_mcid253\" class=\"markedContent\"><span dir=\"ltr\" role=\"presentation\">men\u0151en a tok oldal\u00e1n g\u00e9pi grav\u00edroz\u00e1s<\/span>t is l\u00e1thatunk.<br role=\"presentation\" \/><\/span><br role=\"presentation\" \/><\/span><span id=\"page64R_mcid422\" class=\"markedContent\"><span dir=\"ltr\" role=\"presentation\">A Browning BL\u201322\u00a0 kiv\u00e1l\u00f3<\/span><\/span><span id=\"page64R_mcid423\" class=\"markedContent\"> <span dir=\"ltr\" role=\"presentation\">min\u0151s\u00e9gben elk\u00e9sz\u00edtett, jap\u00e1n preci<\/span>zit\u00e1s\u00fa fegyver.<span id=\"page64R_mcid425\" class=\"markedContent\"><br role=\"presentation\" \/><\/span><\/span><span id=\"page64R_mcid425\" class=\"markedContent\"><span dir=\"ltr\" role=\"presentation\"><br \/>\n<\/span><\/span><\/h3>\n<h3>A le\u00edr\u00e1sban szerepl\u0151 adatok t\u00e1j\u00e9koztat\u00f3 jelleg\u0171ek, t\u00edpusonk\u00e9nt v\u00e1ltozhat!<br \/>\nKaliberekr\u0151l aktu\u00e1lis \u00e1rakr\u00f3l \u00e9s egy\u00e9b inform\u00e1ci\u00f3kr\u00f3l k\u00e9rj\u00fck \u00e9rdekl\u0151dj\u00f6n!<\/h3>\n<h3>A fegyvert\u00f6rv\u00e9ny \u00e9rtelm\u00e9ben, fegyvert, l\u0151szert kiz\u00e1r\u00f3lag szem\u00e9lyesen,az \u00fczletben fegyvertart\u00e1si enged\u00e9ly birtok\u00e1ban lehet v\u00e1s\u00e1rolni!<br \/>\nA webshopban megrendelt fegyverek \u00e9s l\u0151szerek NEM ker\u00fclnek kisz\u00e1ll\u00edt\u00e1sra!\u00a0 Tov\u00e1bbi inform\u00e1ci\u00f3\u00e9rt l\u00e1togasson el boltunkba!<\/h3>\n<h3>Az \u00e1rak t\u00e1j\u00e9koztat\u00f3 jelleg\u0171ek nem min\u0151s\u00fcl hivatalos aj\u00e1nlat t\u00e9telnek!<br \/>\nAz \u00e1rv\u00e1ltoz\u00e1s jog\u00e1t fenntartjuk!<\/h3>\n","protected":false},"excerpt":{"rendered":"<p>Browning BL .22 Long R. goly\u00f3s fegyver \u00daj. Kaliber.: .22 Long A kis BL\u201322 letagadhatatlanul awestern romatik\u00e1ra \u00e9p\u00edt, holott a vad&#8211;nyugat f\u00e9nykora ut\u00e1n majdnem 100 \u00e9vvelsz\u00fcletett, \u00e9s persze sok ezer m\u00e9rf\u00f6ldreonnan. A fegyver k\u00fcls\u0151 kakasos, csak singleaction els\u00fct\u0151szerkezet\u0171. A kakasnakbiztons\u00e1gi \u00e1ll\u00e1sa is van, \u00edgy ak\u00e1r cs\u0151ret\u00f6ltve is hordhat\u00f3.Ami megk\u00fcl\u00f6nb\u00f6zteti sz\u00e1mos vet\u00e9ly&#8211;t\u00e1rs\u00e1t\u00f3l, az a nagyon kicsi, [&hellip;]<\/p>\n","protected":false},"featured_media":2852,"comment_status":"open","ping_status":"closed","template":"","meta":{"_et_pb_use_builder":"","_et_pb_old_content":"","_et_gb_content_width":"","om_disable_all_campaigns":false},"product_brand":[],"product_cat":[21,16,17,1826],"product_tag":[787,497,62,540,70],"class_list":{"0":"post-2850","1":"product","2":"type-product","3":"status-publish","4":"has-post-thumbnail","6":"product_cat-uj","7":"product_cat-fegyver","8":"product_cat-golyos-fegyver","9":"product_cat-uj-golyos-fegyver","10":"product_tag-browning-bl-22-long-r-golyos-fegyver","11":"product_tag-hunting","12":"product_tag-sportloveszet","13":"product_tag-szabadido","14":"product_tag-vadaszat","16":"first","17":"instock","18":"taxable","19":"shipping-taxable","20":"product-type-simple"},"_links":{"self":[{"href":"https:\/\/www.vadaszboltcsorna.hu\/index.php\/wp-json\/wp\/v2\/product\/2850","targetHints":{"allow":["GET"]}}],"collection":[{"href":"https:\/\/www.vadaszboltcsorna.hu\/index.php\/wp-json\/wp\/v2\/product"}],"about":[{"href":"https:\/\/www.vadaszboltcsorna.hu\/index.php\/wp-json\/wp\/v2\/types\/product"}],"replies":[{"embeddable":true,"href":"https:\/\/www.vadaszboltcsorna.hu\/index.php\/wp-json\/wp\/v2\/comments?post=2850"}],"wp:featuredmedia":[{"embeddable":true,"href":"https:\/\/www.vadaszboltcsorna.hu\/index.php\/wp-json\/wp\/v2\/media\/2852"}],"wp:attachment":[{"href":"https:\/\/www.vadaszboltcsorna.hu\/index.php\/wp-json\/wp\/v2\/media?parent=2850"}],"wp:term":[{"taxonomy":"product_brand","embeddable":true,"href":"https:\/\/www.vadaszboltcsorna.hu\/index.php\/wp-json\/wp\/v2\/product_brand?post=2850"},{"taxonomy":"product_cat","embeddable":true,"href":"https:\/\/www.vadaszboltcsorna.hu\/index.php\/wp-json\/wp\/v2\/product_cat?post=2850"},{"taxonomy":"product_tag","embeddable":true,"href":"https:\/\/www.vadaszboltcsorna.hu\/index.php\/wp-json\/wp\/v2\/product_tag?post=2850"}],"curies":[{"name":"wp","href":"https:\/\/api.w.org\/{rel}","templated":true}]}}