{"id":2790,"date":"2022-04-20T10:51:18","date_gmt":"2022-04-20T10:51:18","guid":{"rendered":"https:\/\/www.vadaszboltcsorna.hu\/?post_type=product&#038;p=2790"},"modified":"2024-01-17T10:22:25","modified_gmt":"2024-01-17T10:22:25","slug":"rizzini-br-110-soretes-fegyver","status":"publish","type":"product","link":"https:\/\/www.vadaszboltcsorna.hu\/index.php\/termek\/rizzini-br-110-soretes-fegyver\/","title":{"rendered":"Rizzini BR  110 s\u00f6r\u00e9tes fegyver"},"content":{"rendered":"<h2><strong>Rizzini BR 110 s\u00f6r\u00e9tes fegyver<br \/>\n<\/strong><\/h2>\n<h3>Az aktu\u00e1lis \u00e1r\u00e9rt \u00e9rdekl\u0151dj\u00f6n!<\/h3>\n<h3><span lang=\"hu\">Az \u00faj BR110 s\u00f6r\u00e9tes fegyver ugyanazokkal a tulajdons\u00e1gokkal rendelkezik, mint a pr\u00e9mium fegyverek, de megfizethet\u0151 \u00e1ron. A Rizzini 50 \u00e9ves gy\u00e1rt\u00e1si tapasztalat\u00e1t a BR110 egyszer\u0171s\u00e9ge mutatja be. <\/span><\/h3>\n<h3><span lang=\"hu\">A BR 110 a Rizzini kiv\u00e1l\u00f3 \u00e1r-\u00e9rt\u00e9k ar\u00e1ny\u00fa fegyvere, a legjobb teljes\u00edtm\u00e9ny ny\u00fajtva.<\/span><\/h3>\n<h3>Term\u00e9ktulajdons\u00e1gok:<\/h3>\n<ul>\n<li>\n<h3>Kiv\u00e1l\u00f3 \u00e1r-\u00e9rt\u00e9k ar\u00e1ny<\/h3>\n<\/li>\n<li>\n<h3>Kaliber: 20\/76<\/h3>\n<\/li>\n<li>\n<h3>Cs\u0151 hossz: 760 mm vagy 710 mm<\/h3>\n<\/li>\n<li>\n<h3>5 f\u00e9le sz\u0171k\u00edt\u00e9ssel: Cylinder, 1\/4-1\/2-3\/4-teljes<\/h3>\n<\/li>\n<li>\n<h3>Matt fekete fel\u00fclet\u0171 barn\u00edtott z\u00e1rtest<\/h3>\n<\/li>\n<li>\n<h3>Egybillenty\u0171s<\/h3>\n<\/li>\n<li>\n<h3>Ejektoros<\/h3>\n<\/li>\n<li>\n<h3>Di\u00f3fa tus<\/h3>\n<\/li>\n<li>\n<h3>Pisztoly markolat<\/h3>\n<\/li>\n<li>\n<h3>Tulip\u00e1n el\u0151agy<\/h3>\n<\/li>\n<li>\n<h3>Bock<\/h3>\n<\/li>\n<\/ul>\n<h3>A le\u00edr\u00e1sban szerepl\u0151 adatok t\u00e1j\u00e9koztat\u00f3 jelleg\u0171ek, t\u00edpusonk\u00e9nt v\u00e1ltozhat!<br \/>\nKaliberekr\u0151l aktu\u00e1lis \u00e1rakr\u00f3l \u00e9s egy\u00e9b inform\u00e1ci\u00f3kr\u00f3l k\u00e9rj\u00fck \u00e9rdekl\u0151dj\u00f6n!<\/h3>\n<h3>A fegyvert\u00f6rv\u00e9ny \u00e9rtelm\u00e9ben, fegyvert, l\u0151szert kiz\u00e1r\u00f3lag szem\u00e9lyesen,az \u00fczletben fegyvertart\u00e1si enged\u00e9ly birtok\u00e1ban lehet v\u00e1s\u00e1rolni!<br \/>\nA webshopban megrendelt fegyverek \u00e9s l\u0151szerek NEM ker\u00fclnek kisz\u00e1ll\u00edt\u00e1sra!\u00a0 Tov\u00e1bbi inform\u00e1ci\u00f3\u00e9rt l\u00e1togasson el boltunkba!<\/h3>\n<h3>Az \u00e1rak t\u00e1j\u00e9koztat\u00f3 jelleg\u0171ek nem min\u0151s\u00fcl hivatalos aj\u00e1nlat t\u00e9telnek!<br \/>\nAz \u00e1rv\u00e1ltoz\u00e1s jog\u00e1t fenntartjuk!<\/h3>\n","protected":false},"excerpt":{"rendered":"<p>Rizzini BR 110 s\u00f6r\u00e9tes fegyver Az aktu\u00e1lis \u00e1r\u00e9rt \u00e9rdekl\u0151dj\u00f6n! Az \u00faj BR110 s\u00f6r\u00e9tes fegyver ugyanazokkal a tulajdons\u00e1gokkal rendelkezik, mint a pr\u00e9mium fegyverek, de megfizethet\u0151 \u00e1ron. A Rizzini 50 \u00e9ves gy\u00e1rt\u00e1si tapasztalat\u00e1t a BR110 egyszer\u0171s\u00e9ge mutatja be. A BR 110 a Rizzini kiv\u00e1l\u00f3 \u00e1r-\u00e9rt\u00e9k ar\u00e1ny\u00fa fegyvere, a legjobb teljes\u00edtm\u00e9ny ny\u00fajtva. Term\u00e9ktulajdons\u00e1gok: Kiv\u00e1l\u00f3 \u00e1r-\u00e9rt\u00e9k ar\u00e1ny Kaliber: 20\/76 [&hellip;]<\/p>\n","protected":false},"featured_media":2792,"comment_status":"open","ping_status":"closed","template":"","meta":{"_et_pb_use_builder":"","_et_pb_old_content":"","_et_gb_content_width":"","om_disable_all_campaigns":false},"product_brand":[],"product_cat":[21,16,18],"product_tag":[774,775,776,540,70],"class_list":{"0":"post-2790","1":"product","2":"type-product","3":"status-publish","4":"has-post-thumbnail","6":"product_cat-uj","7":"product_cat-fegyver","8":"product_cat-soretes-fegyver","9":"product_tag-rizzini-br-110","10":"product_tag-soretes-fegyver","11":"product_tag-sport","12":"product_tag-szabadido","13":"product_tag-vadaszat","15":"first","16":"instock","17":"taxable","18":"shipping-taxable","19":"purchasable","20":"product-type-simple"},"_links":{"self":[{"href":"https:\/\/www.vadaszboltcsorna.hu\/index.php\/wp-json\/wp\/v2\/product\/2790","targetHints":{"allow":["GET"]}}],"collection":[{"href":"https:\/\/www.vadaszboltcsorna.hu\/index.php\/wp-json\/wp\/v2\/product"}],"about":[{"href":"https:\/\/www.vadaszboltcsorna.hu\/index.php\/wp-json\/wp\/v2\/types\/product"}],"replies":[{"embeddable":true,"href":"https:\/\/www.vadaszboltcsorna.hu\/index.php\/wp-json\/wp\/v2\/comments?post=2790"}],"wp:featuredmedia":[{"embeddable":true,"href":"https:\/\/www.vadaszboltcsorna.hu\/index.php\/wp-json\/wp\/v2\/media\/2792"}],"wp:attachment":[{"href":"https:\/\/www.vadaszboltcsorna.hu\/index.php\/wp-json\/wp\/v2\/media?parent=2790"}],"wp:term":[{"taxonomy":"product_brand","embeddable":true,"href":"https:\/\/www.vadaszboltcsorna.hu\/index.php\/wp-json\/wp\/v2\/product_brand?post=2790"},{"taxonomy":"product_cat","embeddable":true,"href":"https:\/\/www.vadaszboltcsorna.hu\/index.php\/wp-json\/wp\/v2\/product_cat?post=2790"},{"taxonomy":"product_tag","embeddable":true,"href":"https:\/\/www.vadaszboltcsorna.hu\/index.php\/wp-json\/wp\/v2\/product_tag?post=2790"}],"curies":[{"name":"wp","href":"https:\/\/api.w.org\/{rel}","templated":true}]}}