{"id":2766,"date":"2022-04-06T07:21:40","date_gmt":"2022-04-06T07:21:40","guid":{"rendered":"https:\/\/www.vadaszboltcsorna.hu\/?post_type=product&#038;p=2766"},"modified":"2022-12-06T08:36:23","modified_gmt":"2022-12-06T08:36:23","slug":"termosz-2","status":"publish","type":"product","link":"https:\/\/www.vadaszboltcsorna.hu\/index.php\/termek\/termosz-2\/","title":{"rendered":"Termosz"},"content":{"rendered":"<h1 class=\"title page-title\">T\u00f6lt\u00e9ny alak\u00fa termosz 500ml<\/h1>\n<h3>Jack Pyke termosz 500 ml<\/h3>\n<h3>T\u00f6lt\u00e9ny alak\u00fa termosz JACK PYKE<br \/>\nRozsdamentes ac\u00e9l, v\u00e1kumszigetelt falak. \u00d3r\u00e1kig melegen tartja a folyad\u00e9kot. Ki\u00f6nt\u0151gombos termosz.<br \/>\nKlasszikus termosz tulajdons\u00e1gokkal, k\u00fcl\u00f6nleges megjelen\u00e9s.<br \/>\nVad\u00e1szoknak, t\u00far\u00e1z\u00f3knak vagy fegyverkedvel\u0151 gy\u0171jt\u0151knek is egy k\u00fcl\u00f6nleges darab lehet a k\u00e9szlet\u00fckbe.<\/h3>\n<h3>Az \u00e1rak t\u00e1j\u00e9koztat\u00f3 jelleg\u0171ek, az \u00e1rv\u00e1ltoz\u00e1s jog\u00e1t fenntartjuk!<\/h3>\n","protected":false},"excerpt":{"rendered":"<p>T\u00f6lt\u00e9ny alak\u00fa termosz 500ml Jack Pyke termosz 500 ml T\u00f6lt\u00e9ny alak\u00fa termosz JACK PYKE Rozsdamentes ac\u00e9l, v\u00e1kumszigetelt falak. \u00d3r\u00e1kig melegen tartja a folyad\u00e9kot. Ki\u00f6nt\u0151gombos termosz. Klasszikus termosz tulajdons\u00e1gokkal, k\u00fcl\u00f6nleges megjelen\u00e9s. Vad\u00e1szoknak, t\u00far\u00e1z\u00f3knak vagy fegyverkedvel\u0151 gy\u0171jt\u0151knek is egy k\u00fcl\u00f6nleges darab lehet a k\u00e9szlet\u00fckbe. Az \u00e1rak t\u00e1j\u00e9koztat\u00f3 jelleg\u0171ek, az \u00e1rv\u00e1ltoz\u00e1s jog\u00e1t fenntartjuk!<\/p>\n","protected":false},"featured_media":2768,"comment_status":"open","ping_status":"closed","template":"","meta":{"_et_pb_use_builder":"","_et_pb_old_content":"","_et_gb_content_width":"","om_disable_all_campaigns":false},"product_brand":[],"product_cat":[21,768,169],"product_tag":[756,497,770,769,761],"class_list":{"0":"post-2766","1":"product","2":"type-product","3":"status-publish","4":"has-post-thumbnail","6":"product_cat-uj","7":"product_cat-italtartok-termoszok","8":"product_cat-vadasz-ajandek","9":"product_tag-ajandektargy","10":"product_tag-hunting","11":"product_tag-italtarto","12":"product_tag-termosz","13":"product_tag-vadasz-ajandek","15":"first","16":"instock","17":"taxable","18":"shipping-taxable","19":"purchasable","20":"product-type-simple"},"_links":{"self":[{"href":"https:\/\/www.vadaszboltcsorna.hu\/index.php\/wp-json\/wp\/v2\/product\/2766","targetHints":{"allow":["GET"]}}],"collection":[{"href":"https:\/\/www.vadaszboltcsorna.hu\/index.php\/wp-json\/wp\/v2\/product"}],"about":[{"href":"https:\/\/www.vadaszboltcsorna.hu\/index.php\/wp-json\/wp\/v2\/types\/product"}],"replies":[{"embeddable":true,"href":"https:\/\/www.vadaszboltcsorna.hu\/index.php\/wp-json\/wp\/v2\/comments?post=2766"}],"wp:featuredmedia":[{"embeddable":true,"href":"https:\/\/www.vadaszboltcsorna.hu\/index.php\/wp-json\/wp\/v2\/media\/2768"}],"wp:attachment":[{"href":"https:\/\/www.vadaszboltcsorna.hu\/index.php\/wp-json\/wp\/v2\/media?parent=2766"}],"wp:term":[{"taxonomy":"product_brand","embeddable":true,"href":"https:\/\/www.vadaszboltcsorna.hu\/index.php\/wp-json\/wp\/v2\/product_brand?post=2766"},{"taxonomy":"product_cat","embeddable":true,"href":"https:\/\/www.vadaszboltcsorna.hu\/index.php\/wp-json\/wp\/v2\/product_cat?post=2766"},{"taxonomy":"product_tag","embeddable":true,"href":"https:\/\/www.vadaszboltcsorna.hu\/index.php\/wp-json\/wp\/v2\/product_tag?post=2766"}],"curies":[{"name":"wp","href":"https:\/\/api.w.org\/{rel}","templated":true}]}}